{"id":16195,"date":"2020-10-21T13:23:34","date_gmt":"2020-10-21T17:23:34","guid":{"rendered":"https:\/\/www.leaf.ca\/?page_id=16195"},"modified":"2020-12-22T02:59:50","modified_gmt":"2020-12-22T07:59:50","slug":"notre-histoire","status":"publish","type":"page","link":"https:\/\/www.leaf.ca\/fr\/notre-histoire\/","title":{"rendered":"Notre Histoire"},"content":{"rendered":"\n<p>Le FAEJ est un d\u00e9fenseur bien \u00e9tabli d\u00e9vou\u00e9 \u00e0 l&rsquo;\u00e9galit\u00e9 des genres, d\u00e9montrant des r\u00e9sultats tangibles, ann\u00e9e apr\u00e8s ann\u00e9e. Les fonds que nous collectons nous permettent de mener des recherches, d&rsquo;\u00e9duquer et de plaider efficacement aux niveaux des Cours d\u2019appel et de la Cour supr\u00eame.<\/p>\n\n\n\n<p>Depuis 1985, le FAEJ est intervenue dans plus de 100 causes qui ont fait progresser l&rsquo;\u00e9galit\u00e9 au Canada. Nous remercions tous nos avocats pro bono qui nous ont aid\u00e9s dans notre cause, ainsi que les personnes d\u00e9vou\u00e9es qui ont particip\u00e9 \u00e0 nos comit\u00e9s de cas et aid\u00e9 \u00e0 d\u00e9velopper les arguments que nous pr\u00e9sentons. Notre participation \u00e0 ces affaires n&rsquo;a pas seulement fa\u00e7onn\u00e9 la Charte canadienne des droits et libert\u00e9s, elle a \u00e9galement fa\u00e7onn\u00e9 nos conversations nationales.<\/p>\n\n\n\n<p>Le FAEJ se concentre sur les litiges, la r\u00e9forme du droit et l&rsquo;\u00e9ducation du public. En particulier, nous cherchons \u00e0 faire progresser l&rsquo;\u00e9galit\u00e9 des genres en remettant en question les lois, les politiques et les pratiques discriminatoires \u00e0 l&rsquo;\u00e9gard des garanties d&rsquo;\u00e9galit\u00e9 inscrites dans la Charte canadienne des droits et libert\u00e9s, notamment les articles 15 et 28. Nos causes ont r\u00e9sult\u00e9 en des victoires historiques pour la pr\u00e9vention de la violence contre les femmes et des personnes de genres divers, \u00e9liminant la discrimination aux lieux de travail, permettant l&rsquo;acc\u00e8s aux libert\u00e9s reproductives et offrant de meilleures prestations de maternit\u00e9, une meilleure pension alimentaire pour \u00e9pouses et le droit \u00e0 l&rsquo;\u00e9quit\u00e9 salariale. Les droits de la Charte, en g\u00e9n\u00e9ral, et l&rsquo;article 15, en particulier, ont \u00e9t\u00e9 test\u00e9s et renforc\u00e9s gr\u00e2ce au travail de revendication du FAEJ.<\/p>\n\n\n\n<p>Vous trouverez ci-dessous une liste des domaines abord\u00e9s dans le travail du FAEJ. Nous vous invitons \u00e0 visiter notre biblioth\u00e8que de ressources, qui contient des r\u00e9sum\u00e9s des affaires dans lesquelles le FAEJ est intervenue devant les cours d&rsquo;appel provinciales et f\u00e9d\u00e9rales et la Cour supr\u00eame du Canada. Alors que le FAEJ envisage son futur plaidoyer, nous nous efforcerons de centrer les voix de ceux qui sont marginalis\u00e9s et confront\u00e9s \u00e0 des situations de discrimination crois\u00e9.<\/p>\n\n\n\n<p>Si vous avez des questions, veuillez <a href=\"https:\/\/www.leaf.ca\/contact\/\">communiquer avec nous<\/a>.<\/p>\n\n\n\n<h1 class=\"wp-block-heading\"><strong>Notre \u00e9nonc\u00e9 de mission, de vision et de valeurs fondamentales<\/strong><\/h1>\n\n\n\n<h3 class=\"wp-block-heading\"><strong>Notre \u00e9nonc\u00e9 de mission<\/strong><\/h3>\n\n\n\n<p>Le FAEJ est une organisation caritative nationale qui s&rsquo;efforce \u00e0 assurer que la loi garantit l&rsquo;\u00e9galit\u00e9 r\u00e9elle pour toutes les femmes.<\/p>\n\n\n\n<h3 class=\"wp-block-heading\"><strong>Notre vision<\/strong><\/h3>\n\n\n\n<p>La r\u00e9alisation de l&rsquo;\u00e9galit\u00e9 r\u00e9elle pour toutes les femmes au Canada.<\/p>\n\n\n\n<h3 class=\"wp-block-heading\"><strong>Nos valeurs fondamentales<\/strong><\/h3>\n\n\n\n<p>\u2022 inclusivit\u00e9 et transparence<\/p>\n\n\n\n<p>\u2022 confiance<\/p>\n\n\n\n<p>\u2022 int\u00e9grit\u00e9 et comportement \u00e9thique<\/p>\n\n\n\n<p>\u2022 diversit\u00e9<\/p>\n\n\n\n<p>\u2022 respect<\/p>\n\n\n\n<p>\u2022 imputabilit\u00e9<\/p>\n\n\n\n<p><\/p>\n\n\n\n<h1 class=\"wp-block-heading\"><strong>Reconnaissance des territoires<\/strong><\/h1>\n\n\n\n<p>Le bureau du FAEJ est situ\u00e9 \u00e0 Tkar\u00f3n:to, qui est un mot mohawk qui signifie \u00ab l\u2019endroit dans l&rsquo;eau o\u00f9 se trouvent les arbres \u00bb. &nbsp;Cette terre est gouvern\u00e9e par le Pacte de la ceinture wampum faisant r\u00e9f\u00e9rence au concept du \u00ab bol \u00e0 une seule cuill\u00e8re \u00bb, un accord de paix de nation \u00e0 nation entre les Anishinaabes, les Haudenosaunees, les Wendats et d&rsquo;autres nations alli\u00e9es. Nous tous qui partageons ce territoire mangeons dans le bol avec une seule cuill\u00e8re. En cons\u00e9quence, nous partageons la responsabilit\u00e9 de prendre soin de la terre et des cr\u00e9atures avec lesquelles nous la partageons et travaillons pour que le plat ne soit jamais vide. Nous devons \u00e9galement maintenir la paix &#8211; il n&rsquo;y a pas de couteaux \u00e0 cette table<\/p>\n\n\n\n<p>Reconna\u00eetre l\u2019histoire du pays nous oblige \u00e9galement \u00e0 r\u00e9fl\u00e9chir \u00e0 la position de le FAEJ en tant qu\u2019organisation \u0153uvrant pour la justice de genre dans le contexte d\u2019un syst\u00e8me juridique fond\u00e9 sur le colonialisme et la supr\u00e9matie blanche. Ce syst\u00e8me faisait partie des efforts visant \u00e0 effacer et \u00e9liminer les Autochtones et leurs cultures. Les lois et politiques coloniales continuent de soumettre les peuples autochtones, en particulier les femmes, les filles et les personnes 2ELGBTQQIA autochtones, \u00e0 des niveaux disproportionn\u00e9s de violence et de pauvret\u00e9.<\/p>\n\n\n\n<p>Le FAEJ reconna\u00eet \u00e9galement la r\u00e9silience et la force des personnes et des communaut\u00e9s autochtones, qui se sont battues et continuent de lutter contre ces syst\u00e8mes d&rsquo;oppression. Nous devons faire plus pour centrer la voix de ceux qui sont confront\u00e9s \u00e0 la marginalisation, reconna\u00eetre notre complicit\u00e9 dans ce syst\u00e8me et repousser non seulement le patriarcat, mais aussi le colonialisme, la supr\u00e9matie blanche et le racisme. Ce n&rsquo;est qu&rsquo;en agissant ainsi que nous pourrons vraiment \u0153uvrer en faveur de la justice de genre et de la justice pour tous et pour toutes.<\/p>\n\n\n\n<h1 class=\"wp-block-heading\">Plan Strat\u00e9gique 2020-2025 du FAEJ<\/h1>\n\n\n\n<div class=\"wp-block-file\"><a href=\"https:\/\/www.leaf.ca\/wp-content\/uploads\/2020\/12\/FAEJ_Plan_strategique_2020.pdf\">FAEJ_Plan_strategique_2020<\/a><a href=\"https:\/\/www.leaf.ca\/wp-content\/uploads\/2020\/12\/FAEJ_Plan_strategique_2020.pdf\" class=\"wp-block-file__button\" download>Download<\/a><\/div>\n","protected":false},"excerpt":{"rendered":"<p>Le FAEJ est un d\u00e9fenseur bien \u00e9tabli d\u00e9vou\u00e9 \u00e0 l&rsquo;\u00e9galit\u00e9 des genres, d\u00e9montrant des r\u00e9sultats tangibles, ann\u00e9e apr\u00e8s ann\u00e9e. Les fonds que nous collectons nous permettent de mener des recherches, d&rsquo;\u00e9duquer et de plaider efficacement aux niveaux des Cours d\u2019appel et de la Cour supr\u00eame. Depuis 1985, le FAEJ est intervenue dans plus de 100 [&hellip;]<\/p>\n","protected":false},"author":101024,"featured_media":17202,"parent":0,"menu_order":0,"comment_status":"closed","ping_status":"closed","template":"","meta":{"_acf_changed":false,"footnotes":""},"class_list":["post-16195","page","type-page","status-publish","has-post-thumbnail","hentry"],"acf":[],"yoast_head":"<!-- This site is optimized with the Yoast SEO plugin v27.1.1 - https:\/\/yoast.com\/product\/yoast-seo-wordpress\/ -->\n<title>Notre Histoire - LEAF<\/title>\n<meta name=\"robots\" content=\"index, follow, max-snippet:-1, max-image-preview:large, max-video-preview:-1\" \/>\n<link rel=\"canonical\" href=\"https:\/\/www.leaf.ca\/fr\/notre-histoire\/\" \/>\n<meta property=\"og:locale\" content=\"fr_FR\" \/>\n<meta property=\"og:type\" content=\"article\" \/>\n<meta property=\"og:title\" content=\"Notre Histoire - LEAF\" \/>\n<meta property=\"og:description\" content=\"Le FAEJ est un d\u00e9fenseur bien \u00e9tabli d\u00e9vou\u00e9 \u00e0 l&rsquo;\u00e9galit\u00e9 des genres, d\u00e9montrant des r\u00e9sultats tangibles, ann\u00e9e apr\u00e8s ann\u00e9e. Les fonds que nous collectons nous permettent de mener des recherches, d&rsquo;\u00e9duquer et de plaider efficacement aux niveaux des Cours d\u2019appel et de la Cour supr\u00eame. Depuis 1985, le FAEJ est intervenue dans plus de 100 [&hellip;]\" \/>\n<meta property=\"og:url\" content=\"https:\/\/www.leaf.ca\/fr\/notre-histoire\/\" \/>\n<meta property=\"og:site_name\" content=\"LEAF\" \/>\n<meta property=\"article:modified_time\" content=\"2020-12-22T07:59:50+00:00\" \/>\n<meta property=\"og:image\" content=\"https:\/\/www.leaf.ca\/wp-content\/uploads\/2020\/10\/iStock-1170300767-scaled.jpg\" \/>\n\t<meta property=\"og:image:width\" content=\"2560\" \/>\n\t<meta property=\"og:image:height\" content=\"1709\" \/>\n\t<meta property=\"og:image:type\" content=\"image\/jpeg\" \/>\n<meta name=\"twitter:card\" content=\"summary_large_image\" \/>\n<meta name=\"twitter:label1\" content=\"Dur\u00e9e de lecture estim\u00e9e\" \/>\n\t<meta name=\"twitter:data1\" content=\"4 minutes\" \/>\n<script type=\"application\/ld+json\" class=\"yoast-schema-graph\">{\"@context\":\"https:\/\/schema.org\",\"@graph\":[{\"@type\":\"WebPage\",\"@id\":\"https:\/\/www.leaf.ca\/fr\/notre-histoire\/\",\"url\":\"https:\/\/www.leaf.ca\/fr\/notre-histoire\/\",\"name\":\"Notre Histoire - LEAF\",\"isPartOf\":{\"@id\":\"https:\/\/www.leaf.ca\/fr\/#website\"},\"primaryImageOfPage\":{\"@id\":\"https:\/\/www.leaf.ca\/fr\/notre-histoire\/#primaryimage\"},\"image\":{\"@id\":\"https:\/\/www.leaf.ca\/fr\/notre-histoire\/#primaryimage\"},\"thumbnailUrl\":\"https:\/\/www.leaf.ca\/wp-content\/uploads\/2020\/10\/iStock-1170300767-scaled.jpg\",\"datePublished\":\"2020-10-21T17:23:34+00:00\",\"dateModified\":\"2020-12-22T07:59:50+00:00\",\"breadcrumb\":{\"@id\":\"https:\/\/www.leaf.ca\/fr\/notre-histoire\/#breadcrumb\"},\"inLanguage\":\"fr-FR\",\"potentialAction\":[{\"@type\":\"ReadAction\",\"target\":[\"https:\/\/www.leaf.ca\/fr\/notre-histoire\/\"]}]},{\"@type\":\"ImageObject\",\"inLanguage\":\"fr-FR\",\"@id\":\"https:\/\/www.leaf.ca\/fr\/notre-histoire\/#primaryimage\",\"url\":\"https:\/\/www.leaf.ca\/wp-content\/uploads\/2020\/10\/iStock-1170300767-scaled.jpg\",\"contentUrl\":\"https:\/\/www.leaf.ca\/wp-content\/uploads\/2020\/10\/iStock-1170300767-scaled.jpg\",\"width\":2560,\"height\":1709,\"caption\":\"Studio shot of two young women raising their fists in solidarity against a turquoise background\"},{\"@type\":\"BreadcrumbList\",\"@id\":\"https:\/\/www.leaf.ca\/fr\/notre-histoire\/#breadcrumb\",\"itemListElement\":[{\"@type\":\"ListItem\",\"position\":1,\"name\":\"Home\",\"item\":\"https:\/\/www.leaf.ca\/fr\/\"},{\"@type\":\"ListItem\",\"position\":2,\"name\":\"Notre Histoire\"}]},{\"@type\":\"WebSite\",\"@id\":\"https:\/\/www.leaf.ca\/fr\/#website\",\"url\":\"https:\/\/www.leaf.ca\/fr\/\",\"name\":\"LEAF\",\"description\":\"Women&#039;s Legal Education and Action Fund\",\"publisher\":{\"@id\":\"https:\/\/www.leaf.ca\/fr\/#organization\"},\"potentialAction\":[{\"@type\":\"SearchAction\",\"target\":{\"@type\":\"EntryPoint\",\"urlTemplate\":\"https:\/\/www.leaf.ca\/fr\/?s={search_term_string}\"},\"query-input\":{\"@type\":\"PropertyValueSpecification\",\"valueRequired\":true,\"valueName\":\"search_term_string\"}}],\"inLanguage\":\"fr-FR\"},{\"@type\":\"Organization\",\"@id\":\"https:\/\/www.leaf.ca\/fr\/#organization\",\"name\":\"LEAF\",\"url\":\"https:\/\/www.leaf.ca\/fr\/\",\"logo\":{\"@type\":\"ImageObject\",\"inLanguage\":\"fr-FR\",\"@id\":\"https:\/\/www.leaf.ca\/fr\/#\/schema\/logo\/image\/\",\"url\":\"https:\/\/www.leaf.ca\/wp-content\/uploads\/2020\/09\/LEAF_FAEJ_hz_names_colour_rgb.svg\",\"contentUrl\":\"https:\/\/www.leaf.ca\/wp-content\/uploads\/2020\/09\/LEAF_FAEJ_hz_names_colour_rgb.svg\",\"width\":612,\"height\":110,\"caption\":\"LEAF\"},\"image\":{\"@id\":\"https:\/\/www.leaf.ca\/fr\/#\/schema\/logo\/image\/\"}}]}<\/script>\n<!-- \/ Yoast SEO plugin. -->","yoast_head_json":{"title":"Notre Histoire - LEAF","robots":{"index":"index","follow":"follow","max-snippet":"max-snippet:-1","max-image-preview":"max-image-preview:large","max-video-preview":"max-video-preview:-1"},"canonical":"https:\/\/www.leaf.ca\/fr\/notre-histoire\/","og_locale":"fr_FR","og_type":"article","og_title":"Notre Histoire - LEAF","og_description":"Le FAEJ est un d\u00e9fenseur bien \u00e9tabli d\u00e9vou\u00e9 \u00e0 l&rsquo;\u00e9galit\u00e9 des genres, d\u00e9montrant des r\u00e9sultats tangibles, ann\u00e9e apr\u00e8s ann\u00e9e. Les fonds que nous collectons nous permettent de mener des recherches, d&rsquo;\u00e9duquer et de plaider efficacement aux niveaux des Cours d\u2019appel et de la Cour supr\u00eame. Depuis 1985, le FAEJ est intervenue dans plus de 100 [&hellip;]","og_url":"https:\/\/www.leaf.ca\/fr\/notre-histoire\/","og_site_name":"LEAF","article_modified_time":"2020-12-22T07:59:50+00:00","og_image":[{"width":2560,"height":1709,"url":"https:\/\/www.leaf.ca\/wp-content\/uploads\/2020\/10\/iStock-1170300767-scaled.jpg","type":"image\/jpeg"}],"twitter_card":"summary_large_image","twitter_misc":{"Dur\u00e9e de lecture estim\u00e9e":"4 minutes"},"schema":{"@context":"https:\/\/schema.org","@graph":[{"@type":"WebPage","@id":"https:\/\/www.leaf.ca\/fr\/notre-histoire\/","url":"https:\/\/www.leaf.ca\/fr\/notre-histoire\/","name":"Notre Histoire - LEAF","isPartOf":{"@id":"https:\/\/www.leaf.ca\/fr\/#website"},"primaryImageOfPage":{"@id":"https:\/\/www.leaf.ca\/fr\/notre-histoire\/#primaryimage"},"image":{"@id":"https:\/\/www.leaf.ca\/fr\/notre-histoire\/#primaryimage"},"thumbnailUrl":"https:\/\/www.leaf.ca\/wp-content\/uploads\/2020\/10\/iStock-1170300767-scaled.jpg","datePublished":"2020-10-21T17:23:34+00:00","dateModified":"2020-12-22T07:59:50+00:00","breadcrumb":{"@id":"https:\/\/www.leaf.ca\/fr\/notre-histoire\/#breadcrumb"},"inLanguage":"fr-FR","potentialAction":[{"@type":"ReadAction","target":["https:\/\/www.leaf.ca\/fr\/notre-histoire\/"]}]},{"@type":"ImageObject","inLanguage":"fr-FR","@id":"https:\/\/www.leaf.ca\/fr\/notre-histoire\/#primaryimage","url":"https:\/\/www.leaf.ca\/wp-content\/uploads\/2020\/10\/iStock-1170300767-scaled.jpg","contentUrl":"https:\/\/www.leaf.ca\/wp-content\/uploads\/2020\/10\/iStock-1170300767-scaled.jpg","width":2560,"height":1709,"caption":"Studio shot of two young women raising their fists in solidarity against a turquoise background"},{"@type":"BreadcrumbList","@id":"https:\/\/www.leaf.ca\/fr\/notre-histoire\/#breadcrumb","itemListElement":[{"@type":"ListItem","position":1,"name":"Home","item":"https:\/\/www.leaf.ca\/fr\/"},{"@type":"ListItem","position":2,"name":"Notre Histoire"}]},{"@type":"WebSite","@id":"https:\/\/www.leaf.ca\/fr\/#website","url":"https:\/\/www.leaf.ca\/fr\/","name":"LEAF","description":"Women&#039;s Legal Education and Action Fund","publisher":{"@id":"https:\/\/www.leaf.ca\/fr\/#organization"},"potentialAction":[{"@type":"SearchAction","target":{"@type":"EntryPoint","urlTemplate":"https:\/\/www.leaf.ca\/fr\/?s={search_term_string}"},"query-input":{"@type":"PropertyValueSpecification","valueRequired":true,"valueName":"search_term_string"}}],"inLanguage":"fr-FR"},{"@type":"Organization","@id":"https:\/\/www.leaf.ca\/fr\/#organization","name":"LEAF","url":"https:\/\/www.leaf.ca\/fr\/","logo":{"@type":"ImageObject","inLanguage":"fr-FR","@id":"https:\/\/www.leaf.ca\/fr\/#\/schema\/logo\/image\/","url":"https:\/\/www.leaf.ca\/wp-content\/uploads\/2020\/09\/LEAF_FAEJ_hz_names_colour_rgb.svg","contentUrl":"https:\/\/www.leaf.ca\/wp-content\/uploads\/2020\/09\/LEAF_FAEJ_hz_names_colour_rgb.svg","width":612,"height":110,"caption":"LEAF"},"image":{"@id":"https:\/\/www.leaf.ca\/fr\/#\/schema\/logo\/image\/"}}]}},"_links":{"self":[{"href":"https:\/\/www.leaf.ca\/fr\/wp-json\/wp\/v2\/pages\/16195","targetHints":{"allow":["GET"]}}],"collection":[{"href":"https:\/\/www.leaf.ca\/fr\/wp-json\/wp\/v2\/pages"}],"about":[{"href":"https:\/\/www.leaf.ca\/fr\/wp-json\/wp\/v2\/types\/page"}],"author":[{"embeddable":true,"href":"https:\/\/www.leaf.ca\/fr\/wp-json\/wp\/v2\/users\/101024"}],"replies":[{"embeddable":true,"href":"https:\/\/www.leaf.ca\/fr\/wp-json\/wp\/v2\/comments?post=16195"}],"version-history":[{"count":14,"href":"https:\/\/www.leaf.ca\/fr\/wp-json\/wp\/v2\/pages\/16195\/revisions"}],"predecessor-version":[{"id":18453,"href":"https:\/\/www.leaf.ca\/fr\/wp-json\/wp\/v2\/pages\/16195\/revisions\/18453"}],"wp:featuredmedia":[{"embeddable":true,"href":"https:\/\/www.leaf.ca\/fr\/wp-json\/wp\/v2\/media\/17202"}],"wp:attachment":[{"href":"https:\/\/www.leaf.ca\/fr\/wp-json\/wp\/v2\/media?parent=16195"}],"curies":[{"name":"wp","href":"https:\/\/api.w.org\/{rel}","templated":true}]}}