{"id":18767,"date":"2020-10-07T14:12:45","date_gmt":"2020-10-07T18:12:45","guid":{"rendered":"https:\/\/www.leaf.ca\/our-work\/"},"modified":"2021-07-26T14:16:20","modified_gmt":"2021-07-26T18:16:20","slug":"our-work","status":"publish","type":"page","link":"https:\/\/www.leaf.ca\/fr\/our-work\/","title":{"rendered":"Notre travail"},"content":{"rendered":"\n<p>Le FAEJ est surtout connu pour ses interventions devant la Cour supr\u00eame du Canada (CSC) et les cours d&rsquo;appel de tout le pays, dans des affaires concernant les droits \u00ab substantiels \u00bb \u00e0 l&rsquo;\u00e9galit\u00e9 des genres au Canada. Cependant, l&rsquo;expertise juridique sp\u00e9cialis\u00e9e du FAEJ produit des recherches de haute qualit\u00e9 qui ont influenc\u00e9 la r\u00e9forme des politiques dans les syst\u00e8mes de sant\u00e9, sociaux et judiciaires. Ainsi, depuis sa cr\u00e9ation en 1985, le FAEJ a mis fin \u00e0 la discrimination non seulement par des interventions devant les tribunaux, mais aussi par la production de nombreux documents et m\u00e9moires cl\u00e9s. Chacun contient des recherches et des analyses sur un ou plusieurs sujets pertinents aux droits \u00e0 l&rsquo;\u00e9galit\u00e9.<\/p>\n\n\n\n<p>L\u2019expertise et l\u2019histoire de cas du FAEJ sont utilis\u00e9es par les l\u00e9gislateurs, les d\u00e9cideurs et les organisations comme catalyseur du changement et comme ressource dans l\u2019\u00e9laboration et la r\u00e9forme des lois et des politiques. Nos avocats et nos chercheurs sont fr\u00e9quemment appel\u00e9s \u00e0 offrir une expertise dans des domaines politiques tels que les avantages sociaux, la justice p\u00e9nale, les droits reproductifs et la violence \u00e0 l&rsquo;\u00e9gard des femmes &#8211; aux paliers nationaux et internationaux.<\/p>\n","protected":false},"excerpt":{"rendered":"<p>Le FAEJ est surtout connu pour ses interventions devant la Cour supr\u00eame du Canada (CSC) et les cours d&rsquo;appel de tout le pays, dans des affaires concernant les droits \u00ab substantiels \u00bb \u00e0 l&rsquo;\u00e9galit\u00e9 des genres au Canada. Cependant, l&rsquo;expertise juridique sp\u00e9cialis\u00e9e du FAEJ produit des recherches de haute qualit\u00e9 qui ont influenc\u00e9 la r\u00e9forme [&hellip;]<\/p>\n","protected":false},"author":101025,"featured_media":25487,"parent":0,"menu_order":0,"comment_status":"closed","ping_status":"closed","template":"","meta":{"_acf_changed":false,"footnotes":""},"class_list":["post-18767","page","type-page","status-publish","has-post-thumbnail","hentry"],"acf":[],"yoast_head":"<!-- This site is optimized with the Yoast SEO plugin v27.1.1 - https:\/\/yoast.com\/product\/yoast-seo-wordpress\/ -->\n<title>Notre travail - LEAF<\/title>\n<meta name=\"robots\" content=\"index, follow, max-snippet:-1, max-image-preview:large, max-video-preview:-1\" \/>\n<link rel=\"canonical\" href=\"https:\/\/www.leaf.ca\/fr\/our-work\/\" \/>\n<meta property=\"og:locale\" content=\"fr_FR\" \/>\n<meta property=\"og:type\" content=\"article\" \/>\n<meta property=\"og:title\" content=\"Notre travail - LEAF\" \/>\n<meta property=\"og:description\" content=\"Le FAEJ est surtout connu pour ses interventions devant la Cour supr\u00eame du Canada (CSC) et les cours d&rsquo;appel de tout le pays, dans des affaires concernant les droits \u00ab substantiels \u00bb \u00e0 l&rsquo;\u00e9galit\u00e9 des genres au Canada. Cependant, l&rsquo;expertise juridique sp\u00e9cialis\u00e9e du FAEJ produit des recherches de haute qualit\u00e9 qui ont influenc\u00e9 la r\u00e9forme [&hellip;]\" \/>\n<meta property=\"og:url\" content=\"https:\/\/www.leaf.ca\/fr\/our-work\/\" \/>\n<meta property=\"og:site_name\" content=\"LEAF\" \/>\n<meta property=\"article:modified_time\" content=\"2021-07-26T18:16:20+00:00\" \/>\n<meta property=\"og:image\" content=\"https:\/\/www.leaf.ca\/wp-content\/uploads\/2020\/11\/iStock-1265972293-scaled-e1605749142767.jpg\" \/>\n\t<meta property=\"og:image:width\" content=\"2560\" \/>\n\t<meta property=\"og:image:height\" content=\"1395\" \/>\n\t<meta property=\"og:image:type\" content=\"image\/jpeg\" \/>\n<meta name=\"twitter:card\" content=\"summary_large_image\" \/>\n<meta name=\"twitter:label1\" content=\"Dur\u00e9e de lecture estim\u00e9e\" \/>\n\t<meta name=\"twitter:data1\" content=\"1 minute\" \/>\n<script type=\"application\/ld+json\" class=\"yoast-schema-graph\">{\"@context\":\"https:\/\/schema.org\",\"@graph\":[{\"@type\":\"WebPage\",\"@id\":\"https:\/\/www.leaf.ca\/fr\/our-work\/\",\"url\":\"https:\/\/www.leaf.ca\/fr\/our-work\/\",\"name\":\"Notre travail - LEAF\",\"isPartOf\":{\"@id\":\"https:\/\/www.leaf.ca\/fr\/#website\"},\"primaryImageOfPage\":{\"@id\":\"https:\/\/www.leaf.ca\/fr\/our-work\/#primaryimage\"},\"image\":{\"@id\":\"https:\/\/www.leaf.ca\/fr\/our-work\/#primaryimage\"},\"thumbnailUrl\":\"https:\/\/www.leaf.ca\/wp-content\/uploads\/2025\/05\/Our-Work_LEAF-3.png\",\"datePublished\":\"2020-10-07T18:12:45+00:00\",\"dateModified\":\"2021-07-26T18:16:20+00:00\",\"breadcrumb\":{\"@id\":\"https:\/\/www.leaf.ca\/fr\/our-work\/#breadcrumb\"},\"inLanguage\":\"fr-FR\",\"potentialAction\":[{\"@type\":\"ReadAction\",\"target\":[\"https:\/\/www.leaf.ca\/fr\/our-work\/\"]}]},{\"@type\":\"ImageObject\",\"inLanguage\":\"fr-FR\",\"@id\":\"https:\/\/www.leaf.ca\/fr\/our-work\/#primaryimage\",\"url\":\"https:\/\/www.leaf.ca\/wp-content\/uploads\/2025\/05\/Our-Work_LEAF-3.png\",\"contentUrl\":\"https:\/\/www.leaf.ca\/wp-content\/uploads\/2025\/05\/Our-Work_LEAF-3.png\",\"width\":2560,\"height\":1600},{\"@type\":\"BreadcrumbList\",\"@id\":\"https:\/\/www.leaf.ca\/fr\/our-work\/#breadcrumb\",\"itemListElement\":[{\"@type\":\"ListItem\",\"position\":1,\"name\":\"Home\",\"item\":\"https:\/\/www.leaf.ca\/fr\/\"},{\"@type\":\"ListItem\",\"position\":2,\"name\":\"Notre travail\"}]},{\"@type\":\"WebSite\",\"@id\":\"https:\/\/www.leaf.ca\/fr\/#website\",\"url\":\"https:\/\/www.leaf.ca\/fr\/\",\"name\":\"LEAF\",\"description\":\"Women&#039;s Legal Education and Action Fund\",\"publisher\":{\"@id\":\"https:\/\/www.leaf.ca\/fr\/#organization\"},\"potentialAction\":[{\"@type\":\"SearchAction\",\"target\":{\"@type\":\"EntryPoint\",\"urlTemplate\":\"https:\/\/www.leaf.ca\/fr\/?s={search_term_string}\"},\"query-input\":{\"@type\":\"PropertyValueSpecification\",\"valueRequired\":true,\"valueName\":\"search_term_string\"}}],\"inLanguage\":\"fr-FR\"},{\"@type\":\"Organization\",\"@id\":\"https:\/\/www.leaf.ca\/fr\/#organization\",\"name\":\"LEAF\",\"url\":\"https:\/\/www.leaf.ca\/fr\/\",\"logo\":{\"@type\":\"ImageObject\",\"inLanguage\":\"fr-FR\",\"@id\":\"https:\/\/www.leaf.ca\/fr\/#\/schema\/logo\/image\/\",\"url\":\"https:\/\/www.leaf.ca\/wp-content\/uploads\/2020\/09\/LEAF_FAEJ_hz_names_colour_rgb.svg\",\"contentUrl\":\"https:\/\/www.leaf.ca\/wp-content\/uploads\/2020\/09\/LEAF_FAEJ_hz_names_colour_rgb.svg\",\"width\":612,\"height\":110,\"caption\":\"LEAF\"},\"image\":{\"@id\":\"https:\/\/www.leaf.ca\/fr\/#\/schema\/logo\/image\/\"}}]}<\/script>\n<!-- \/ Yoast SEO plugin. -->","yoast_head_json":{"title":"Notre travail - LEAF","robots":{"index":"index","follow":"follow","max-snippet":"max-snippet:-1","max-image-preview":"max-image-preview:large","max-video-preview":"max-video-preview:-1"},"canonical":"https:\/\/www.leaf.ca\/fr\/our-work\/","og_locale":"fr_FR","og_type":"article","og_title":"Notre travail - LEAF","og_description":"Le FAEJ est surtout connu pour ses interventions devant la Cour supr\u00eame du Canada (CSC) et les cours d&rsquo;appel de tout le pays, dans des affaires concernant les droits \u00ab substantiels \u00bb \u00e0 l&rsquo;\u00e9galit\u00e9 des genres au Canada. Cependant, l&rsquo;expertise juridique sp\u00e9cialis\u00e9e du FAEJ produit des recherches de haute qualit\u00e9 qui ont influenc\u00e9 la r\u00e9forme [&hellip;]","og_url":"https:\/\/www.leaf.ca\/fr\/our-work\/","og_site_name":"LEAF","article_modified_time":"2021-07-26T18:16:20+00:00","og_image":[{"width":2560,"height":1395,"url":"https:\/\/www.leaf.ca\/wp-content\/uploads\/2020\/11\/iStock-1265972293-scaled-e1605749142767.jpg","type":"image\/jpeg"}],"twitter_card":"summary_large_image","twitter_misc":{"Dur\u00e9e de lecture estim\u00e9e":"1 minute"},"schema":{"@context":"https:\/\/schema.org","@graph":[{"@type":"WebPage","@id":"https:\/\/www.leaf.ca\/fr\/our-work\/","url":"https:\/\/www.leaf.ca\/fr\/our-work\/","name":"Notre travail - LEAF","isPartOf":{"@id":"https:\/\/www.leaf.ca\/fr\/#website"},"primaryImageOfPage":{"@id":"https:\/\/www.leaf.ca\/fr\/our-work\/#primaryimage"},"image":{"@id":"https:\/\/www.leaf.ca\/fr\/our-work\/#primaryimage"},"thumbnailUrl":"https:\/\/www.leaf.ca\/wp-content\/uploads\/2025\/05\/Our-Work_LEAF-3.png","datePublished":"2020-10-07T18:12:45+00:00","dateModified":"2021-07-26T18:16:20+00:00","breadcrumb":{"@id":"https:\/\/www.leaf.ca\/fr\/our-work\/#breadcrumb"},"inLanguage":"fr-FR","potentialAction":[{"@type":"ReadAction","target":["https:\/\/www.leaf.ca\/fr\/our-work\/"]}]},{"@type":"ImageObject","inLanguage":"fr-FR","@id":"https:\/\/www.leaf.ca\/fr\/our-work\/#primaryimage","url":"https:\/\/www.leaf.ca\/wp-content\/uploads\/2025\/05\/Our-Work_LEAF-3.png","contentUrl":"https:\/\/www.leaf.ca\/wp-content\/uploads\/2025\/05\/Our-Work_LEAF-3.png","width":2560,"height":1600},{"@type":"BreadcrumbList","@id":"https:\/\/www.leaf.ca\/fr\/our-work\/#breadcrumb","itemListElement":[{"@type":"ListItem","position":1,"name":"Home","item":"https:\/\/www.leaf.ca\/fr\/"},{"@type":"ListItem","position":2,"name":"Notre travail"}]},{"@type":"WebSite","@id":"https:\/\/www.leaf.ca\/fr\/#website","url":"https:\/\/www.leaf.ca\/fr\/","name":"LEAF","description":"Women&#039;s Legal Education and Action Fund","publisher":{"@id":"https:\/\/www.leaf.ca\/fr\/#organization"},"potentialAction":[{"@type":"SearchAction","target":{"@type":"EntryPoint","urlTemplate":"https:\/\/www.leaf.ca\/fr\/?s={search_term_string}"},"query-input":{"@type":"PropertyValueSpecification","valueRequired":true,"valueName":"search_term_string"}}],"inLanguage":"fr-FR"},{"@type":"Organization","@id":"https:\/\/www.leaf.ca\/fr\/#organization","name":"LEAF","url":"https:\/\/www.leaf.ca\/fr\/","logo":{"@type":"ImageObject","inLanguage":"fr-FR","@id":"https:\/\/www.leaf.ca\/fr\/#\/schema\/logo\/image\/","url":"https:\/\/www.leaf.ca\/wp-content\/uploads\/2020\/09\/LEAF_FAEJ_hz_names_colour_rgb.svg","contentUrl":"https:\/\/www.leaf.ca\/wp-content\/uploads\/2020\/09\/LEAF_FAEJ_hz_names_colour_rgb.svg","width":612,"height":110,"caption":"LEAF"},"image":{"@id":"https:\/\/www.leaf.ca\/fr\/#\/schema\/logo\/image\/"}}]}},"_links":{"self":[{"href":"https:\/\/www.leaf.ca\/fr\/wp-json\/wp\/v2\/pages\/18767","targetHints":{"allow":["GET"]}}],"collection":[{"href":"https:\/\/www.leaf.ca\/fr\/wp-json\/wp\/v2\/pages"}],"about":[{"href":"https:\/\/www.leaf.ca\/fr\/wp-json\/wp\/v2\/types\/page"}],"author":[{"embeddable":true,"href":"https:\/\/www.leaf.ca\/fr\/wp-json\/wp\/v2\/users\/101025"}],"replies":[{"embeddable":true,"href":"https:\/\/www.leaf.ca\/fr\/wp-json\/wp\/v2\/comments?post=18767"}],"version-history":[{"count":4,"href":"https:\/\/www.leaf.ca\/fr\/wp-json\/wp\/v2\/pages\/18767\/revisions"}],"predecessor-version":[{"id":19516,"href":"https:\/\/www.leaf.ca\/fr\/wp-json\/wp\/v2\/pages\/18767\/revisions\/19516"}],"wp:featuredmedia":[{"embeddable":true,"href":"https:\/\/www.leaf.ca\/fr\/wp-json\/wp\/v2\/media\/25487"}],"wp:attachment":[{"href":"https:\/\/www.leaf.ca\/fr\/wp-json\/wp\/v2\/media?parent=18767"}],"curies":[{"name":"wp","href":"https:\/\/api.w.org\/{rel}","templated":true}]}}