{"id":18815,"date":"2020-10-07T14:34:13","date_gmt":"2020-10-07T18:34:13","guid":{"rendered":"https:\/\/www.leaf.ca\/overview\/"},"modified":"2021-07-26T14:14:56","modified_gmt":"2021-07-26T18:14:56","slug":"overview","status":"publish","type":"page","link":"https:\/\/www.leaf.ca\/fr\/overview\/","title":{"rendered":"Aper\u00e7u"},"content":{"rendered":"\t\t<div data-elementor-type=\"wp-page\" data-elementor-id=\"18815\" class=\"elementor elementor-18815 elementor-14110\" data-elementor-post-type=\"page\">\n\t\t\t\t\t\t<section class=\"has_ae_slider elementor-section elementor-top-section elementor-element elementor-element-79e2438e elementor-section-boxed elementor-section-height-default elementor-section-height-default ae-bg-gallery-type-default\" data-id=\"79e2438e\" data-element_type=\"section\" data-e-type=\"section\">\n\t\t\t\t\t\t<div class=\"elementor-container elementor-column-gap-default\">\n\t\t\t\t\t<div class=\"has_ae_slider elementor-column elementor-col-100 elementor-top-column elementor-element elementor-element-645b5279 ae-bg-gallery-type-default\" data-id=\"645b5279\" data-element_type=\"column\" data-e-type=\"column\">\n\t\t\t<div class=\"elementor-widget-wrap elementor-element-populated\">\n\t\t\t\t\t\t<div class=\"elementor-element elementor-element-106dfd71 elementor-widget elementor-widget-text-editor\" data-id=\"106dfd71\" data-element_type=\"widget\" data-e-type=\"widget\" data-widget_type=\"text-editor.default\">\n\t\t\t\t<div class=\"elementor-widget-container\">\n\t\t\t\t\t\t\t\t\t<p><\/p>\n<p>Les sections du FAEJ g\u00e8rent des programmes d&rsquo;\u00e9ducation publique pour les jeunes, organisent des \u00e9v\u00e9nements sur l&rsquo;\u00e9galit\u00e9 des genres dans leurs communaut\u00e9s et s&rsquo;engagent dans des initiatives de r\u00e9forme du droit au niveau local. Les sections sont en grande partie g\u00e9r\u00e9es par des b\u00e9n\u00e9voles et sont toujours heureuses d&rsquo;accueillir de nouveaux b\u00e9n\u00e9voles.<\/p>\n<p>Apprenez-en davantage sur les activit\u00e9s de nos sections dans le menu lat\u00e9ral de cette page ou en cliquant sur \u00ab Sections r\u00e9gionales \u00bb dans le menu sup\u00e9rieur. Vous pouvez \u00e9galement trouver et vous joindre \u00e0 votre section la plus proche!<\/p>\n<p><\/p>\t\t\t\t\t\t\t\t<\/div>\n\t\t\t\t<\/div>\n\t\t\t\t\t<\/div>\n\t\t<\/div>\n\t\t\t\t\t<\/div>\n\t\t<\/section>\n\t\t\t\t<\/div>\n\t\t","protected":false},"excerpt":{"rendered":"<p>Les sections du FAEJ g\u00e8rent des programmes d&rsquo;\u00e9ducation publique pour les jeunes, organisent des \u00e9v\u00e9nements sur l&rsquo;\u00e9galit\u00e9 des genres dans leurs communaut\u00e9s et s&rsquo;engagent dans des initiatives de r\u00e9forme du droit au niveau local. Les sections sont en grande partie g\u00e9r\u00e9es par des b\u00e9n\u00e9voles et sont toujours heureuses d&rsquo;accueillir de nouveaux b\u00e9n\u00e9voles. Apprenez-en davantage sur [&hellip;]<\/p>\n","protected":false},"author":101025,"featured_media":25483,"parent":0,"menu_order":0,"comment_status":"closed","ping_status":"closed","template":"","meta":{"_acf_changed":false,"footnotes":""},"class_list":["post-18815","page","type-page","status-publish","has-post-thumbnail","hentry"],"acf":[],"yoast_head":"<!-- This site is optimized with the Yoast SEO plugin v27.1.1 - https:\/\/yoast.com\/product\/yoast-seo-wordpress\/ -->\n<title>Aper\u00e7u - LEAF<\/title>\n<meta name=\"robots\" content=\"index, follow, max-snippet:-1, max-image-preview:large, max-video-preview:-1\" \/>\n<link rel=\"canonical\" href=\"https:\/\/www.leaf.ca\/fr\/overview\/\" \/>\n<meta property=\"og:locale\" content=\"fr_FR\" \/>\n<meta property=\"og:type\" content=\"article\" \/>\n<meta property=\"og:title\" content=\"Aper\u00e7u - LEAF\" \/>\n<meta property=\"og:description\" content=\"Les sections du FAEJ g\u00e8rent des programmes d&rsquo;\u00e9ducation publique pour les jeunes, organisent des \u00e9v\u00e9nements sur l&rsquo;\u00e9galit\u00e9 des genres dans leurs communaut\u00e9s et s&rsquo;engagent dans des initiatives de r\u00e9forme du droit au niveau local. Les sections sont en grande partie g\u00e9r\u00e9es par des b\u00e9n\u00e9voles et sont toujours heureuses d&rsquo;accueillir de nouveaux b\u00e9n\u00e9voles. Apprenez-en davantage sur [&hellip;]\" \/>\n<meta property=\"og:url\" content=\"https:\/\/www.leaf.ca\/fr\/overview\/\" \/>\n<meta property=\"og:site_name\" content=\"LEAF\" \/>\n<meta property=\"article:modified_time\" content=\"2021-07-26T18:14:56+00:00\" \/>\n<meta property=\"og:image\" content=\"https:\/\/www.leaf.ca\/wp-content\/uploads\/2020\/11\/iStock-1202890024-scaled.jpg\" \/>\n\t<meta property=\"og:image:width\" content=\"2560\" \/>\n\t<meta property=\"og:image:height\" content=\"2560\" \/>\n\t<meta property=\"og:image:type\" content=\"image\/jpeg\" \/>\n<meta name=\"twitter:card\" content=\"summary_large_image\" \/>\n<meta name=\"twitter:label1\" content=\"Dur\u00e9e de lecture estim\u00e9e\" \/>\n\t<meta name=\"twitter:data1\" content=\"1 minute\" \/>\n<script type=\"application\/ld+json\" class=\"yoast-schema-graph\">{\"@context\":\"https:\/\/schema.org\",\"@graph\":[{\"@type\":\"WebPage\",\"@id\":\"https:\/\/www.leaf.ca\/fr\/overview\/\",\"url\":\"https:\/\/www.leaf.ca\/fr\/overview\/\",\"name\":\"Aper\u00e7u - LEAF\",\"isPartOf\":{\"@id\":\"https:\/\/www.leaf.ca\/fr\/#website\"},\"primaryImageOfPage\":{\"@id\":\"https:\/\/www.leaf.ca\/fr\/overview\/#primaryimage\"},\"image\":{\"@id\":\"https:\/\/www.leaf.ca\/fr\/overview\/#primaryimage\"},\"thumbnailUrl\":\"https:\/\/www.leaf.ca\/wp-content\/uploads\/2025\/05\/Branch-Overview_LEAF.png\",\"datePublished\":\"2020-10-07T18:34:13+00:00\",\"dateModified\":\"2021-07-26T18:14:56+00:00\",\"breadcrumb\":{\"@id\":\"https:\/\/www.leaf.ca\/fr\/overview\/#breadcrumb\"},\"inLanguage\":\"fr-FR\",\"potentialAction\":[{\"@type\":\"ReadAction\",\"target\":[\"https:\/\/www.leaf.ca\/fr\/overview\/\"]}]},{\"@type\":\"ImageObject\",\"inLanguage\":\"fr-FR\",\"@id\":\"https:\/\/www.leaf.ca\/fr\/overview\/#primaryimage\",\"url\":\"https:\/\/www.leaf.ca\/wp-content\/uploads\/2025\/05\/Branch-Overview_LEAF.png\",\"contentUrl\":\"https:\/\/www.leaf.ca\/wp-content\/uploads\/2025\/05\/Branch-Overview_LEAF.png\",\"width\":2560,\"height\":1600},{\"@type\":\"BreadcrumbList\",\"@id\":\"https:\/\/www.leaf.ca\/fr\/overview\/#breadcrumb\",\"itemListElement\":[{\"@type\":\"ListItem\",\"position\":1,\"name\":\"Home\",\"item\":\"https:\/\/www.leaf.ca\/fr\/\"},{\"@type\":\"ListItem\",\"position\":2,\"name\":\"Aper\u00e7u\"}]},{\"@type\":\"WebSite\",\"@id\":\"https:\/\/www.leaf.ca\/fr\/#website\",\"url\":\"https:\/\/www.leaf.ca\/fr\/\",\"name\":\"LEAF\",\"description\":\"Women&#039;s Legal Education and Action Fund\",\"publisher\":{\"@id\":\"https:\/\/www.leaf.ca\/fr\/#organization\"},\"potentialAction\":[{\"@type\":\"SearchAction\",\"target\":{\"@type\":\"EntryPoint\",\"urlTemplate\":\"https:\/\/www.leaf.ca\/fr\/?s={search_term_string}\"},\"query-input\":{\"@type\":\"PropertyValueSpecification\",\"valueRequired\":true,\"valueName\":\"search_term_string\"}}],\"inLanguage\":\"fr-FR\"},{\"@type\":\"Organization\",\"@id\":\"https:\/\/www.leaf.ca\/fr\/#organization\",\"name\":\"LEAF\",\"url\":\"https:\/\/www.leaf.ca\/fr\/\",\"logo\":{\"@type\":\"ImageObject\",\"inLanguage\":\"fr-FR\",\"@id\":\"https:\/\/www.leaf.ca\/fr\/#\/schema\/logo\/image\/\",\"url\":\"https:\/\/www.leaf.ca\/wp-content\/uploads\/2020\/09\/LEAF_FAEJ_hz_names_colour_rgb.svg\",\"contentUrl\":\"https:\/\/www.leaf.ca\/wp-content\/uploads\/2020\/09\/LEAF_FAEJ_hz_names_colour_rgb.svg\",\"width\":612,\"height\":110,\"caption\":\"LEAF\"},\"image\":{\"@id\":\"https:\/\/www.leaf.ca\/fr\/#\/schema\/logo\/image\/\"}}]}<\/script>\n<!-- \/ Yoast SEO plugin. -->","yoast_head_json":{"title":"Aper\u00e7u - LEAF","robots":{"index":"index","follow":"follow","max-snippet":"max-snippet:-1","max-image-preview":"max-image-preview:large","max-video-preview":"max-video-preview:-1"},"canonical":"https:\/\/www.leaf.ca\/fr\/overview\/","og_locale":"fr_FR","og_type":"article","og_title":"Aper\u00e7u - LEAF","og_description":"Les sections du FAEJ g\u00e8rent des programmes d&rsquo;\u00e9ducation publique pour les jeunes, organisent des \u00e9v\u00e9nements sur l&rsquo;\u00e9galit\u00e9 des genres dans leurs communaut\u00e9s et s&rsquo;engagent dans des initiatives de r\u00e9forme du droit au niveau local. Les sections sont en grande partie g\u00e9r\u00e9es par des b\u00e9n\u00e9voles et sont toujours heureuses d&rsquo;accueillir de nouveaux b\u00e9n\u00e9voles. Apprenez-en davantage sur [&hellip;]","og_url":"https:\/\/www.leaf.ca\/fr\/overview\/","og_site_name":"LEAF","article_modified_time":"2021-07-26T18:14:56+00:00","og_image":[{"width":2560,"height":2560,"url":"https:\/\/www.leaf.ca\/wp-content\/uploads\/2020\/11\/iStock-1202890024-scaled.jpg","type":"image\/jpeg"}],"twitter_card":"summary_large_image","twitter_misc":{"Dur\u00e9e de lecture estim\u00e9e":"1 minute"},"schema":{"@context":"https:\/\/schema.org","@graph":[{"@type":"WebPage","@id":"https:\/\/www.leaf.ca\/fr\/overview\/","url":"https:\/\/www.leaf.ca\/fr\/overview\/","name":"Aper\u00e7u - LEAF","isPartOf":{"@id":"https:\/\/www.leaf.ca\/fr\/#website"},"primaryImageOfPage":{"@id":"https:\/\/www.leaf.ca\/fr\/overview\/#primaryimage"},"image":{"@id":"https:\/\/www.leaf.ca\/fr\/overview\/#primaryimage"},"thumbnailUrl":"https:\/\/www.leaf.ca\/wp-content\/uploads\/2025\/05\/Branch-Overview_LEAF.png","datePublished":"2020-10-07T18:34:13+00:00","dateModified":"2021-07-26T18:14:56+00:00","breadcrumb":{"@id":"https:\/\/www.leaf.ca\/fr\/overview\/#breadcrumb"},"inLanguage":"fr-FR","potentialAction":[{"@type":"ReadAction","target":["https:\/\/www.leaf.ca\/fr\/overview\/"]}]},{"@type":"ImageObject","inLanguage":"fr-FR","@id":"https:\/\/www.leaf.ca\/fr\/overview\/#primaryimage","url":"https:\/\/www.leaf.ca\/wp-content\/uploads\/2025\/05\/Branch-Overview_LEAF.png","contentUrl":"https:\/\/www.leaf.ca\/wp-content\/uploads\/2025\/05\/Branch-Overview_LEAF.png","width":2560,"height":1600},{"@type":"BreadcrumbList","@id":"https:\/\/www.leaf.ca\/fr\/overview\/#breadcrumb","itemListElement":[{"@type":"ListItem","position":1,"name":"Home","item":"https:\/\/www.leaf.ca\/fr\/"},{"@type":"ListItem","position":2,"name":"Aper\u00e7u"}]},{"@type":"WebSite","@id":"https:\/\/www.leaf.ca\/fr\/#website","url":"https:\/\/www.leaf.ca\/fr\/","name":"LEAF","description":"Women&#039;s Legal Education and Action Fund","publisher":{"@id":"https:\/\/www.leaf.ca\/fr\/#organization"},"potentialAction":[{"@type":"SearchAction","target":{"@type":"EntryPoint","urlTemplate":"https:\/\/www.leaf.ca\/fr\/?s={search_term_string}"},"query-input":{"@type":"PropertyValueSpecification","valueRequired":true,"valueName":"search_term_string"}}],"inLanguage":"fr-FR"},{"@type":"Organization","@id":"https:\/\/www.leaf.ca\/fr\/#organization","name":"LEAF","url":"https:\/\/www.leaf.ca\/fr\/","logo":{"@type":"ImageObject","inLanguage":"fr-FR","@id":"https:\/\/www.leaf.ca\/fr\/#\/schema\/logo\/image\/","url":"https:\/\/www.leaf.ca\/wp-content\/uploads\/2020\/09\/LEAF_FAEJ_hz_names_colour_rgb.svg","contentUrl":"https:\/\/www.leaf.ca\/wp-content\/uploads\/2020\/09\/LEAF_FAEJ_hz_names_colour_rgb.svg","width":612,"height":110,"caption":"LEAF"},"image":{"@id":"https:\/\/www.leaf.ca\/fr\/#\/schema\/logo\/image\/"}}]}},"_links":{"self":[{"href":"https:\/\/www.leaf.ca\/fr\/wp-json\/wp\/v2\/pages\/18815","targetHints":{"allow":["GET"]}}],"collection":[{"href":"https:\/\/www.leaf.ca\/fr\/wp-json\/wp\/v2\/pages"}],"about":[{"href":"https:\/\/www.leaf.ca\/fr\/wp-json\/wp\/v2\/types\/page"}],"author":[{"embeddable":true,"href":"https:\/\/www.leaf.ca\/fr\/wp-json\/wp\/v2\/users\/101025"}],"replies":[{"embeddable":true,"href":"https:\/\/www.leaf.ca\/fr\/wp-json\/wp\/v2\/comments?post=18815"}],"version-history":[{"count":9,"href":"https:\/\/www.leaf.ca\/fr\/wp-json\/wp\/v2\/pages\/18815\/revisions"}],"predecessor-version":[{"id":19510,"href":"https:\/\/www.leaf.ca\/fr\/wp-json\/wp\/v2\/pages\/18815\/revisions\/19510"}],"wp:featuredmedia":[{"embeddable":true,"href":"https:\/\/www.leaf.ca\/fr\/wp-json\/wp\/v2\/media\/25483"}],"wp:attachment":[{"href":"https:\/\/www.leaf.ca\/fr\/wp-json\/wp\/v2\/media?parent=18815"}],"curies":[{"name":"wp","href":"https:\/\/api.w.org\/{rel}","templated":true}]}}