{"id":18859,"date":"2021-03-23T10:32:28","date_gmt":"2021-03-23T14:32:28","guid":{"rendered":"https:\/\/www.leaf.ca\/student-positions\/"},"modified":"2023-12-04T12:56:55","modified_gmt":"2023-12-04T17:56:55","slug":"student-positions","status":"publish","type":"page","link":"https:\/\/www.leaf.ca\/fr\/student-positions\/","title":{"rendered":"Postes pour \u00e9tudiants"},"content":{"rendered":"\n<p>Merci de votre int\u00e9r\u00eat \u00e0 travailler avec le FAEJ! Veuillez voir ci-dessous pour de plus amples informations sur les stages \/ externats d&rsquo;\u00e9tudiants ainsi que les stages de disponibles.<\/p>\n\n\n\n<h2 class=\"wp-block-heading\">Stagiaires<\/h2>\n\n\n\n<p>Si le financement le permet, le FAEJ embauche un\u00b7e stagiaire chaque ann\u00e9e. Nous publierons l&rsquo;offre d&#8217;emploi sur notre site web \u00e0 la fin du printemps et suivrons les d\u00e9lais d&#8217;embauche fix\u00e9s par le Barreau de l&rsquo;Ontario.<\/p>\n\n\n\n<h2 class=\"wp-block-heading\"><strong>\u00c9TUDIANTS EN DROIT D&rsquo;\u00c9T\u00c9<\/strong><\/h2>\n\n\n\n<p><strong>Pendant l&rsquo;\u00e9t\u00e9<\/strong>, si le financement le permet, le FAEJ embauche un ou deux \u00e9tudiants d&rsquo;\u00e9t\u00e9 en droit \u00e0 temps plein. Les \u00e9tudiants d&rsquo;\u00e9t\u00e9 doivent \u00eatre inscrits dans une facult\u00e9 de droit canadienne accr\u00e9dit\u00e9e. L&rsquo;offre d&#8217;emploi pour nos postes d&rsquo;\u00e9tudiant d&rsquo;\u00e9t\u00e9 est affich\u00e9e sur notre site Web et annonc\u00e9e dans les facult\u00e9s de droit canadiennes au d\u00e9but de janvier, avec une date limite de candidature vers la fin de janvier.<\/p>\n\n\n\n<p>Veuillez noter que nous ne sommes malheureusement pas en mesure d&rsquo;accepter des placements d&rsquo;\u00e9tudiants suppl\u00e9mentaires pour l&rsquo;\u00e9t\u00e9 2024.<\/p>\n\n\n\n<h2 class=\"wp-block-heading\"><strong>STAGIAIRES \/ EXTERNES \u00c9TUDIANTS EN DROIT<\/strong><\/h2>\n\n\n\n<p>Pendant les trimestres d&rsquo;automne et d&rsquo;hiver, nous n&rsquo;acceptons que les \u00e9tudiants stagiaires \/ externes par l&rsquo;interm\u00e9diaire de nos \u00e9coles partenaires. Nous travaillons en partenariat avec les facult\u00e9s de droit canadiennes \u00e0 tour de r\u00f4le. Pour l&rsquo;ann\u00e9e universitaire 2023-2024, nous nous associerons  \u00e0 la facult\u00e9 de droit de<strong> l&rsquo;Universit\u00e9 de<\/strong> <strong>Manitoba<\/strong>.<\/p>\n\n\n\n<p>Bien que notre capacit\u00e9 \u00e0 accueillir des \u00e9tudiants stagiaires et des placements soit limit\u00e9e, nous nous r\u00e9jouissons de votre int\u00e9r\u00eat \u00e0 mener des recherches juridiques b\u00e9n\u00e9voles pour le FAEJ &#8211; pour plus d&rsquo;informations sur le volontariat avec FAEJ, veuillez consulter notre <a href=\"https:\/\/www.leaf.ca\/volunteer\/\">page sur les volontaires<\/a>.<\/p>\n","protected":false},"excerpt":{"rendered":"<p>Merci de votre int\u00e9r\u00eat \u00e0 travailler avec le FAEJ! Veuillez voir ci-dessous pour de plus amples informations sur les stages \/ externats d&rsquo;\u00e9tudiants ainsi que les stages de disponibles. Stagiaires Si le financement le permet, le FAEJ embauche un\u00b7e stagiaire chaque ann\u00e9e. Nous publierons l&rsquo;offre d&#8217;emploi sur notre site web \u00e0 la fin du printemps [&hellip;]<\/p>\n","protected":false},"author":101021,"featured_media":0,"parent":0,"menu_order":0,"comment_status":"closed","ping_status":"closed","template":"","meta":{"_acf_changed":false,"footnotes":""},"class_list":["post-18859","page","type-page","status-publish","hentry"],"acf":[],"yoast_head":"<!-- This site is optimized with the Yoast SEO plugin v27.1.1 - https:\/\/yoast.com\/product\/yoast-seo-wordpress\/ -->\n<title>Postes pour \u00e9tudiants - LEAF<\/title>\n<meta name=\"description\" content=\"Thank you for your interest in working with LEAF! Please see below for information about student internships\/externships and placements.\" \/>\n<meta name=\"robots\" content=\"index, follow, max-snippet:-1, max-image-preview:large, max-video-preview:-1\" \/>\n<link rel=\"canonical\" href=\"https:\/\/www.leaf.ca\/fr\/student-positions\/\" \/>\n<meta property=\"og:locale\" content=\"fr_FR\" \/>\n<meta property=\"og:type\" content=\"article\" \/>\n<meta property=\"og:title\" content=\"Postes pour \u00e9tudiants - LEAF\" \/>\n<meta property=\"og:description\" content=\"Thank you for your interest in working with LEAF! Please see below for information about student internships\/externships and placements.\" \/>\n<meta property=\"og:url\" content=\"https:\/\/www.leaf.ca\/fr\/student-positions\/\" \/>\n<meta property=\"og:site_name\" content=\"LEAF\" \/>\n<meta property=\"article:modified_time\" content=\"2023-12-04T17:56:55+00:00\" \/>\n<meta name=\"twitter:card\" content=\"summary_large_image\" \/>\n<meta name=\"twitter:label1\" content=\"Dur\u00e9e de lecture estim\u00e9e\" \/>\n\t<meta name=\"twitter:data1\" content=\"2 minutes\" \/>\n<script type=\"application\/ld+json\" class=\"yoast-schema-graph\">{\"@context\":\"https:\/\/schema.org\",\"@graph\":[{\"@type\":\"WebPage\",\"@id\":\"https:\/\/www.leaf.ca\/fr\/student-positions\/\",\"url\":\"https:\/\/www.leaf.ca\/fr\/student-positions\/\",\"name\":\"Postes pour \u00e9tudiants - LEAF\",\"isPartOf\":{\"@id\":\"https:\/\/www.leaf.ca\/fr\/#website\"},\"datePublished\":\"2021-03-23T14:32:28+00:00\",\"dateModified\":\"2023-12-04T17:56:55+00:00\",\"description\":\"Thank you for your interest in working with LEAF! Please see below for information about student internships\/externships and placements.\",\"breadcrumb\":{\"@id\":\"https:\/\/www.leaf.ca\/fr\/student-positions\/#breadcrumb\"},\"inLanguage\":\"fr-FR\",\"potentialAction\":[{\"@type\":\"ReadAction\",\"target\":[\"https:\/\/www.leaf.ca\/fr\/student-positions\/\"]}]},{\"@type\":\"BreadcrumbList\",\"@id\":\"https:\/\/www.leaf.ca\/fr\/student-positions\/#breadcrumb\",\"itemListElement\":[{\"@type\":\"ListItem\",\"position\":1,\"name\":\"Home\",\"item\":\"https:\/\/www.leaf.ca\/fr\/\"},{\"@type\":\"ListItem\",\"position\":2,\"name\":\"Postes pour \u00e9tudiants\"}]},{\"@type\":\"WebSite\",\"@id\":\"https:\/\/www.leaf.ca\/fr\/#website\",\"url\":\"https:\/\/www.leaf.ca\/fr\/\",\"name\":\"LEAF\",\"description\":\"Women&#039;s Legal Education and Action Fund\",\"publisher\":{\"@id\":\"https:\/\/www.leaf.ca\/fr\/#organization\"},\"potentialAction\":[{\"@type\":\"SearchAction\",\"target\":{\"@type\":\"EntryPoint\",\"urlTemplate\":\"https:\/\/www.leaf.ca\/fr\/?s={search_term_string}\"},\"query-input\":{\"@type\":\"PropertyValueSpecification\",\"valueRequired\":true,\"valueName\":\"search_term_string\"}}],\"inLanguage\":\"fr-FR\"},{\"@type\":\"Organization\",\"@id\":\"https:\/\/www.leaf.ca\/fr\/#organization\",\"name\":\"LEAF\",\"url\":\"https:\/\/www.leaf.ca\/fr\/\",\"logo\":{\"@type\":\"ImageObject\",\"inLanguage\":\"fr-FR\",\"@id\":\"https:\/\/www.leaf.ca\/fr\/#\/schema\/logo\/image\/\",\"url\":\"https:\/\/www.leaf.ca\/wp-content\/uploads\/2020\/09\/LEAF_FAEJ_hz_names_colour_rgb.svg\",\"contentUrl\":\"https:\/\/www.leaf.ca\/wp-content\/uploads\/2020\/09\/LEAF_FAEJ_hz_names_colour_rgb.svg\",\"width\":612,\"height\":110,\"caption\":\"LEAF\"},\"image\":{\"@id\":\"https:\/\/www.leaf.ca\/fr\/#\/schema\/logo\/image\/\"}}]}<\/script>\n<!-- \/ Yoast SEO plugin. -->","yoast_head_json":{"title":"Postes pour \u00e9tudiants - LEAF","description":"Thank you for your interest in working with LEAF! Please see below for information about student internships\/externships and placements.","robots":{"index":"index","follow":"follow","max-snippet":"max-snippet:-1","max-image-preview":"max-image-preview:large","max-video-preview":"max-video-preview:-1"},"canonical":"https:\/\/www.leaf.ca\/fr\/student-positions\/","og_locale":"fr_FR","og_type":"article","og_title":"Postes pour \u00e9tudiants - LEAF","og_description":"Thank you for your interest in working with LEAF! Please see below for information about student internships\/externships and placements.","og_url":"https:\/\/www.leaf.ca\/fr\/student-positions\/","og_site_name":"LEAF","article_modified_time":"2023-12-04T17:56:55+00:00","twitter_card":"summary_large_image","twitter_misc":{"Dur\u00e9e de lecture estim\u00e9e":"2 minutes"},"schema":{"@context":"https:\/\/schema.org","@graph":[{"@type":"WebPage","@id":"https:\/\/www.leaf.ca\/fr\/student-positions\/","url":"https:\/\/www.leaf.ca\/fr\/student-positions\/","name":"Postes pour \u00e9tudiants - LEAF","isPartOf":{"@id":"https:\/\/www.leaf.ca\/fr\/#website"},"datePublished":"2021-03-23T14:32:28+00:00","dateModified":"2023-12-04T17:56:55+00:00","description":"Thank you for your interest in working with LEAF! Please see below for information about student internships\/externships and placements.","breadcrumb":{"@id":"https:\/\/www.leaf.ca\/fr\/student-positions\/#breadcrumb"},"inLanguage":"fr-FR","potentialAction":[{"@type":"ReadAction","target":["https:\/\/www.leaf.ca\/fr\/student-positions\/"]}]},{"@type":"BreadcrumbList","@id":"https:\/\/www.leaf.ca\/fr\/student-positions\/#breadcrumb","itemListElement":[{"@type":"ListItem","position":1,"name":"Home","item":"https:\/\/www.leaf.ca\/fr\/"},{"@type":"ListItem","position":2,"name":"Postes pour \u00e9tudiants"}]},{"@type":"WebSite","@id":"https:\/\/www.leaf.ca\/fr\/#website","url":"https:\/\/www.leaf.ca\/fr\/","name":"LEAF","description":"Women&#039;s Legal Education and Action Fund","publisher":{"@id":"https:\/\/www.leaf.ca\/fr\/#organization"},"potentialAction":[{"@type":"SearchAction","target":{"@type":"EntryPoint","urlTemplate":"https:\/\/www.leaf.ca\/fr\/?s={search_term_string}"},"query-input":{"@type":"PropertyValueSpecification","valueRequired":true,"valueName":"search_term_string"}}],"inLanguage":"fr-FR"},{"@type":"Organization","@id":"https:\/\/www.leaf.ca\/fr\/#organization","name":"LEAF","url":"https:\/\/www.leaf.ca\/fr\/","logo":{"@type":"ImageObject","inLanguage":"fr-FR","@id":"https:\/\/www.leaf.ca\/fr\/#\/schema\/logo\/image\/","url":"https:\/\/www.leaf.ca\/wp-content\/uploads\/2020\/09\/LEAF_FAEJ_hz_names_colour_rgb.svg","contentUrl":"https:\/\/www.leaf.ca\/wp-content\/uploads\/2020\/09\/LEAF_FAEJ_hz_names_colour_rgb.svg","width":612,"height":110,"caption":"LEAF"},"image":{"@id":"https:\/\/www.leaf.ca\/fr\/#\/schema\/logo\/image\/"}}]}},"_links":{"self":[{"href":"https:\/\/www.leaf.ca\/fr\/wp-json\/wp\/v2\/pages\/18859","targetHints":{"allow":["GET"]}}],"collection":[{"href":"https:\/\/www.leaf.ca\/fr\/wp-json\/wp\/v2\/pages"}],"about":[{"href":"https:\/\/www.leaf.ca\/fr\/wp-json\/wp\/v2\/types\/page"}],"author":[{"embeddable":true,"href":"https:\/\/www.leaf.ca\/fr\/wp-json\/wp\/v2\/users\/101021"}],"replies":[{"embeddable":true,"href":"https:\/\/www.leaf.ca\/fr\/wp-json\/wp\/v2\/comments?post=18859"}],"version-history":[{"count":5,"href":"https:\/\/www.leaf.ca\/fr\/wp-json\/wp\/v2\/pages\/18859\/revisions"}],"predecessor-version":[{"id":23741,"href":"https:\/\/www.leaf.ca\/fr\/wp-json\/wp\/v2\/pages\/18859\/revisions\/23741"}],"wp:attachment":[{"href":"https:\/\/www.leaf.ca\/fr\/wp-json\/wp\/v2\/media?parent=18859"}],"curies":[{"name":"wp","href":"https:\/\/api.w.org\/{rel}","templated":true}]}}