{"id":18902,"date":"2020-10-12T18:13:15","date_gmt":"2020-10-12T22:13:15","guid":{"rendered":"https:\/\/www.leaf.ca\/overview-public-education\/"},"modified":"2021-07-26T14:50:13","modified_gmt":"2021-07-26T18:50:13","slug":"overview-public-education","status":"publish","type":"page","link":"https:\/\/www.leaf.ca\/fr\/overview-public-education\/","title":{"rendered":"Programme d\u2019\u00e9ducation publique du FAEJ"},"content":{"rendered":"\n<p>Le FAEJ organise des \u00e9v\u00e9nements \u00e9ducatifs, des formations et des webinaires sur des questions essentielles \u00e0 l&rsquo;\u00e9galit\u00e9 des genres. Les sujets pass\u00e9s ont inclus l&rsquo;intersectionnalit\u00e9 et la justice de genre, la violence facilit\u00e9e par la technologie et l&rsquo;utilisation du syst\u00e8me juridique colonial pour faire progresser les droits des femmes, des filles et des personnes 2ELGBTQQIA autochtones.<\/p>\n\n\n\n<p>Les fiches d\u2019information et les infographies du FAEJ fournissent des informations importantes sur le droit, le f\u00e9minisme et la justice de genre dans un format attrayant et facile \u00e0 comprendre. Vous pouvez en apprendre davantage sur les litiges strat\u00e9giques f\u00e9ministes, comment nous comprenons l&rsquo;impact de notre travail et pourquoi nous utilisons la loi en tant que f\u00e9ministes.<\/p>\n\n\n\n<p>En outre, les sections du FAEJ g\u00e8rent des programmes d&rsquo;\u00e9ducation pour \u00e9duquer et autonomiser les jeunes en leur apprenant les droits sexuels, les responsabilit\u00e9s et la signification du consentement selon la loi, afin qu&rsquo;ils soient moins susceptibles de devenir des victimes &#8211; ou des auteurs.<\/p>\n","protected":false},"excerpt":{"rendered":"<p>Le FAEJ organise des \u00e9v\u00e9nements \u00e9ducatifs, des formations et des webinaires sur des questions essentielles \u00e0 l&rsquo;\u00e9galit\u00e9 des genres. Les sujets pass\u00e9s ont inclus l&rsquo;intersectionnalit\u00e9 et la justice de genre, la violence facilit\u00e9e par la technologie et l&rsquo;utilisation du syst\u00e8me juridique colonial pour faire progresser les droits des femmes, des filles et des personnes 2ELGBTQQIA [&hellip;]<\/p>\n","protected":false},"author":101024,"featured_media":25452,"parent":0,"menu_order":0,"comment_status":"closed","ping_status":"closed","template":"","meta":{"_acf_changed":false,"footnotes":""},"class_list":["post-18902","page","type-page","status-publish","has-post-thumbnail","hentry"],"acf":[],"yoast_head":"<!-- This site is optimized with the Yoast SEO plugin v27.1.1 - https:\/\/yoast.com\/product\/yoast-seo-wordpress\/ -->\n<title>Programme d\u2019\u00e9ducation publique du FAEJ - LEAF<\/title>\n<meta name=\"robots\" content=\"index, follow, max-snippet:-1, max-image-preview:large, max-video-preview:-1\" \/>\n<link rel=\"canonical\" href=\"https:\/\/www.leaf.ca\/fr\/overview-public-education\/\" \/>\n<meta property=\"og:locale\" content=\"fr_FR\" \/>\n<meta property=\"og:type\" content=\"article\" \/>\n<meta property=\"og:title\" content=\"Programme d\u2019\u00e9ducation publique du FAEJ - LEAF\" \/>\n<meta property=\"og:description\" content=\"Le FAEJ organise des \u00e9v\u00e9nements \u00e9ducatifs, des formations et des webinaires sur des questions essentielles \u00e0 l&rsquo;\u00e9galit\u00e9 des genres. Les sujets pass\u00e9s ont inclus l&rsquo;intersectionnalit\u00e9 et la justice de genre, la violence facilit\u00e9e par la technologie et l&rsquo;utilisation du syst\u00e8me juridique colonial pour faire progresser les droits des femmes, des filles et des personnes 2ELGBTQQIA [&hellip;]\" \/>\n<meta property=\"og:url\" content=\"https:\/\/www.leaf.ca\/fr\/overview-public-education\/\" \/>\n<meta property=\"og:site_name\" content=\"LEAF\" \/>\n<meta property=\"article:modified_time\" content=\"2021-07-26T18:50:13+00:00\" \/>\n<meta property=\"og:image\" content=\"https:\/\/www.leaf.ca\/wp-content\/uploads\/2020\/11\/iStock-1248753292-scaled.jpg\" \/>\n\t<meta property=\"og:image:width\" content=\"2560\" \/>\n\t<meta property=\"og:image:height\" content=\"1859\" \/>\n\t<meta property=\"og:image:type\" content=\"image\/jpeg\" \/>\n<meta name=\"twitter:card\" content=\"summary_large_image\" \/>\n<meta name=\"twitter:label1\" content=\"Dur\u00e9e de lecture estim\u00e9e\" \/>\n\t<meta name=\"twitter:data1\" content=\"1 minute\" \/>\n<script type=\"application\/ld+json\" class=\"yoast-schema-graph\">{\"@context\":\"https:\/\/schema.org\",\"@graph\":[{\"@type\":\"WebPage\",\"@id\":\"https:\/\/www.leaf.ca\/fr\/overview-public-education\/\",\"url\":\"https:\/\/www.leaf.ca\/fr\/overview-public-education\/\",\"name\":\"Programme d\u2019\u00e9ducation publique du FAEJ - LEAF\",\"isPartOf\":{\"@id\":\"https:\/\/www.leaf.ca\/fr\/#website\"},\"primaryImageOfPage\":{\"@id\":\"https:\/\/www.leaf.ca\/fr\/overview-public-education\/#primaryimage\"},\"image\":{\"@id\":\"https:\/\/www.leaf.ca\/fr\/overview-public-education\/#primaryimage\"},\"thumbnailUrl\":\"https:\/\/www.leaf.ca\/wp-content\/uploads\/2025\/05\/PLE_LEAF.png\",\"datePublished\":\"2020-10-12T22:13:15+00:00\",\"dateModified\":\"2021-07-26T18:50:13+00:00\",\"breadcrumb\":{\"@id\":\"https:\/\/www.leaf.ca\/fr\/overview-public-education\/#breadcrumb\"},\"inLanguage\":\"fr-FR\",\"potentialAction\":[{\"@type\":\"ReadAction\",\"target\":[\"https:\/\/www.leaf.ca\/fr\/overview-public-education\/\"]}]},{\"@type\":\"ImageObject\",\"inLanguage\":\"fr-FR\",\"@id\":\"https:\/\/www.leaf.ca\/fr\/overview-public-education\/#primaryimage\",\"url\":\"https:\/\/www.leaf.ca\/wp-content\/uploads\/2025\/05\/PLE_LEAF.png\",\"contentUrl\":\"https:\/\/www.leaf.ca\/wp-content\/uploads\/2025\/05\/PLE_LEAF.png\",\"width\":2560,\"height\":1600},{\"@type\":\"BreadcrumbList\",\"@id\":\"https:\/\/www.leaf.ca\/fr\/overview-public-education\/#breadcrumb\",\"itemListElement\":[{\"@type\":\"ListItem\",\"position\":1,\"name\":\"Home\",\"item\":\"https:\/\/www.leaf.ca\/fr\/\"},{\"@type\":\"ListItem\",\"position\":2,\"name\":\"Programme d\u2019\u00e9ducation publique du FAEJ\"}]},{\"@type\":\"WebSite\",\"@id\":\"https:\/\/www.leaf.ca\/fr\/#website\",\"url\":\"https:\/\/www.leaf.ca\/fr\/\",\"name\":\"LEAF\",\"description\":\"Women&#039;s Legal Education and Action Fund\",\"publisher\":{\"@id\":\"https:\/\/www.leaf.ca\/fr\/#organization\"},\"potentialAction\":[{\"@type\":\"SearchAction\",\"target\":{\"@type\":\"EntryPoint\",\"urlTemplate\":\"https:\/\/www.leaf.ca\/fr\/?s={search_term_string}\"},\"query-input\":{\"@type\":\"PropertyValueSpecification\",\"valueRequired\":true,\"valueName\":\"search_term_string\"}}],\"inLanguage\":\"fr-FR\"},{\"@type\":\"Organization\",\"@id\":\"https:\/\/www.leaf.ca\/fr\/#organization\",\"name\":\"LEAF\",\"url\":\"https:\/\/www.leaf.ca\/fr\/\",\"logo\":{\"@type\":\"ImageObject\",\"inLanguage\":\"fr-FR\",\"@id\":\"https:\/\/www.leaf.ca\/fr\/#\/schema\/logo\/image\/\",\"url\":\"https:\/\/www.leaf.ca\/wp-content\/uploads\/2020\/09\/LEAF_FAEJ_hz_names_colour_rgb.svg\",\"contentUrl\":\"https:\/\/www.leaf.ca\/wp-content\/uploads\/2020\/09\/LEAF_FAEJ_hz_names_colour_rgb.svg\",\"width\":612,\"height\":110,\"caption\":\"LEAF\"},\"image\":{\"@id\":\"https:\/\/www.leaf.ca\/fr\/#\/schema\/logo\/image\/\"}}]}<\/script>\n<!-- \/ Yoast SEO plugin. -->","yoast_head_json":{"title":"Programme d\u2019\u00e9ducation publique du FAEJ - LEAF","robots":{"index":"index","follow":"follow","max-snippet":"max-snippet:-1","max-image-preview":"max-image-preview:large","max-video-preview":"max-video-preview:-1"},"canonical":"https:\/\/www.leaf.ca\/fr\/overview-public-education\/","og_locale":"fr_FR","og_type":"article","og_title":"Programme d\u2019\u00e9ducation publique du FAEJ - LEAF","og_description":"Le FAEJ organise des \u00e9v\u00e9nements \u00e9ducatifs, des formations et des webinaires sur des questions essentielles \u00e0 l&rsquo;\u00e9galit\u00e9 des genres. Les sujets pass\u00e9s ont inclus l&rsquo;intersectionnalit\u00e9 et la justice de genre, la violence facilit\u00e9e par la technologie et l&rsquo;utilisation du syst\u00e8me juridique colonial pour faire progresser les droits des femmes, des filles et des personnes 2ELGBTQQIA [&hellip;]","og_url":"https:\/\/www.leaf.ca\/fr\/overview-public-education\/","og_site_name":"LEAF","article_modified_time":"2021-07-26T18:50:13+00:00","og_image":[{"width":2560,"height":1859,"url":"https:\/\/www.leaf.ca\/wp-content\/uploads\/2020\/11\/iStock-1248753292-scaled.jpg","type":"image\/jpeg"}],"twitter_card":"summary_large_image","twitter_misc":{"Dur\u00e9e de lecture estim\u00e9e":"1 minute"},"schema":{"@context":"https:\/\/schema.org","@graph":[{"@type":"WebPage","@id":"https:\/\/www.leaf.ca\/fr\/overview-public-education\/","url":"https:\/\/www.leaf.ca\/fr\/overview-public-education\/","name":"Programme d\u2019\u00e9ducation publique du FAEJ - LEAF","isPartOf":{"@id":"https:\/\/www.leaf.ca\/fr\/#website"},"primaryImageOfPage":{"@id":"https:\/\/www.leaf.ca\/fr\/overview-public-education\/#primaryimage"},"image":{"@id":"https:\/\/www.leaf.ca\/fr\/overview-public-education\/#primaryimage"},"thumbnailUrl":"https:\/\/www.leaf.ca\/wp-content\/uploads\/2025\/05\/PLE_LEAF.png","datePublished":"2020-10-12T22:13:15+00:00","dateModified":"2021-07-26T18:50:13+00:00","breadcrumb":{"@id":"https:\/\/www.leaf.ca\/fr\/overview-public-education\/#breadcrumb"},"inLanguage":"fr-FR","potentialAction":[{"@type":"ReadAction","target":["https:\/\/www.leaf.ca\/fr\/overview-public-education\/"]}]},{"@type":"ImageObject","inLanguage":"fr-FR","@id":"https:\/\/www.leaf.ca\/fr\/overview-public-education\/#primaryimage","url":"https:\/\/www.leaf.ca\/wp-content\/uploads\/2025\/05\/PLE_LEAF.png","contentUrl":"https:\/\/www.leaf.ca\/wp-content\/uploads\/2025\/05\/PLE_LEAF.png","width":2560,"height":1600},{"@type":"BreadcrumbList","@id":"https:\/\/www.leaf.ca\/fr\/overview-public-education\/#breadcrumb","itemListElement":[{"@type":"ListItem","position":1,"name":"Home","item":"https:\/\/www.leaf.ca\/fr\/"},{"@type":"ListItem","position":2,"name":"Programme d\u2019\u00e9ducation publique du FAEJ"}]},{"@type":"WebSite","@id":"https:\/\/www.leaf.ca\/fr\/#website","url":"https:\/\/www.leaf.ca\/fr\/","name":"LEAF","description":"Women&#039;s Legal Education and Action Fund","publisher":{"@id":"https:\/\/www.leaf.ca\/fr\/#organization"},"potentialAction":[{"@type":"SearchAction","target":{"@type":"EntryPoint","urlTemplate":"https:\/\/www.leaf.ca\/fr\/?s={search_term_string}"},"query-input":{"@type":"PropertyValueSpecification","valueRequired":true,"valueName":"search_term_string"}}],"inLanguage":"fr-FR"},{"@type":"Organization","@id":"https:\/\/www.leaf.ca\/fr\/#organization","name":"LEAF","url":"https:\/\/www.leaf.ca\/fr\/","logo":{"@type":"ImageObject","inLanguage":"fr-FR","@id":"https:\/\/www.leaf.ca\/fr\/#\/schema\/logo\/image\/","url":"https:\/\/www.leaf.ca\/wp-content\/uploads\/2020\/09\/LEAF_FAEJ_hz_names_colour_rgb.svg","contentUrl":"https:\/\/www.leaf.ca\/wp-content\/uploads\/2020\/09\/LEAF_FAEJ_hz_names_colour_rgb.svg","width":612,"height":110,"caption":"LEAF"},"image":{"@id":"https:\/\/www.leaf.ca\/fr\/#\/schema\/logo\/image\/"}}]}},"_links":{"self":[{"href":"https:\/\/www.leaf.ca\/fr\/wp-json\/wp\/v2\/pages\/18902","targetHints":{"allow":["GET"]}}],"collection":[{"href":"https:\/\/www.leaf.ca\/fr\/wp-json\/wp\/v2\/pages"}],"about":[{"href":"https:\/\/www.leaf.ca\/fr\/wp-json\/wp\/v2\/types\/page"}],"author":[{"embeddable":true,"href":"https:\/\/www.leaf.ca\/fr\/wp-json\/wp\/v2\/users\/101024"}],"replies":[{"embeddable":true,"href":"https:\/\/www.leaf.ca\/fr\/wp-json\/wp\/v2\/comments?post=18902"}],"version-history":[{"count":4,"href":"https:\/\/www.leaf.ca\/fr\/wp-json\/wp\/v2\/pages\/18902\/revisions"}],"predecessor-version":[{"id":19537,"href":"https:\/\/www.leaf.ca\/fr\/wp-json\/wp\/v2\/pages\/18902\/revisions\/19537"}],"wp:featuredmedia":[{"embeddable":true,"href":"https:\/\/www.leaf.ca\/fr\/wp-json\/wp\/v2\/media\/25452"}],"wp:attachment":[{"href":"https:\/\/www.leaf.ca\/fr\/wp-json\/wp\/v2\/media?parent=18902"}],"curies":[{"name":"wp","href":"https:\/\/api.w.org\/{rel}","templated":true}]}}