{"id":18918,"date":"2014-06-17T09:47:02","date_gmt":"2014-06-17T13:47:02","guid":{"rendered":"https:\/\/www.leaf.ca\/donate\/"},"modified":"2023-11-01T22:09:12","modified_gmt":"2023-11-02T02:09:12","slug":"donate","status":"publish","type":"page","link":"https:\/\/www.leaf.ca\/fr\/donate\/","title":{"rendered":"FAITES UN DON AU FAEJ"},"content":{"rendered":"\n<p>Un don au FAEJ contribue \u00e0 l\u2019avancement du droit \u00e0 l\u2019\u00e9galit\u00e9 r\u00e9elle pour les femmes et les filles, au Canada, par le contentieux, la r\u00e9forme du droit et l\u2019\u00e9ducation du public. Votre soutien nous aidera \u00e0 poursuivre notre travail sur des enjeux tels que la discrimination fond\u00e9e sur le genre, l\u2019acc\u00e8s aux soins g\u00e9n\u00e9siques, les prestations de maternit\u00e9 et le soutien aux conjoint\u00b7e\u00b7s, et \u00e0 pr\u00e9venir l\u2019interf\u00e9rence de mythes et st\u00e9r\u00e9otypes dans les affaires d\u2019agression sexuelle.<\/p>\n\n\n\n<p>En faisant un don aujourd\u2019hui, vous vous joindrez \u00e0 d\u2019autres supporteur\u00b7trice\u00b7s qui souhaitent faire un r\u00e9el changement dans la vie des femmes. Votre soutien financier nous permettra de poursuivre nos activit\u00e9s d\u2019intervention dans des affaires juridiques, de r\u00e9forme du droit et d\u2019\u00e9ducation juridique, et de veiller \u00e0 ce que le droit garantisse l\u2019\u00e9galit\u00e9 pour tou\u00b7te\u00b7s.<\/p>\n\n\n\n<p><strong>Notre travail n\u2019est possible que gr\u00e2ce au g\u00e9n\u00e9reux soutien de donateur\u00b7trice\u00b7s comme vous!<\/strong><\/p>\n","protected":false},"excerpt":{"rendered":"<p>Un don au FAEJ contribue \u00e0 l\u2019avancement du droit \u00e0 l\u2019\u00e9galit\u00e9 r\u00e9elle pour les femmes et les filles, au Canada, par le contentieux, la r\u00e9forme du droit et l\u2019\u00e9ducation du public. Votre soutien nous aidera \u00e0 poursuivre notre travail sur des enjeux tels que la discrimination fond\u00e9e sur le genre, l\u2019acc\u00e8s aux soins g\u00e9n\u00e9siques, les [&hellip;]<\/p>\n","protected":false},"author":1,"featured_media":18920,"parent":0,"menu_order":1,"comment_status":"closed","ping_status":"open","template":"","meta":{"_acf_changed":false,"footnotes":""},"class_list":["post-18918","page","type-page","status-publish","has-post-thumbnail","hentry"],"acf":[],"yoast_head":"<!-- This site is optimized with the Yoast SEO plugin v27.4 - https:\/\/yoast.com\/product\/yoast-seo-wordpress\/ -->\n<title>FAITES UN DON AU FAEJ - LEAF<\/title>\n<meta name=\"robots\" content=\"index, follow, max-snippet:-1, max-image-preview:large, max-video-preview:-1\" \/>\n<link rel=\"canonical\" href=\"https:\/\/www.leaf.ca\/fr\/donate\/\" \/>\n<meta property=\"og:locale\" content=\"fr_FR\" \/>\n<meta property=\"og:type\" content=\"article\" \/>\n<meta property=\"og:title\" content=\"FAITES UN DON AU FAEJ - LEAF\" \/>\n<meta property=\"og:description\" content=\"Un don au FAEJ contribue \u00e0 l\u2019avancement du droit \u00e0 l\u2019\u00e9galit\u00e9 r\u00e9elle pour les femmes et les filles, au Canada, par le contentieux, la r\u00e9forme du droit et l\u2019\u00e9ducation du public. Votre soutien nous aidera \u00e0 poursuivre notre travail sur des enjeux tels que la discrimination fond\u00e9e sur le genre, l\u2019acc\u00e8s aux soins g\u00e9n\u00e9siques, les [&hellip;]\" \/>\n<meta property=\"og:url\" content=\"https:\/\/www.leaf.ca\/fr\/donate\/\" \/>\n<meta property=\"og:site_name\" content=\"LEAF\" \/>\n<meta property=\"article:modified_time\" content=\"2023-11-02T02:09:12+00:00\" \/>\n<meta property=\"og:image\" content=\"https:\/\/www.leaf.ca\/wp-content\/uploads\/2020\/10\/iStock-1163228217-scaled.jpg\" \/>\n\t<meta property=\"og:image:width\" content=\"2560\" \/>\n\t<meta property=\"og:image:height\" content=\"1706\" \/>\n\t<meta property=\"og:image:type\" content=\"image\/jpeg\" \/>\n<meta name=\"twitter:card\" content=\"summary_large_image\" \/>\n<meta name=\"twitter:label1\" content=\"Dur\u00e9e de lecture estim\u00e9e\" \/>\n\t<meta name=\"twitter:data1\" content=\"1 minute\" \/>\n<script type=\"application\/ld+json\" class=\"yoast-schema-graph\">{\"@context\":\"https:\\\/\\\/schema.org\",\"@graph\":[{\"@type\":\"WebPage\",\"@id\":\"https:\\\/\\\/www.leaf.ca\\\/fr\\\/donate\\\/\",\"url\":\"https:\\\/\\\/www.leaf.ca\\\/fr\\\/donate\\\/\",\"name\":\"FAITES UN DON AU FAEJ - LEAF\",\"isPartOf\":{\"@id\":\"https:\\\/\\\/www.leaf.ca\\\/fr\\\/#website\"},\"primaryImageOfPage\":{\"@id\":\"https:\\\/\\\/www.leaf.ca\\\/fr\\\/donate\\\/#primaryimage\"},\"image\":{\"@id\":\"https:\\\/\\\/www.leaf.ca\\\/fr\\\/donate\\\/#primaryimage\"},\"thumbnailUrl\":\"https:\\\/\\\/www.leaf.ca\\\/wp-content\\\/uploads\\\/2020\\\/10\\\/iStock-1163228217-scaled.jpg\",\"datePublished\":\"2014-06-17T13:47:02+00:00\",\"dateModified\":\"2023-11-02T02:09:12+00:00\",\"breadcrumb\":{\"@id\":\"https:\\\/\\\/www.leaf.ca\\\/fr\\\/donate\\\/#breadcrumb\"},\"inLanguage\":\"fr-FR\",\"potentialAction\":[{\"@type\":\"ReadAction\",\"target\":[\"https:\\\/\\\/www.leaf.ca\\\/fr\\\/donate\\\/\"]}]},{\"@type\":\"ImageObject\",\"inLanguage\":\"fr-FR\",\"@id\":\"https:\\\/\\\/www.leaf.ca\\\/fr\\\/donate\\\/#primaryimage\",\"url\":\"https:\\\/\\\/www.leaf.ca\\\/wp-content\\\/uploads\\\/2020\\\/10\\\/iStock-1163228217-scaled.jpg\",\"contentUrl\":\"https:\\\/\\\/www.leaf.ca\\\/wp-content\\\/uploads\\\/2020\\\/10\\\/iStock-1163228217-scaled.jpg\",\"width\":2560,\"height\":1706,\"caption\":\"Concept of charity and donation. Give and share your love to people. Hands holding a heart symbol and put hearts in a donation box with heart. Flat design, vector illustration.\"},{\"@type\":\"BreadcrumbList\",\"@id\":\"https:\\\/\\\/www.leaf.ca\\\/fr\\\/donate\\\/#breadcrumb\",\"itemListElement\":[{\"@type\":\"ListItem\",\"position\":1,\"name\":\"Home\",\"item\":\"https:\\\/\\\/www.leaf.ca\\\/fr\\\/\"},{\"@type\":\"ListItem\",\"position\":2,\"name\":\"FAITES UN DON AU FAEJ\"}]},{\"@type\":\"WebSite\",\"@id\":\"https:\\\/\\\/www.leaf.ca\\\/fr\\\/#website\",\"url\":\"https:\\\/\\\/www.leaf.ca\\\/fr\\\/\",\"name\":\"LEAF\",\"description\":\"Women&#039;s Legal Education and Action Fund\",\"publisher\":{\"@id\":\"https:\\\/\\\/www.leaf.ca\\\/fr\\\/#organization\"},\"potentialAction\":[{\"@type\":\"SearchAction\",\"target\":{\"@type\":\"EntryPoint\",\"urlTemplate\":\"https:\\\/\\\/www.leaf.ca\\\/fr\\\/?s={search_term_string}\"},\"query-input\":{\"@type\":\"PropertyValueSpecification\",\"valueRequired\":true,\"valueName\":\"search_term_string\"}}],\"inLanguage\":\"fr-FR\"},{\"@type\":\"Organization\",\"@id\":\"https:\\\/\\\/www.leaf.ca\\\/fr\\\/#organization\",\"name\":\"LEAF\",\"url\":\"https:\\\/\\\/www.leaf.ca\\\/fr\\\/\",\"logo\":{\"@type\":\"ImageObject\",\"inLanguage\":\"fr-FR\",\"@id\":\"https:\\\/\\\/www.leaf.ca\\\/fr\\\/#\\\/schema\\\/logo\\\/image\\\/\",\"url\":\"https:\\\/\\\/www.leaf.ca\\\/wp-content\\\/uploads\\\/2020\\\/09\\\/LEAF_FAEJ_hz_names_colour_rgb.svg\",\"contentUrl\":\"https:\\\/\\\/www.leaf.ca\\\/wp-content\\\/uploads\\\/2020\\\/09\\\/LEAF_FAEJ_hz_names_colour_rgb.svg\",\"width\":612,\"height\":110,\"caption\":\"LEAF\"},\"image\":{\"@id\":\"https:\\\/\\\/www.leaf.ca\\\/fr\\\/#\\\/schema\\\/logo\\\/image\\\/\"}}]}<\/script>\n<!-- \/ Yoast SEO plugin. -->","yoast_head_json":{"title":"FAITES UN DON AU FAEJ - LEAF","robots":{"index":"index","follow":"follow","max-snippet":"max-snippet:-1","max-image-preview":"max-image-preview:large","max-video-preview":"max-video-preview:-1"},"canonical":"https:\/\/www.leaf.ca\/fr\/donate\/","og_locale":"fr_FR","og_type":"article","og_title":"FAITES UN DON AU FAEJ - LEAF","og_description":"Un don au FAEJ contribue \u00e0 l\u2019avancement du droit \u00e0 l\u2019\u00e9galit\u00e9 r\u00e9elle pour les femmes et les filles, au Canada, par le contentieux, la r\u00e9forme du droit et l\u2019\u00e9ducation du public. Votre soutien nous aidera \u00e0 poursuivre notre travail sur des enjeux tels que la discrimination fond\u00e9e sur le genre, l\u2019acc\u00e8s aux soins g\u00e9n\u00e9siques, les [&hellip;]","og_url":"https:\/\/www.leaf.ca\/fr\/donate\/","og_site_name":"LEAF","article_modified_time":"2023-11-02T02:09:12+00:00","og_image":[{"width":2560,"height":1706,"url":"https:\/\/www.leaf.ca\/wp-content\/uploads\/2020\/10\/iStock-1163228217-scaled.jpg","type":"image\/jpeg"}],"twitter_card":"summary_large_image","twitter_misc":{"Dur\u00e9e de lecture estim\u00e9e":"1 minute"},"schema":{"@context":"https:\/\/schema.org","@graph":[{"@type":"WebPage","@id":"https:\/\/www.leaf.ca\/fr\/donate\/","url":"https:\/\/www.leaf.ca\/fr\/donate\/","name":"FAITES UN DON AU FAEJ - LEAF","isPartOf":{"@id":"https:\/\/www.leaf.ca\/fr\/#website"},"primaryImageOfPage":{"@id":"https:\/\/www.leaf.ca\/fr\/donate\/#primaryimage"},"image":{"@id":"https:\/\/www.leaf.ca\/fr\/donate\/#primaryimage"},"thumbnailUrl":"https:\/\/www.leaf.ca\/wp-content\/uploads\/2020\/10\/iStock-1163228217-scaled.jpg","datePublished":"2014-06-17T13:47:02+00:00","dateModified":"2023-11-02T02:09:12+00:00","breadcrumb":{"@id":"https:\/\/www.leaf.ca\/fr\/donate\/#breadcrumb"},"inLanguage":"fr-FR","potentialAction":[{"@type":"ReadAction","target":["https:\/\/www.leaf.ca\/fr\/donate\/"]}]},{"@type":"ImageObject","inLanguage":"fr-FR","@id":"https:\/\/www.leaf.ca\/fr\/donate\/#primaryimage","url":"https:\/\/www.leaf.ca\/wp-content\/uploads\/2020\/10\/iStock-1163228217-scaled.jpg","contentUrl":"https:\/\/www.leaf.ca\/wp-content\/uploads\/2020\/10\/iStock-1163228217-scaled.jpg","width":2560,"height":1706,"caption":"Concept of charity and donation. Give and share your love to people. Hands holding a heart symbol and put hearts in a donation box with heart. Flat design, vector illustration."},{"@type":"BreadcrumbList","@id":"https:\/\/www.leaf.ca\/fr\/donate\/#breadcrumb","itemListElement":[{"@type":"ListItem","position":1,"name":"Home","item":"https:\/\/www.leaf.ca\/fr\/"},{"@type":"ListItem","position":2,"name":"FAITES UN DON AU FAEJ"}]},{"@type":"WebSite","@id":"https:\/\/www.leaf.ca\/fr\/#website","url":"https:\/\/www.leaf.ca\/fr\/","name":"LEAF","description":"Women&#039;s Legal Education and Action Fund","publisher":{"@id":"https:\/\/www.leaf.ca\/fr\/#organization"},"potentialAction":[{"@type":"SearchAction","target":{"@type":"EntryPoint","urlTemplate":"https:\/\/www.leaf.ca\/fr\/?s={search_term_string}"},"query-input":{"@type":"PropertyValueSpecification","valueRequired":true,"valueName":"search_term_string"}}],"inLanguage":"fr-FR"},{"@type":"Organization","@id":"https:\/\/www.leaf.ca\/fr\/#organization","name":"LEAF","url":"https:\/\/www.leaf.ca\/fr\/","logo":{"@type":"ImageObject","inLanguage":"fr-FR","@id":"https:\/\/www.leaf.ca\/fr\/#\/schema\/logo\/image\/","url":"https:\/\/www.leaf.ca\/wp-content\/uploads\/2020\/09\/LEAF_FAEJ_hz_names_colour_rgb.svg","contentUrl":"https:\/\/www.leaf.ca\/wp-content\/uploads\/2020\/09\/LEAF_FAEJ_hz_names_colour_rgb.svg","width":612,"height":110,"caption":"LEAF"},"image":{"@id":"https:\/\/www.leaf.ca\/fr\/#\/schema\/logo\/image\/"}}]}},"_links":{"self":[{"href":"https:\/\/www.leaf.ca\/fr\/wp-json\/wp\/v2\/pages\/18918","targetHints":{"allow":["GET"]}}],"collection":[{"href":"https:\/\/www.leaf.ca\/fr\/wp-json\/wp\/v2\/pages"}],"about":[{"href":"https:\/\/www.leaf.ca\/fr\/wp-json\/wp\/v2\/types\/page"}],"author":[{"embeddable":true,"href":"https:\/\/www.leaf.ca\/fr\/wp-json\/wp\/v2\/users\/1"}],"replies":[{"embeddable":true,"href":"https:\/\/www.leaf.ca\/fr\/wp-json\/wp\/v2\/comments?post=18918"}],"version-history":[{"count":19,"href":"https:\/\/www.leaf.ca\/fr\/wp-json\/wp\/v2\/pages\/18918\/revisions"}],"predecessor-version":[{"id":23666,"href":"https:\/\/www.leaf.ca\/fr\/wp-json\/wp\/v2\/pages\/18918\/revisions\/23666"}],"wp:featuredmedia":[{"embeddable":true,"href":"https:\/\/www.leaf.ca\/fr\/wp-json\/wp\/v2\/media\/18920"}],"wp:attachment":[{"href":"https:\/\/www.leaf.ca\/fr\/wp-json\/wp\/v2\/media?parent=18918"}],"curies":[{"name":"wp","href":"https:\/\/api.w.org\/{rel}","templated":true}]}}