{"id":18943,"date":"2020-10-23T04:37:37","date_gmt":"2020-10-23T08:37:37","guid":{"rendered":"https:\/\/www.leaf.ca\/volunteer\/"},"modified":"2021-11-11T15:00:05","modified_gmt":"2021-11-11T20:00:05","slug":"volunteer","status":"publish","type":"page","link":"https:\/\/www.leaf.ca\/fr\/volunteer\/","title":{"rendered":"Devenez b\u00e9n\u00e9vole"},"content":{"rendered":"\n<p>Le travail d\u00e9vou\u00e9 de nos b\u00e9n\u00e9voles \u00e0 travers le pays est au c\u0153ur du succ\u00e8s du FAEJ. Les b\u00e9n\u00e9voles dirigent l\u2019organisation, si\u00e8gent \u00e0 des comit\u00e9s actifs, dirigent nos sections, aident \u00e0 affiner les arguments juridiques de le FAEJ et agissent \u00e0 titre d\u2019avocat dans les interventions de le FAEJ devant la Cour supr\u00eame du Canada et d\u2019autres cours d\u2019appel. Les b\u00e9n\u00e9voles soutiennent \u00e9galement les \u00e9v\u00e9nements annuels du FAEJ et jouent un r\u00f4le crucial dans la collecte de fonds. Il existe de nombreuses fa\u00e7ons pour les membres et amis du FAEJ de s&rsquo;impliquer.<\/p>\n\n\n\n<h3 class=\"wp-block-heading\">1. Joignez-vous \u00e0 la filiale locale du FAEJ<\/h3>\n\n\n\n<p>Les sections du FAEJ g\u00e8rent des programmes d&rsquo;\u00e9ducation publique pour les jeunes, organisent des \u00e9v\u00e9nements sur l&rsquo;\u00e9galit\u00e9 des genres au sein des communaut\u00e9s et s&rsquo;engagent dans des initiatives de r\u00e9forme du droit au niveau local. Les sections sont en grande partie g\u00e9r\u00e9es par des b\u00e9n\u00e9voles et sont toujours heureuses d&rsquo;accueillir de nouveaux b\u00e9n\u00e9voles! Trouvez votre section la plus proche et apprenez-en plus sur les activit\u00e9s locales <a href=\"https:\/\/www.leaf.ca\/overview\/?lang=fr\">ici<\/a>.<\/p>\n\n\n\n<h3 class=\"wp-block-heading\">2. Organisez des \u00e9v\u00e9nements avec le FAEJ National ou dans votre communaut\u00e9<\/h3>\n\n\n\n<p>Au niveau national et au niveau de la section, la FAEJ organise des activit\u00e9s de financement cl\u00e9s telles que la Journ\u00e9e de l&rsquo;\u00e9galit\u00e9 \u00e0 une date proche du 17 avril, c\u00e9l\u00e9brant l&rsquo;entr\u00e9e en vigueur de l&rsquo;article 15 de la Charte canadienne des droits et libert\u00e9s le 17 avril 1985. Des \u00e9v\u00e9nements de la Journ\u00e9e de la personne se d\u00e9roulent \u00e0 une date proche du 18 octobre. Ces \u00e9v\u00e9nements c\u00e9l\u00e8brent la reconnaissance des femmes canadiennes en tant que personnes le 18 octobre 1929 et r\u00e9fl\u00e9chissent \u00e0 ce que signifie \u00ab Identit\u00e9 personnelle \u00bb de nos jours. Les sections organisent d&rsquo;autres \u00e9v\u00e9nements tout au long de l&rsquo;ann\u00e9e, et cela est possible gr\u00e2ce aux b\u00e9n\u00e9voles de la section.<\/p>\n\n\n\n<p>Si vous souhaitez vous impliquer dans les \u00e9v\u00e9nements du FAEJ National, veuillez remplir notre formulaire de soumission comme b\u00e9n\u00e9vole <a href=\"https:\/\/www.leaf.ca\/wp-content\/uploads\/2021\/11\/Formulaire-de-candidature-de-benevolat-pour-le-FAEJ.pdf\" target=\"_blank\" rel=\"noreferrer noopener\">ici<\/a>. Si vous souhaitez participer \u00e0 des \u00e9v\u00e9nements dans votre communaut\u00e9, trouvez votre section la plus proche <a href=\"https:\/\/www.leaf.ca\/overview\/?lang=fr\">ici<\/a> et contactez-nous.<\/p>\n\n\n\n<h3 class=\"wp-block-heading\">3. Soutien du bureau<\/h3>\n\n\n\n<p>Des opportunit\u00e9s peuvent se pr\u00e9senter pour que les b\u00e9n\u00e9voles aident au bureau national du FAEJ. Les volontaires potentiels peuvent fournir un soutien au moyen d\u2019une gamme de t\u00e2ches administratives, y compris l&rsquo;organisation et l\u2019entretien de la base de donn\u00e9es, le classement et la pr\u00e9paration du mat\u00e9riel, entre autres t\u00e2ches. Si vous souhaitez aider le bureau national du FAEJ, veuillez remplir notre formulaire d\u2019offre de b\u00e9n\u00e9volat <a href=\"https:\/\/www.leaf.ca\/wp-content\/uploads\/2021\/11\/Formulaire-de-candidature-de-benevolat-pour-le-FAEJ.pdf\">ici<\/a>.<\/p>\n\n\n\n<h3 class=\"wp-block-heading\">4. Mener des recherches juridiques sur les droits \u00e0 l&rsquo;\u00e9galit\u00e9<\/h3>\n\n\n\n<p>Afin d&rsquo;intervenir dans les affaires judiciaires et de construire des postes de r\u00e9forme du droit, le FAEJ s&rsquo;appuie sur des avocats b\u00e9n\u00e9voles et des \u00e9tudiants en droit pour mener des recherches juridiques. Pour cela, nous sommes tr\u00e8s reconnaissants! Si vous souhaitez contribuer \u00e0 notre travail juridique, veuillez remplir notre formulaire d\u2019offre de b\u00e9n\u00e9volat <a href=\"https:\/\/www.leaf.ca\/wp-content\/uploads\/2021\/11\/Formulaire-de-candidature-de-benevolat-pour-le-FAEJ.pdf\" target=\"_blank\" rel=\"noreferrer noopener\">ici<\/a>. Veuillez noter que nous avons une capacit\u00e9 limit\u00e9e \u00e0 embaucher des \u00e9tudiants en droit comme stagiaires ou \u00e9tudiants d&rsquo;\u00e9t\u00e9 &#8211; pour les stages, les externats ou les opportunit\u00e9s d&rsquo;\u00e9tudiants d&rsquo;\u00e9t\u00e9, veuillez visiter notre page <a href=\"https:\/\/www.leaf.ca\/about-leaf\/employment-opportunities\/\">Opportunit\u00e9s d&#8217;emploi<\/a>.<\/p>\n\n\n\n<h3 class=\"wp-block-heading\">5. Devenez un avocat pro bono du FAEJ<\/h3>\n\n\n\n<p>Le FAEJ accueille favorablement les offres d&rsquo;assistance des avocats et des cabinets b\u00e9n\u00e9voles. Une fois que le conseil d&rsquo;administration du FAEJ aura approuv\u00e9 une action, le FAEJ retient les services d&rsquo;un avocat pro bono. Une fois qu&rsquo;un avocat est choisi et retenu par le FAEJ, il travaille avec un comit\u00e9 de cas compos\u00e9 d&rsquo;universitaires juridiques b\u00e9n\u00e9voles, de praticiens du droit et d&rsquo;organisateurs communautaires, ainsi que du personnel juridique de lu FAEJ. Ensemble, et sous les instructions du directeur ex\u00e9cutif et avocat g\u00e9n\u00e9ral du FAEJ, le (s) avocat (s) b\u00e9n\u00e9vole (s) et le comit\u00e9 charg\u00e9 du dossier d\u00e9veloppent la th\u00e9orie et l&rsquo;argumentation juridiques de l&rsquo;affaire, r\u00e9digent les soumissions et pr\u00e9parent la documentation pour le tribunal. Le (s) avocat (s) pro bono iront au tribunal pour plaider la cause. Si vous souhaitez devenir avocat b\u00e9n\u00e9vole pour le FAEJ, veuillez remplir ce <a href=\"https:\/\/www.leaf.ca\/wp-content\/uploads\/2021\/11\/Formulaire-de-soumission-comme-avocat.e-pro-Bono-et-Membre-du-comite-des-cas.pdf\" target=\"_blank\" rel=\"noreferrer noopener\">formulaire de soumission<\/a>.<\/p>\n\n\n\n<h3 class=\"wp-block-heading\">6. \u00catre membre du comit\u00e9 de cas<\/h3>\n\n\n\n<p>Les interventions du FAEJ sont guid\u00e9es, inform\u00e9es et soutenues par un comit\u00e9 de cas compos\u00e9 d\u2019universitaires, de praticiens et d\u2019organisateurs communautaires ayant une expertise dans les questions pertinentes. Les membres du comit\u00e9 de cas du FAEJ travaillent en \u00e9troite collaboration avec le personnel de la FAEJ et les avocats b\u00e9n\u00e9voles pour d\u00e9velopper la th\u00e9orie et l&rsquo;argumentation juridiques de l&rsquo;affaire. Cela garantit que les arguments du FAEJ sont ancr\u00e9s \u00e0 la fois sur la th\u00e9orie juridique f\u00e9ministe et sur les exp\u00e9riences v\u00e9cues par les femmes. Si vous travaillez dans l&rsquo;un de nos <a href=\"https:\/\/www.leaf.ca\/our-work\/?lang=fr\" target=\"_blank\" rel=\"noreferrer noopener\">domaines<\/a>, veuillez envisager de si\u00e9ger \u00e0 l&rsquo;un de nos comit\u00e9s de cas. Si vous souhaitez si\u00e9ger \u00e0 un comit\u00e9 de cas du FAEJ, veuillez remplir ce <a href=\"https:\/\/www.leaf.ca\/wp-content\/uploads\/2021\/11\/Formulaire-de-soumission-comme-avocat.e-pro-Bono-et-Membre-du-comite-des-cas.pdf\" target=\"_blank\" rel=\"noreferrer noopener\">formulaire de candidature<\/a>.<\/p>\n","protected":false},"excerpt":{"rendered":"<p>Le travail d\u00e9vou\u00e9 de nos b\u00e9n\u00e9voles \u00e0 travers le pays est au c\u0153ur du succ\u00e8s du FAEJ. Les b\u00e9n\u00e9voles dirigent l\u2019organisation, si\u00e8gent \u00e0 des comit\u00e9s actifs, dirigent nos sections, aident \u00e0 affiner les arguments juridiques de le FAEJ et agissent \u00e0 titre d\u2019avocat dans les interventions de le FAEJ devant la Cour supr\u00eame du Canada [&hellip;]<\/p>\n","protected":false},"author":101018,"featured_media":25456,"parent":0,"menu_order":0,"comment_status":"closed","ping_status":"closed","template":"","meta":{"_acf_changed":false,"footnotes":""},"class_list":["post-18943","page","type-page","status-publish","has-post-thumbnail","hentry"],"acf":[],"yoast_head":"<!-- This site is optimized with the Yoast SEO plugin v27.1.1 - https:\/\/yoast.com\/product\/yoast-seo-wordpress\/ -->\n<title>Devenez b\u00e9n\u00e9vole - LEAF<\/title>\n<meta name=\"robots\" content=\"index, follow, max-snippet:-1, max-image-preview:large, max-video-preview:-1\" \/>\n<link rel=\"canonical\" href=\"https:\/\/www.leaf.ca\/fr\/volunteer\/\" \/>\n<meta property=\"og:locale\" content=\"fr_FR\" \/>\n<meta property=\"og:type\" content=\"article\" \/>\n<meta property=\"og:title\" content=\"Devenez b\u00e9n\u00e9vole - LEAF\" \/>\n<meta property=\"og:description\" content=\"Le travail d\u00e9vou\u00e9 de nos b\u00e9n\u00e9voles \u00e0 travers le pays est au c\u0153ur du succ\u00e8s du FAEJ. Les b\u00e9n\u00e9voles dirigent l\u2019organisation, si\u00e8gent \u00e0 des comit\u00e9s actifs, dirigent nos sections, aident \u00e0 affiner les arguments juridiques de le FAEJ et agissent \u00e0 titre d\u2019avocat dans les interventions de le FAEJ devant la Cour supr\u00eame du Canada [&hellip;]\" \/>\n<meta property=\"og:url\" content=\"https:\/\/www.leaf.ca\/fr\/volunteer\/\" \/>\n<meta property=\"og:site_name\" content=\"LEAF\" \/>\n<meta property=\"article:modified_time\" content=\"2021-11-11T20:00:05+00:00\" \/>\n<meta property=\"og:image\" content=\"https:\/\/www.leaf.ca\/wp-content\/uploads\/2020\/09\/iStock-1186187464.png\" \/>\n\t<meta property=\"og:image:width\" content=\"1041\" \/>\n\t<meta property=\"og:image:height\" content=\"520\" \/>\n\t<meta property=\"og:image:type\" content=\"image\/png\" \/>\n<meta name=\"twitter:card\" content=\"summary_large_image\" \/>\n<meta name=\"twitter:label1\" content=\"Dur\u00e9e de lecture estim\u00e9e\" \/>\n\t<meta name=\"twitter:data1\" content=\"4 minutes\" \/>\n<script type=\"application\/ld+json\" class=\"yoast-schema-graph\">{\"@context\":\"https:\/\/schema.org\",\"@graph\":[{\"@type\":\"WebPage\",\"@id\":\"https:\/\/www.leaf.ca\/fr\/volunteer\/\",\"url\":\"https:\/\/www.leaf.ca\/fr\/volunteer\/\",\"name\":\"Devenez b\u00e9n\u00e9vole - LEAF\",\"isPartOf\":{\"@id\":\"https:\/\/www.leaf.ca\/fr\/#website\"},\"primaryImageOfPage\":{\"@id\":\"https:\/\/www.leaf.ca\/fr\/volunteer\/#primaryimage\"},\"image\":{\"@id\":\"https:\/\/www.leaf.ca\/fr\/volunteer\/#primaryimage\"},\"thumbnailUrl\":\"https:\/\/www.leaf.ca\/wp-content\/uploads\/2025\/05\/Volunteer_LEAF.png\",\"datePublished\":\"2020-10-23T08:37:37+00:00\",\"dateModified\":\"2021-11-11T20:00:05+00:00\",\"breadcrumb\":{\"@id\":\"https:\/\/www.leaf.ca\/fr\/volunteer\/#breadcrumb\"},\"inLanguage\":\"fr-FR\",\"potentialAction\":[{\"@type\":\"ReadAction\",\"target\":[\"https:\/\/www.leaf.ca\/fr\/volunteer\/\"]}]},{\"@type\":\"ImageObject\",\"inLanguage\":\"fr-FR\",\"@id\":\"https:\/\/www.leaf.ca\/fr\/volunteer\/#primaryimage\",\"url\":\"https:\/\/www.leaf.ca\/wp-content\/uploads\/2025\/05\/Volunteer_LEAF.png\",\"contentUrl\":\"https:\/\/www.leaf.ca\/wp-content\/uploads\/2025\/05\/Volunteer_LEAF.png\",\"width\":2560,\"height\":1600},{\"@type\":\"BreadcrumbList\",\"@id\":\"https:\/\/www.leaf.ca\/fr\/volunteer\/#breadcrumb\",\"itemListElement\":[{\"@type\":\"ListItem\",\"position\":1,\"name\":\"Home\",\"item\":\"https:\/\/www.leaf.ca\/fr\/\"},{\"@type\":\"ListItem\",\"position\":2,\"name\":\"Devenez b\u00e9n\u00e9vole\"}]},{\"@type\":\"WebSite\",\"@id\":\"https:\/\/www.leaf.ca\/fr\/#website\",\"url\":\"https:\/\/www.leaf.ca\/fr\/\",\"name\":\"LEAF\",\"description\":\"Women&#039;s Legal Education and Action Fund\",\"publisher\":{\"@id\":\"https:\/\/www.leaf.ca\/fr\/#organization\"},\"potentialAction\":[{\"@type\":\"SearchAction\",\"target\":{\"@type\":\"EntryPoint\",\"urlTemplate\":\"https:\/\/www.leaf.ca\/fr\/?s={search_term_string}\"},\"query-input\":{\"@type\":\"PropertyValueSpecification\",\"valueRequired\":true,\"valueName\":\"search_term_string\"}}],\"inLanguage\":\"fr-FR\"},{\"@type\":\"Organization\",\"@id\":\"https:\/\/www.leaf.ca\/fr\/#organization\",\"name\":\"LEAF\",\"url\":\"https:\/\/www.leaf.ca\/fr\/\",\"logo\":{\"@type\":\"ImageObject\",\"inLanguage\":\"fr-FR\",\"@id\":\"https:\/\/www.leaf.ca\/fr\/#\/schema\/logo\/image\/\",\"url\":\"https:\/\/www.leaf.ca\/wp-content\/uploads\/2020\/09\/LEAF_FAEJ_hz_names_colour_rgb.svg\",\"contentUrl\":\"https:\/\/www.leaf.ca\/wp-content\/uploads\/2020\/09\/LEAF_FAEJ_hz_names_colour_rgb.svg\",\"width\":612,\"height\":110,\"caption\":\"LEAF\"},\"image\":{\"@id\":\"https:\/\/www.leaf.ca\/fr\/#\/schema\/logo\/image\/\"}}]}<\/script>\n<!-- \/ Yoast SEO plugin. -->","yoast_head_json":{"title":"Devenez b\u00e9n\u00e9vole - LEAF","robots":{"index":"index","follow":"follow","max-snippet":"max-snippet:-1","max-image-preview":"max-image-preview:large","max-video-preview":"max-video-preview:-1"},"canonical":"https:\/\/www.leaf.ca\/fr\/volunteer\/","og_locale":"fr_FR","og_type":"article","og_title":"Devenez b\u00e9n\u00e9vole - LEAF","og_description":"Le travail d\u00e9vou\u00e9 de nos b\u00e9n\u00e9voles \u00e0 travers le pays est au c\u0153ur du succ\u00e8s du FAEJ. Les b\u00e9n\u00e9voles dirigent l\u2019organisation, si\u00e8gent \u00e0 des comit\u00e9s actifs, dirigent nos sections, aident \u00e0 affiner les arguments juridiques de le FAEJ et agissent \u00e0 titre d\u2019avocat dans les interventions de le FAEJ devant la Cour supr\u00eame du Canada [&hellip;]","og_url":"https:\/\/www.leaf.ca\/fr\/volunteer\/","og_site_name":"LEAF","article_modified_time":"2021-11-11T20:00:05+00:00","og_image":[{"width":1041,"height":520,"url":"https:\/\/www.leaf.ca\/wp-content\/uploads\/2020\/09\/iStock-1186187464.png","type":"image\/png"}],"twitter_card":"summary_large_image","twitter_misc":{"Dur\u00e9e de lecture estim\u00e9e":"4 minutes"},"schema":{"@context":"https:\/\/schema.org","@graph":[{"@type":"WebPage","@id":"https:\/\/www.leaf.ca\/fr\/volunteer\/","url":"https:\/\/www.leaf.ca\/fr\/volunteer\/","name":"Devenez b\u00e9n\u00e9vole - LEAF","isPartOf":{"@id":"https:\/\/www.leaf.ca\/fr\/#website"},"primaryImageOfPage":{"@id":"https:\/\/www.leaf.ca\/fr\/volunteer\/#primaryimage"},"image":{"@id":"https:\/\/www.leaf.ca\/fr\/volunteer\/#primaryimage"},"thumbnailUrl":"https:\/\/www.leaf.ca\/wp-content\/uploads\/2025\/05\/Volunteer_LEAF.png","datePublished":"2020-10-23T08:37:37+00:00","dateModified":"2021-11-11T20:00:05+00:00","breadcrumb":{"@id":"https:\/\/www.leaf.ca\/fr\/volunteer\/#breadcrumb"},"inLanguage":"fr-FR","potentialAction":[{"@type":"ReadAction","target":["https:\/\/www.leaf.ca\/fr\/volunteer\/"]}]},{"@type":"ImageObject","inLanguage":"fr-FR","@id":"https:\/\/www.leaf.ca\/fr\/volunteer\/#primaryimage","url":"https:\/\/www.leaf.ca\/wp-content\/uploads\/2025\/05\/Volunteer_LEAF.png","contentUrl":"https:\/\/www.leaf.ca\/wp-content\/uploads\/2025\/05\/Volunteer_LEAF.png","width":2560,"height":1600},{"@type":"BreadcrumbList","@id":"https:\/\/www.leaf.ca\/fr\/volunteer\/#breadcrumb","itemListElement":[{"@type":"ListItem","position":1,"name":"Home","item":"https:\/\/www.leaf.ca\/fr\/"},{"@type":"ListItem","position":2,"name":"Devenez b\u00e9n\u00e9vole"}]},{"@type":"WebSite","@id":"https:\/\/www.leaf.ca\/fr\/#website","url":"https:\/\/www.leaf.ca\/fr\/","name":"LEAF","description":"Women&#039;s Legal Education and Action Fund","publisher":{"@id":"https:\/\/www.leaf.ca\/fr\/#organization"},"potentialAction":[{"@type":"SearchAction","target":{"@type":"EntryPoint","urlTemplate":"https:\/\/www.leaf.ca\/fr\/?s={search_term_string}"},"query-input":{"@type":"PropertyValueSpecification","valueRequired":true,"valueName":"search_term_string"}}],"inLanguage":"fr-FR"},{"@type":"Organization","@id":"https:\/\/www.leaf.ca\/fr\/#organization","name":"LEAF","url":"https:\/\/www.leaf.ca\/fr\/","logo":{"@type":"ImageObject","inLanguage":"fr-FR","@id":"https:\/\/www.leaf.ca\/fr\/#\/schema\/logo\/image\/","url":"https:\/\/www.leaf.ca\/wp-content\/uploads\/2020\/09\/LEAF_FAEJ_hz_names_colour_rgb.svg","contentUrl":"https:\/\/www.leaf.ca\/wp-content\/uploads\/2020\/09\/LEAF_FAEJ_hz_names_colour_rgb.svg","width":612,"height":110,"caption":"LEAF"},"image":{"@id":"https:\/\/www.leaf.ca\/fr\/#\/schema\/logo\/image\/"}}]}},"_links":{"self":[{"href":"https:\/\/www.leaf.ca\/fr\/wp-json\/wp\/v2\/pages\/18943","targetHints":{"allow":["GET"]}}],"collection":[{"href":"https:\/\/www.leaf.ca\/fr\/wp-json\/wp\/v2\/pages"}],"about":[{"href":"https:\/\/www.leaf.ca\/fr\/wp-json\/wp\/v2\/types\/page"}],"author":[{"embeddable":true,"href":"https:\/\/www.leaf.ca\/fr\/wp-json\/wp\/v2\/users\/101018"}],"replies":[{"embeddable":true,"href":"https:\/\/www.leaf.ca\/fr\/wp-json\/wp\/v2\/comments?post=18943"}],"version-history":[{"count":6,"href":"https:\/\/www.leaf.ca\/fr\/wp-json\/wp\/v2\/pages\/18943\/revisions"}],"predecessor-version":[{"id":21955,"href":"https:\/\/www.leaf.ca\/fr\/wp-json\/wp\/v2\/pages\/18943\/revisions\/21955"}],"wp:featuredmedia":[{"embeddable":true,"href":"https:\/\/www.leaf.ca\/fr\/wp-json\/wp\/v2\/media\/25456"}],"wp:attachment":[{"href":"https:\/\/www.leaf.ca\/fr\/wp-json\/wp\/v2\/media?parent=18943"}],"curies":[{"name":"wp","href":"https:\/\/api.w.org\/{rel}","templated":true}]}}