{"id":18950,"date":"2020-10-23T04:38:19","date_gmt":"2020-10-23T08:38:19","guid":{"rendered":"https:\/\/www.leaf.ca\/become-a-leaf-pro-bono-lawyer\/"},"modified":"2021-11-11T14:58:06","modified_gmt":"2021-11-11T19:58:06","slug":"become-a-leaf-pro-bono-lawyer","status":"publish","type":"page","link":"https:\/\/www.leaf.ca\/fr\/become-a-leaf-pro-bono-lawyer\/","title":{"rendered":"Devenez un avocat pro bono de la FAEJ"},"content":{"rendered":"\n<p>Le FAEJ accueille favorablement les offres d&rsquo;assistance des avocats et des cabinets pro bono. Une fois que le conseil d&rsquo;administration du FAEJ a approuv\u00e9 une action, le FAEJ retient les services d&rsquo;un avocat pro bono. Une fois qu&rsquo;un avocat est choisi et retenu par le FAEJ, il travaille avec un comit\u00e9 de cas compos\u00e9 d&rsquo;universitaires juridiques b\u00e9n\u00e9voles, de juristes et d&rsquo;organisateurs communautaires, ainsi que du personnel juridique de le FAEJ. Ensemble, et sous les instructions du directeur ex\u00e9cutif et avocat g\u00e9n\u00e9ral du FAEJ, le (s) avocat (s) b\u00e9n\u00e9vole (s) et le comit\u00e9 charg\u00e9 du dossier d\u00e9veloppent la th\u00e9orie et l&rsquo;argumentation juridiques de l&rsquo;affaire, r\u00e9digent les soumissions et pr\u00e9parent la documentation pour le tribunal. Le (s) avocat (s) pro bono iront au tribunal pour plaider la cause.<\/p>\n\n\n\n<p>Si vous souhaitez devenir avocat b\u00e9n\u00e9vole pour le FAEJ, veuillez soumettre votre CV et ce <a href=\"https:\/\/www.leaf.ca\/wp-content\/uploads\/2021\/11\/Formulaire-de-soumission-comme-avocat.e-pro-Bono-et-Membre-du-comite-des-cas.pdf\" target=\"_blank\" rel=\"noreferrer noopener\">formulaire de demande<\/a> \u00e0 <a href=\"mailto:info@leaf.ca\">info@leaf.ca<\/a>. Dans votre courriel, veuillez pr\u00e9ciser que vous souhaitez devenir b\u00e9n\u00e9vole en tant qu\u2019avocat b\u00e9n\u00e9vole.<\/p>\n","protected":false},"excerpt":{"rendered":"<p>Le FAEJ accueille favorablement les offres d&rsquo;assistance des avocats et des cabinets pro bono. Une fois que le conseil d&rsquo;administration du FAEJ a approuv\u00e9 une action, le FAEJ retient les services d&rsquo;un avocat pro bono. Une fois qu&rsquo;un avocat est choisi et retenu par le FAEJ, il travaille avec un comit\u00e9 de cas compos\u00e9 d&rsquo;universitaires [&hellip;]<\/p>\n","protected":false},"author":101018,"featured_media":25466,"parent":0,"menu_order":0,"comment_status":"closed","ping_status":"closed","template":"","meta":{"_acf_changed":false,"footnotes":""},"class_list":["post-18950","page","type-page","status-publish","has-post-thumbnail","hentry"],"acf":[],"yoast_head":"<!-- This site is optimized with the Yoast SEO plugin v27.1.1 - https:\/\/yoast.com\/product\/yoast-seo-wordpress\/ -->\n<title>Devenez un avocat pro bono de la FAEJ - LEAF<\/title>\n<meta name=\"robots\" content=\"index, follow, max-snippet:-1, max-image-preview:large, max-video-preview:-1\" \/>\n<link rel=\"canonical\" href=\"https:\/\/www.leaf.ca\/fr\/become-a-leaf-pro-bono-lawyer\/\" \/>\n<meta property=\"og:locale\" content=\"fr_FR\" \/>\n<meta property=\"og:type\" content=\"article\" \/>\n<meta property=\"og:title\" content=\"Devenez un avocat pro bono de la FAEJ - LEAF\" \/>\n<meta property=\"og:description\" content=\"Le FAEJ accueille favorablement les offres d&rsquo;assistance des avocats et des cabinets pro bono. Une fois que le conseil d&rsquo;administration du FAEJ a approuv\u00e9 une action, le FAEJ retient les services d&rsquo;un avocat pro bono. Une fois qu&rsquo;un avocat est choisi et retenu par le FAEJ, il travaille avec un comit\u00e9 de cas compos\u00e9 d&rsquo;universitaires [&hellip;]\" \/>\n<meta property=\"og:url\" content=\"https:\/\/www.leaf.ca\/fr\/become-a-leaf-pro-bono-lawyer\/\" \/>\n<meta property=\"og:site_name\" content=\"LEAF\" \/>\n<meta property=\"article:modified_time\" content=\"2021-11-11T19:58:06+00:00\" \/>\n<meta name=\"twitter:card\" content=\"summary_large_image\" \/>\n<meta name=\"twitter:label1\" content=\"Dur\u00e9e de lecture estim\u00e9e\" \/>\n\t<meta name=\"twitter:data1\" content=\"1 minute\" \/>\n<script type=\"application\/ld+json\" class=\"yoast-schema-graph\">{\"@context\":\"https:\/\/schema.org\",\"@graph\":[{\"@type\":\"WebPage\",\"@id\":\"https:\/\/www.leaf.ca\/fr\/become-a-leaf-pro-bono-lawyer\/\",\"url\":\"https:\/\/www.leaf.ca\/fr\/become-a-leaf-pro-bono-lawyer\/\",\"name\":\"Devenez un avocat pro bono de la FAEJ - LEAF\",\"isPartOf\":{\"@id\":\"https:\/\/www.leaf.ca\/fr\/#website\"},\"primaryImageOfPage\":{\"@id\":\"https:\/\/www.leaf.ca\/fr\/become-a-leaf-pro-bono-lawyer\/#primaryimage\"},\"image\":{\"@id\":\"https:\/\/www.leaf.ca\/fr\/become-a-leaf-pro-bono-lawyer\/#primaryimage\"},\"thumbnailUrl\":\"https:\/\/www.leaf.ca\/wp-content\/uploads\/2025\/05\/Pro-Bono_LEAF-1.png\",\"datePublished\":\"2020-10-23T08:38:19+00:00\",\"dateModified\":\"2021-11-11T19:58:06+00:00\",\"breadcrumb\":{\"@id\":\"https:\/\/www.leaf.ca\/fr\/become-a-leaf-pro-bono-lawyer\/#breadcrumb\"},\"inLanguage\":\"fr-FR\",\"potentialAction\":[{\"@type\":\"ReadAction\",\"target\":[\"https:\/\/www.leaf.ca\/fr\/become-a-leaf-pro-bono-lawyer\/\"]}]},{\"@type\":\"ImageObject\",\"inLanguage\":\"fr-FR\",\"@id\":\"https:\/\/www.leaf.ca\/fr\/become-a-leaf-pro-bono-lawyer\/#primaryimage\",\"url\":\"https:\/\/www.leaf.ca\/wp-content\/uploads\/2025\/05\/Pro-Bono_LEAF-1.png\",\"contentUrl\":\"https:\/\/www.leaf.ca\/wp-content\/uploads\/2025\/05\/Pro-Bono_LEAF-1.png\",\"width\":2560,\"height\":1600},{\"@type\":\"BreadcrumbList\",\"@id\":\"https:\/\/www.leaf.ca\/fr\/become-a-leaf-pro-bono-lawyer\/#breadcrumb\",\"itemListElement\":[{\"@type\":\"ListItem\",\"position\":1,\"name\":\"Home\",\"item\":\"https:\/\/www.leaf.ca\/fr\/\"},{\"@type\":\"ListItem\",\"position\":2,\"name\":\"Devenez un avocat pro bono de la FAEJ\"}]},{\"@type\":\"WebSite\",\"@id\":\"https:\/\/www.leaf.ca\/fr\/#website\",\"url\":\"https:\/\/www.leaf.ca\/fr\/\",\"name\":\"LEAF\",\"description\":\"Women&#039;s Legal Education and Action Fund\",\"publisher\":{\"@id\":\"https:\/\/www.leaf.ca\/fr\/#organization\"},\"potentialAction\":[{\"@type\":\"SearchAction\",\"target\":{\"@type\":\"EntryPoint\",\"urlTemplate\":\"https:\/\/www.leaf.ca\/fr\/?s={search_term_string}\"},\"query-input\":{\"@type\":\"PropertyValueSpecification\",\"valueRequired\":true,\"valueName\":\"search_term_string\"}}],\"inLanguage\":\"fr-FR\"},{\"@type\":\"Organization\",\"@id\":\"https:\/\/www.leaf.ca\/fr\/#organization\",\"name\":\"LEAF\",\"url\":\"https:\/\/www.leaf.ca\/fr\/\",\"logo\":{\"@type\":\"ImageObject\",\"inLanguage\":\"fr-FR\",\"@id\":\"https:\/\/www.leaf.ca\/fr\/#\/schema\/logo\/image\/\",\"url\":\"https:\/\/www.leaf.ca\/wp-content\/uploads\/2020\/09\/LEAF_FAEJ_hz_names_colour_rgb.svg\",\"contentUrl\":\"https:\/\/www.leaf.ca\/wp-content\/uploads\/2020\/09\/LEAF_FAEJ_hz_names_colour_rgb.svg\",\"width\":612,\"height\":110,\"caption\":\"LEAF\"},\"image\":{\"@id\":\"https:\/\/www.leaf.ca\/fr\/#\/schema\/logo\/image\/\"}}]}<\/script>\n<!-- \/ Yoast SEO plugin. -->","yoast_head_json":{"title":"Devenez un avocat pro bono de la FAEJ - LEAF","robots":{"index":"index","follow":"follow","max-snippet":"max-snippet:-1","max-image-preview":"max-image-preview:large","max-video-preview":"max-video-preview:-1"},"canonical":"https:\/\/www.leaf.ca\/fr\/become-a-leaf-pro-bono-lawyer\/","og_locale":"fr_FR","og_type":"article","og_title":"Devenez un avocat pro bono de la FAEJ - LEAF","og_description":"Le FAEJ accueille favorablement les offres d&rsquo;assistance des avocats et des cabinets pro bono. Une fois que le conseil d&rsquo;administration du FAEJ a approuv\u00e9 une action, le FAEJ retient les services d&rsquo;un avocat pro bono. Une fois qu&rsquo;un avocat est choisi et retenu par le FAEJ, il travaille avec un comit\u00e9 de cas compos\u00e9 d&rsquo;universitaires [&hellip;]","og_url":"https:\/\/www.leaf.ca\/fr\/become-a-leaf-pro-bono-lawyer\/","og_site_name":"LEAF","article_modified_time":"2021-11-11T19:58:06+00:00","twitter_card":"summary_large_image","twitter_misc":{"Dur\u00e9e de lecture estim\u00e9e":"1 minute"},"schema":{"@context":"https:\/\/schema.org","@graph":[{"@type":"WebPage","@id":"https:\/\/www.leaf.ca\/fr\/become-a-leaf-pro-bono-lawyer\/","url":"https:\/\/www.leaf.ca\/fr\/become-a-leaf-pro-bono-lawyer\/","name":"Devenez un avocat pro bono de la FAEJ - LEAF","isPartOf":{"@id":"https:\/\/www.leaf.ca\/fr\/#website"},"primaryImageOfPage":{"@id":"https:\/\/www.leaf.ca\/fr\/become-a-leaf-pro-bono-lawyer\/#primaryimage"},"image":{"@id":"https:\/\/www.leaf.ca\/fr\/become-a-leaf-pro-bono-lawyer\/#primaryimage"},"thumbnailUrl":"https:\/\/www.leaf.ca\/wp-content\/uploads\/2025\/05\/Pro-Bono_LEAF-1.png","datePublished":"2020-10-23T08:38:19+00:00","dateModified":"2021-11-11T19:58:06+00:00","breadcrumb":{"@id":"https:\/\/www.leaf.ca\/fr\/become-a-leaf-pro-bono-lawyer\/#breadcrumb"},"inLanguage":"fr-FR","potentialAction":[{"@type":"ReadAction","target":["https:\/\/www.leaf.ca\/fr\/become-a-leaf-pro-bono-lawyer\/"]}]},{"@type":"ImageObject","inLanguage":"fr-FR","@id":"https:\/\/www.leaf.ca\/fr\/become-a-leaf-pro-bono-lawyer\/#primaryimage","url":"https:\/\/www.leaf.ca\/wp-content\/uploads\/2025\/05\/Pro-Bono_LEAF-1.png","contentUrl":"https:\/\/www.leaf.ca\/wp-content\/uploads\/2025\/05\/Pro-Bono_LEAF-1.png","width":2560,"height":1600},{"@type":"BreadcrumbList","@id":"https:\/\/www.leaf.ca\/fr\/become-a-leaf-pro-bono-lawyer\/#breadcrumb","itemListElement":[{"@type":"ListItem","position":1,"name":"Home","item":"https:\/\/www.leaf.ca\/fr\/"},{"@type":"ListItem","position":2,"name":"Devenez un avocat pro bono de la FAEJ"}]},{"@type":"WebSite","@id":"https:\/\/www.leaf.ca\/fr\/#website","url":"https:\/\/www.leaf.ca\/fr\/","name":"LEAF","description":"Women&#039;s Legal Education and Action Fund","publisher":{"@id":"https:\/\/www.leaf.ca\/fr\/#organization"},"potentialAction":[{"@type":"SearchAction","target":{"@type":"EntryPoint","urlTemplate":"https:\/\/www.leaf.ca\/fr\/?s={search_term_string}"},"query-input":{"@type":"PropertyValueSpecification","valueRequired":true,"valueName":"search_term_string"}}],"inLanguage":"fr-FR"},{"@type":"Organization","@id":"https:\/\/www.leaf.ca\/fr\/#organization","name":"LEAF","url":"https:\/\/www.leaf.ca\/fr\/","logo":{"@type":"ImageObject","inLanguage":"fr-FR","@id":"https:\/\/www.leaf.ca\/fr\/#\/schema\/logo\/image\/","url":"https:\/\/www.leaf.ca\/wp-content\/uploads\/2020\/09\/LEAF_FAEJ_hz_names_colour_rgb.svg","contentUrl":"https:\/\/www.leaf.ca\/wp-content\/uploads\/2020\/09\/LEAF_FAEJ_hz_names_colour_rgb.svg","width":612,"height":110,"caption":"LEAF"},"image":{"@id":"https:\/\/www.leaf.ca\/fr\/#\/schema\/logo\/image\/"}}]}},"_links":{"self":[{"href":"https:\/\/www.leaf.ca\/fr\/wp-json\/wp\/v2\/pages\/18950","targetHints":{"allow":["GET"]}}],"collection":[{"href":"https:\/\/www.leaf.ca\/fr\/wp-json\/wp\/v2\/pages"}],"about":[{"href":"https:\/\/www.leaf.ca\/fr\/wp-json\/wp\/v2\/types\/page"}],"author":[{"embeddable":true,"href":"https:\/\/www.leaf.ca\/fr\/wp-json\/wp\/v2\/users\/101018"}],"replies":[{"embeddable":true,"href":"https:\/\/www.leaf.ca\/fr\/wp-json\/wp\/v2\/comments?post=18950"}],"version-history":[{"count":5,"href":"https:\/\/www.leaf.ca\/fr\/wp-json\/wp\/v2\/pages\/18950\/revisions"}],"predecessor-version":[{"id":21953,"href":"https:\/\/www.leaf.ca\/fr\/wp-json\/wp\/v2\/pages\/18950\/revisions\/21953"}],"wp:featuredmedia":[{"embeddable":true,"href":"https:\/\/www.leaf.ca\/fr\/wp-json\/wp\/v2\/media\/25466"}],"wp:attachment":[{"href":"https:\/\/www.leaf.ca\/fr\/wp-json\/wp\/v2\/media?parent=18950"}],"curies":[{"name":"wp","href":"https:\/\/api.w.org\/{rel}","templated":true}]}}