{"id":18957,"date":"2020-10-23T04:38:54","date_gmt":"2020-10-23T08:38:54","guid":{"rendered":"https:\/\/www.leaf.ca\/partner-with-leaf\/"},"modified":"2021-09-09T14:24:37","modified_gmt":"2021-09-09T18:24:37","slug":"partner-with-leaf","status":"publish","type":"page","link":"https:\/\/www.leaf.ca\/fr\/partner-with-leaf\/","title":{"rendered":"Partenariat avec le FAEJ"},"content":{"rendered":"\n<p>Le partenariat communautaire permet une collaboration transversale intersectorielle qui renforce les demandes d&rsquo;\u00e9galit\u00e9 des genres et enrichit les strat\u00e9gies pour y parvenir. Les femmes et les personnes de genres diff\u00e9rents subissent la discrimination sexuelle de diff\u00e9rentes mani\u00e8res, en partie en fonction de leurs communaut\u00e9s et identit\u00e9s particuli\u00e8res. Les femmes connaissent les probl\u00e8mes qui affectent leur s\u00e9curit\u00e9, leurs libert\u00e9s et leur pleine participation \u00e0 la soci\u00e9t\u00e9. Le FAEJ travaille avec des organisations communautaires pour ancrer son plaidoyer juridique sur les exp\u00e9riences v\u00e9cues uniques des femmes et des personnes de diverses genres en mati\u00e8re d\u2019in\u00e9galit\u00e9 entre les sexes.<\/p>\n\n\n\n<p>Le FAEJ est reconnaissant envers ses partenaires communautaires, car les partenariats renforcent toujours les demandes d&rsquo;\u00e9galit\u00e9 des genres. Le partenariat du FAEJ avec l\u2019Institut pour l\u2019avancement des femmes autochtones (IAAW) illustre cette v\u00e9rit\u00e9. En 2016, le FAEJ et l&rsquo;IAAW se sont associ\u00e9es pour intervenir dans l&rsquo;appel dans l&rsquo;affaire R c. <a href=\"https:\/\/www.leaf.ca\/leaf-iaaw-to-monitor-r-v-barton-appeal\/\">Barton<\/a> (l&rsquo;affaire judiciaire qui a acquitt\u00e9 Barton du meurtre de Cindy Gladue) et l&rsquo;enqu\u00eate sur le juge <a href=\"https:\/\/www.leaf.ca\/canadian-judicial-council-committee-recommends-justice-robin-camps-removal\/\" target=\"_blank\" rel=\"noreferrer noopener\">Robin Camp<\/a>. L\u2019approche collaborative de ces questions nous a permis de pr\u00e9senter des arguments solides contre la discrimination syst\u00e9mique \u00e0 laquelle les femmes autochtones sont confront\u00e9es par les syst\u00e8mes de justice du Canada. Le FAEJ est heureux de participer \u00e0 de tels partenariats dans nos efforts pour lutter contre la violence continue contre les femmes autochtones.&nbsp;<\/p>\n\n\n\n<p>Si votre organisation souhaite travailler avec le FAEJ sur une question li\u00e9e \u00e0 l&rsquo;\u00e9galit\u00e9 des genres, veuillez nous envoyer un courriel \u00e0 <a href=\"mailto:info@leaf.ca\" target=\"_blank\" rel=\"noreferrer noopener\">info@leaf.ca<\/a>.<\/p>\n","protected":false},"excerpt":{"rendered":"<p>Le partenariat communautaire permet une collaboration transversale intersectorielle qui renforce les demandes d&rsquo;\u00e9galit\u00e9 des genres et enrichit les strat\u00e9gies pour y parvenir. Les femmes et les personnes de genres diff\u00e9rents subissent la discrimination sexuelle de diff\u00e9rentes mani\u00e8res, en partie en fonction de leurs communaut\u00e9s et identit\u00e9s particuli\u00e8res. Les femmes connaissent les probl\u00e8mes qui affectent leur [&hellip;]<\/p>\n","protected":false},"author":101018,"featured_media":0,"parent":0,"menu_order":0,"comment_status":"closed","ping_status":"closed","template":"","meta":{"_acf_changed":false,"footnotes":""},"class_list":["post-18957","page","type-page","status-publish","hentry"],"acf":[],"yoast_head":"<!-- This site is optimized with the Yoast SEO plugin v27.1.1 - https:\/\/yoast.com\/product\/yoast-seo-wordpress\/ -->\n<title>Partenariat avec le FAEJ - LEAF<\/title>\n<meta name=\"robots\" content=\"index, follow, max-snippet:-1, max-image-preview:large, max-video-preview:-1\" \/>\n<link rel=\"canonical\" href=\"https:\/\/www.leaf.ca\/fr\/partner-with-leaf\/\" \/>\n<meta property=\"og:locale\" content=\"fr_FR\" \/>\n<meta property=\"og:type\" content=\"article\" \/>\n<meta property=\"og:title\" content=\"Partenariat avec le FAEJ - LEAF\" \/>\n<meta property=\"og:description\" content=\"Le partenariat communautaire permet une collaboration transversale intersectorielle qui renforce les demandes d&rsquo;\u00e9galit\u00e9 des genres et enrichit les strat\u00e9gies pour y parvenir. Les femmes et les personnes de genres diff\u00e9rents subissent la discrimination sexuelle de diff\u00e9rentes mani\u00e8res, en partie en fonction de leurs communaut\u00e9s et identit\u00e9s particuli\u00e8res. Les femmes connaissent les probl\u00e8mes qui affectent leur [&hellip;]\" \/>\n<meta property=\"og:url\" content=\"https:\/\/www.leaf.ca\/fr\/partner-with-leaf\/\" \/>\n<meta property=\"og:site_name\" content=\"LEAF\" \/>\n<meta property=\"article:modified_time\" content=\"2021-09-09T18:24:37+00:00\" \/>\n<meta name=\"twitter:card\" content=\"summary_large_image\" \/>\n<meta name=\"twitter:label1\" content=\"Dur\u00e9e de lecture estim\u00e9e\" \/>\n\t<meta name=\"twitter:data1\" content=\"2 minutes\" \/>\n<script type=\"application\/ld+json\" class=\"yoast-schema-graph\">{\"@context\":\"https:\/\/schema.org\",\"@graph\":[{\"@type\":\"WebPage\",\"@id\":\"https:\/\/www.leaf.ca\/fr\/partner-with-leaf\/\",\"url\":\"https:\/\/www.leaf.ca\/fr\/partner-with-leaf\/\",\"name\":\"Partenariat avec le FAEJ - LEAF\",\"isPartOf\":{\"@id\":\"https:\/\/www.leaf.ca\/fr\/#website\"},\"datePublished\":\"2020-10-23T08:38:54+00:00\",\"dateModified\":\"2021-09-09T18:24:37+00:00\",\"breadcrumb\":{\"@id\":\"https:\/\/www.leaf.ca\/fr\/partner-with-leaf\/#breadcrumb\"},\"inLanguage\":\"fr-FR\",\"potentialAction\":[{\"@type\":\"ReadAction\",\"target\":[\"https:\/\/www.leaf.ca\/fr\/partner-with-leaf\/\"]}]},{\"@type\":\"BreadcrumbList\",\"@id\":\"https:\/\/www.leaf.ca\/fr\/partner-with-leaf\/#breadcrumb\",\"itemListElement\":[{\"@type\":\"ListItem\",\"position\":1,\"name\":\"Home\",\"item\":\"https:\/\/www.leaf.ca\/fr\/\"},{\"@type\":\"ListItem\",\"position\":2,\"name\":\"Partenariat avec le FAEJ\"}]},{\"@type\":\"WebSite\",\"@id\":\"https:\/\/www.leaf.ca\/fr\/#website\",\"url\":\"https:\/\/www.leaf.ca\/fr\/\",\"name\":\"LEAF\",\"description\":\"Women&#039;s Legal Education and Action Fund\",\"publisher\":{\"@id\":\"https:\/\/www.leaf.ca\/fr\/#organization\"},\"potentialAction\":[{\"@type\":\"SearchAction\",\"target\":{\"@type\":\"EntryPoint\",\"urlTemplate\":\"https:\/\/www.leaf.ca\/fr\/?s={search_term_string}\"},\"query-input\":{\"@type\":\"PropertyValueSpecification\",\"valueRequired\":true,\"valueName\":\"search_term_string\"}}],\"inLanguage\":\"fr-FR\"},{\"@type\":\"Organization\",\"@id\":\"https:\/\/www.leaf.ca\/fr\/#organization\",\"name\":\"LEAF\",\"url\":\"https:\/\/www.leaf.ca\/fr\/\",\"logo\":{\"@type\":\"ImageObject\",\"inLanguage\":\"fr-FR\",\"@id\":\"https:\/\/www.leaf.ca\/fr\/#\/schema\/logo\/image\/\",\"url\":\"https:\/\/www.leaf.ca\/wp-content\/uploads\/2020\/09\/LEAF_FAEJ_hz_names_colour_rgb.svg\",\"contentUrl\":\"https:\/\/www.leaf.ca\/wp-content\/uploads\/2020\/09\/LEAF_FAEJ_hz_names_colour_rgb.svg\",\"width\":612,\"height\":110,\"caption\":\"LEAF\"},\"image\":{\"@id\":\"https:\/\/www.leaf.ca\/fr\/#\/schema\/logo\/image\/\"}}]}<\/script>\n<!-- \/ Yoast SEO plugin. -->","yoast_head_json":{"title":"Partenariat avec le FAEJ - LEAF","robots":{"index":"index","follow":"follow","max-snippet":"max-snippet:-1","max-image-preview":"max-image-preview:large","max-video-preview":"max-video-preview:-1"},"canonical":"https:\/\/www.leaf.ca\/fr\/partner-with-leaf\/","og_locale":"fr_FR","og_type":"article","og_title":"Partenariat avec le FAEJ - LEAF","og_description":"Le partenariat communautaire permet une collaboration transversale intersectorielle qui renforce les demandes d&rsquo;\u00e9galit\u00e9 des genres et enrichit les strat\u00e9gies pour y parvenir. Les femmes et les personnes de genres diff\u00e9rents subissent la discrimination sexuelle de diff\u00e9rentes mani\u00e8res, en partie en fonction de leurs communaut\u00e9s et identit\u00e9s particuli\u00e8res. Les femmes connaissent les probl\u00e8mes qui affectent leur [&hellip;]","og_url":"https:\/\/www.leaf.ca\/fr\/partner-with-leaf\/","og_site_name":"LEAF","article_modified_time":"2021-09-09T18:24:37+00:00","twitter_card":"summary_large_image","twitter_misc":{"Dur\u00e9e de lecture estim\u00e9e":"2 minutes"},"schema":{"@context":"https:\/\/schema.org","@graph":[{"@type":"WebPage","@id":"https:\/\/www.leaf.ca\/fr\/partner-with-leaf\/","url":"https:\/\/www.leaf.ca\/fr\/partner-with-leaf\/","name":"Partenariat avec le FAEJ - LEAF","isPartOf":{"@id":"https:\/\/www.leaf.ca\/fr\/#website"},"datePublished":"2020-10-23T08:38:54+00:00","dateModified":"2021-09-09T18:24:37+00:00","breadcrumb":{"@id":"https:\/\/www.leaf.ca\/fr\/partner-with-leaf\/#breadcrumb"},"inLanguage":"fr-FR","potentialAction":[{"@type":"ReadAction","target":["https:\/\/www.leaf.ca\/fr\/partner-with-leaf\/"]}]},{"@type":"BreadcrumbList","@id":"https:\/\/www.leaf.ca\/fr\/partner-with-leaf\/#breadcrumb","itemListElement":[{"@type":"ListItem","position":1,"name":"Home","item":"https:\/\/www.leaf.ca\/fr\/"},{"@type":"ListItem","position":2,"name":"Partenariat avec le FAEJ"}]},{"@type":"WebSite","@id":"https:\/\/www.leaf.ca\/fr\/#website","url":"https:\/\/www.leaf.ca\/fr\/","name":"LEAF","description":"Women&#039;s Legal Education and Action Fund","publisher":{"@id":"https:\/\/www.leaf.ca\/fr\/#organization"},"potentialAction":[{"@type":"SearchAction","target":{"@type":"EntryPoint","urlTemplate":"https:\/\/www.leaf.ca\/fr\/?s={search_term_string}"},"query-input":{"@type":"PropertyValueSpecification","valueRequired":true,"valueName":"search_term_string"}}],"inLanguage":"fr-FR"},{"@type":"Organization","@id":"https:\/\/www.leaf.ca\/fr\/#organization","name":"LEAF","url":"https:\/\/www.leaf.ca\/fr\/","logo":{"@type":"ImageObject","inLanguage":"fr-FR","@id":"https:\/\/www.leaf.ca\/fr\/#\/schema\/logo\/image\/","url":"https:\/\/www.leaf.ca\/wp-content\/uploads\/2020\/09\/LEAF_FAEJ_hz_names_colour_rgb.svg","contentUrl":"https:\/\/www.leaf.ca\/wp-content\/uploads\/2020\/09\/LEAF_FAEJ_hz_names_colour_rgb.svg","width":612,"height":110,"caption":"LEAF"},"image":{"@id":"https:\/\/www.leaf.ca\/fr\/#\/schema\/logo\/image\/"}}]}},"_links":{"self":[{"href":"https:\/\/www.leaf.ca\/fr\/wp-json\/wp\/v2\/pages\/18957","targetHints":{"allow":["GET"]}}],"collection":[{"href":"https:\/\/www.leaf.ca\/fr\/wp-json\/wp\/v2\/pages"}],"about":[{"href":"https:\/\/www.leaf.ca\/fr\/wp-json\/wp\/v2\/types\/page"}],"author":[{"embeddable":true,"href":"https:\/\/www.leaf.ca\/fr\/wp-json\/wp\/v2\/users\/101018"}],"replies":[{"embeddable":true,"href":"https:\/\/www.leaf.ca\/fr\/wp-json\/wp\/v2\/comments?post=18957"}],"version-history":[{"count":4,"href":"https:\/\/www.leaf.ca\/fr\/wp-json\/wp\/v2\/pages\/18957\/revisions"}],"predecessor-version":[{"id":20018,"href":"https:\/\/www.leaf.ca\/fr\/wp-json\/wp\/v2\/pages\/18957\/revisions\/20018"}],"wp:attachment":[{"href":"https:\/\/www.leaf.ca\/fr\/wp-json\/wp\/v2\/media?parent=18957"}],"curies":[{"name":"wp","href":"https:\/\/api.w.org\/{rel}","templated":true}]}}