{"id":18987,"date":"2015-05-08T08:49:13","date_gmt":"2015-05-08T12:49:13","guid":{"rendered":"https:\/\/www.leaf.ca\/annapellatmemorialfund\/"},"modified":"2021-07-26T14:50:58","modified_gmt":"2021-07-26T18:50:58","slug":"annapellatmemorialfund","status":"publish","type":"page","link":"https:\/\/www.leaf.ca\/fr\/annapellatmemorialfund\/","title":{"rendered":"Fonds comm\u00e9moratif Anna Pellatt"},"content":{"rendered":"<p><span style=\"font-weight: 400;\">Anna \u00e9tait une militante f\u00e9ministe, engag\u00e9e pour la justice sociale qui a utilis\u00e9 ses talents et son intelligence pour \u0153uvrer en faveur du changement social. Dipl\u00f4m\u00e9e de la Osgoode Hall Law School en 1980, elle a \u00e9t\u00e9 admise au Barreau de l&rsquo;Ontario en 1982 et a obtenu une ma\u00eetrise en droit en 1993. Au moment de son d\u00e9c\u00e8s, Anna \u00e9tait directrice des \u00e9tudes juridiques \u00e0 l&rsquo;Universit\u00e9 Athabasca et \u00e9tait une experte en droits \u00e0 l&rsquo;\u00e9galit\u00e9, protection de l&rsquo;enfance, droits des enfants et droits des Autochtones. En 1996-1997, elle a \u00e9t\u00e9 charg\u00e9e de cours Belzberg en droit constitutionnel \u00e0 la Facult\u00e9 de droit de l&rsquo;Universit\u00e9 de l&rsquo;Alberta. Anna \u00e9tait membre fondatrice de la Coalition pour la paix des femmes arabes et juives (Arab and Jewish Women\u2019s Peace Coalition), un groupe bas\u00e9 \u00e0 Edmonton qui promeut le dialogue et la paix entre les Arabes et les Juifs aux paliers locaux, nationaux et internationaux.<\/span><\/p>\n<p><span style=\"font-weight: 400;\">Anna \u00e9tait une fervente partisane du FAEJ et a si\u00e9g\u00e9 au Comit\u00e9 juridique national. Sa th\u00e8se de ma\u00eetrise \u00e0 la Facult\u00e9 de droit de l\u2019Universit\u00e9 de l\u2019Alberta portait sur le FAEJ et le f\u00e9minisme en droit. (La th\u00e8se est disponible \u00e0 la biblioth\u00e8que de droit de l&rsquo;Universit\u00e9 de l&rsquo;Alberta: voir \u00ab\u00a0The Disruptive Feminist Voice in Law\u00a0\u00bb, KF 478 Z9 P385 1993.)<\/span><\/p>\n<p><span style=\"font-weight: 400;\">Anna est d\u00e9c\u00e9d\u00e9e \u00e0 47 ans en 2002, \u00e0 la suite d&rsquo;une lutte contre le cancer. Pour honorer sa m\u00e9moire, un groupe d&rsquo;amis a cr\u00e9\u00e9 un fonds comm\u00e9moratif. Le fonds a contribu\u00e9 pendant 5 ans aux co\u00fbts associ\u00e9s au petit-d\u00e9jeuner offert par le FAEJ pour la journ\u00e9e des personnes \u00e0 Edmonton, et pendant ces ann\u00e9es, la conf\u00e9rence pour ce jour \u00e9tait intitul\u00e9e \u00ab\u00a0La conf\u00e9rence comm\u00e9morative Anna Sari Pellatt\u00a0\u00bb.<\/span><\/p>\n\n\n<p><\/p>\n","protected":false},"excerpt":{"rendered":"<p>Anna \u00e9tait une militante f\u00e9ministe, engag\u00e9e pour la justice sociale qui a utilis\u00e9 ses talents et son intelligence pour \u0153uvrer en faveur du changement social. Dipl\u00f4m\u00e9e de la Osgoode Hall Law School en 1980, elle a \u00e9t\u00e9 admise au Barreau de l&rsquo;Ontario en 1982 et a obtenu une ma\u00eetrise en droit en 1993. Au moment [&hellip;]<\/p>\n","protected":false},"author":14,"featured_media":0,"parent":0,"menu_order":10,"comment_status":"closed","ping_status":"open","template":"","meta":{"_acf_changed":false,"footnotes":""},"class_list":["post-18987","page","type-page","status-publish","hentry"],"acf":[],"yoast_head":"<!-- This site is optimized with the Yoast SEO plugin v27.4 - https:\/\/yoast.com\/product\/yoast-seo-wordpress\/ -->\n<title>Fonds comm\u00e9moratif Anna Pellatt - LEAF<\/title>\n<meta name=\"robots\" content=\"index, follow, max-snippet:-1, max-image-preview:large, max-video-preview:-1\" \/>\n<link rel=\"canonical\" href=\"https:\/\/www.leaf.ca\/fr\/annapellatmemorialfund\/\" \/>\n<meta property=\"og:locale\" content=\"fr_FR\" \/>\n<meta property=\"og:type\" content=\"article\" \/>\n<meta property=\"og:title\" content=\"Fonds comm\u00e9moratif Anna Pellatt - LEAF\" \/>\n<meta property=\"og:description\" content=\"Anna \u00e9tait une militante f\u00e9ministe, engag\u00e9e pour la justice sociale qui a utilis\u00e9 ses talents et son intelligence pour \u0153uvrer en faveur du changement social. Dipl\u00f4m\u00e9e de la Osgoode Hall Law School en 1980, elle a \u00e9t\u00e9 admise au Barreau de l&rsquo;Ontario en 1982 et a obtenu une ma\u00eetrise en droit en 1993. Au moment [&hellip;]\" \/>\n<meta property=\"og:url\" content=\"https:\/\/www.leaf.ca\/fr\/annapellatmemorialfund\/\" \/>\n<meta property=\"og:site_name\" content=\"LEAF\" \/>\n<meta property=\"article:modified_time\" content=\"2021-07-26T18:50:58+00:00\" \/>\n<meta name=\"twitter:card\" content=\"summary_large_image\" \/>\n<meta name=\"twitter:label1\" content=\"Dur\u00e9e de lecture estim\u00e9e\" \/>\n\t<meta name=\"twitter:data1\" content=\"2 minutes\" \/>\n<script type=\"application\/ld+json\" class=\"yoast-schema-graph\">{\"@context\":\"https:\\\/\\\/schema.org\",\"@graph\":[{\"@type\":\"WebPage\",\"@id\":\"https:\\\/\\\/www.leaf.ca\\\/fr\\\/annapellatmemorialfund\\\/\",\"url\":\"https:\\\/\\\/www.leaf.ca\\\/fr\\\/annapellatmemorialfund\\\/\",\"name\":\"Fonds comm\u00e9moratif Anna Pellatt - LEAF\",\"isPartOf\":{\"@id\":\"https:\\\/\\\/www.leaf.ca\\\/fr\\\/#website\"},\"datePublished\":\"2015-05-08T12:49:13+00:00\",\"dateModified\":\"2021-07-26T18:50:58+00:00\",\"breadcrumb\":{\"@id\":\"https:\\\/\\\/www.leaf.ca\\\/fr\\\/annapellatmemorialfund\\\/#breadcrumb\"},\"inLanguage\":\"fr-FR\",\"potentialAction\":[{\"@type\":\"ReadAction\",\"target\":[\"https:\\\/\\\/www.leaf.ca\\\/fr\\\/annapellatmemorialfund\\\/\"]}]},{\"@type\":\"BreadcrumbList\",\"@id\":\"https:\\\/\\\/www.leaf.ca\\\/fr\\\/annapellatmemorialfund\\\/#breadcrumb\",\"itemListElement\":[{\"@type\":\"ListItem\",\"position\":1,\"name\":\"Home\",\"item\":\"https:\\\/\\\/www.leaf.ca\\\/fr\\\/\"},{\"@type\":\"ListItem\",\"position\":2,\"name\":\"Fonds comm\u00e9moratif Anna Pellatt\"}]},{\"@type\":\"WebSite\",\"@id\":\"https:\\\/\\\/www.leaf.ca\\\/fr\\\/#website\",\"url\":\"https:\\\/\\\/www.leaf.ca\\\/fr\\\/\",\"name\":\"LEAF\",\"description\":\"Women&#039;s Legal Education and Action Fund\",\"publisher\":{\"@id\":\"https:\\\/\\\/www.leaf.ca\\\/fr\\\/#organization\"},\"potentialAction\":[{\"@type\":\"SearchAction\",\"target\":{\"@type\":\"EntryPoint\",\"urlTemplate\":\"https:\\\/\\\/www.leaf.ca\\\/fr\\\/?s={search_term_string}\"},\"query-input\":{\"@type\":\"PropertyValueSpecification\",\"valueRequired\":true,\"valueName\":\"search_term_string\"}}],\"inLanguage\":\"fr-FR\"},{\"@type\":\"Organization\",\"@id\":\"https:\\\/\\\/www.leaf.ca\\\/fr\\\/#organization\",\"name\":\"LEAF\",\"url\":\"https:\\\/\\\/www.leaf.ca\\\/fr\\\/\",\"logo\":{\"@type\":\"ImageObject\",\"inLanguage\":\"fr-FR\",\"@id\":\"https:\\\/\\\/www.leaf.ca\\\/fr\\\/#\\\/schema\\\/logo\\\/image\\\/\",\"url\":\"https:\\\/\\\/www.leaf.ca\\\/wp-content\\\/uploads\\\/2020\\\/09\\\/LEAF_FAEJ_hz_names_colour_rgb.svg\",\"contentUrl\":\"https:\\\/\\\/www.leaf.ca\\\/wp-content\\\/uploads\\\/2020\\\/09\\\/LEAF_FAEJ_hz_names_colour_rgb.svg\",\"width\":612,\"height\":110,\"caption\":\"LEAF\"},\"image\":{\"@id\":\"https:\\\/\\\/www.leaf.ca\\\/fr\\\/#\\\/schema\\\/logo\\\/image\\\/\"}}]}<\/script>\n<!-- \/ Yoast SEO plugin. -->","yoast_head_json":{"title":"Fonds comm\u00e9moratif Anna Pellatt - LEAF","robots":{"index":"index","follow":"follow","max-snippet":"max-snippet:-1","max-image-preview":"max-image-preview:large","max-video-preview":"max-video-preview:-1"},"canonical":"https:\/\/www.leaf.ca\/fr\/annapellatmemorialfund\/","og_locale":"fr_FR","og_type":"article","og_title":"Fonds comm\u00e9moratif Anna Pellatt - LEAF","og_description":"Anna \u00e9tait une militante f\u00e9ministe, engag\u00e9e pour la justice sociale qui a utilis\u00e9 ses talents et son intelligence pour \u0153uvrer en faveur du changement social. Dipl\u00f4m\u00e9e de la Osgoode Hall Law School en 1980, elle a \u00e9t\u00e9 admise au Barreau de l&rsquo;Ontario en 1982 et a obtenu une ma\u00eetrise en droit en 1993. Au moment [&hellip;]","og_url":"https:\/\/www.leaf.ca\/fr\/annapellatmemorialfund\/","og_site_name":"LEAF","article_modified_time":"2021-07-26T18:50:58+00:00","twitter_card":"summary_large_image","twitter_misc":{"Dur\u00e9e de lecture estim\u00e9e":"2 minutes"},"schema":{"@context":"https:\/\/schema.org","@graph":[{"@type":"WebPage","@id":"https:\/\/www.leaf.ca\/fr\/annapellatmemorialfund\/","url":"https:\/\/www.leaf.ca\/fr\/annapellatmemorialfund\/","name":"Fonds comm\u00e9moratif Anna Pellatt - LEAF","isPartOf":{"@id":"https:\/\/www.leaf.ca\/fr\/#website"},"datePublished":"2015-05-08T12:49:13+00:00","dateModified":"2021-07-26T18:50:58+00:00","breadcrumb":{"@id":"https:\/\/www.leaf.ca\/fr\/annapellatmemorialfund\/#breadcrumb"},"inLanguage":"fr-FR","potentialAction":[{"@type":"ReadAction","target":["https:\/\/www.leaf.ca\/fr\/annapellatmemorialfund\/"]}]},{"@type":"BreadcrumbList","@id":"https:\/\/www.leaf.ca\/fr\/annapellatmemorialfund\/#breadcrumb","itemListElement":[{"@type":"ListItem","position":1,"name":"Home","item":"https:\/\/www.leaf.ca\/fr\/"},{"@type":"ListItem","position":2,"name":"Fonds comm\u00e9moratif Anna Pellatt"}]},{"@type":"WebSite","@id":"https:\/\/www.leaf.ca\/fr\/#website","url":"https:\/\/www.leaf.ca\/fr\/","name":"LEAF","description":"Women&#039;s Legal Education and Action Fund","publisher":{"@id":"https:\/\/www.leaf.ca\/fr\/#organization"},"potentialAction":[{"@type":"SearchAction","target":{"@type":"EntryPoint","urlTemplate":"https:\/\/www.leaf.ca\/fr\/?s={search_term_string}"},"query-input":{"@type":"PropertyValueSpecification","valueRequired":true,"valueName":"search_term_string"}}],"inLanguage":"fr-FR"},{"@type":"Organization","@id":"https:\/\/www.leaf.ca\/fr\/#organization","name":"LEAF","url":"https:\/\/www.leaf.ca\/fr\/","logo":{"@type":"ImageObject","inLanguage":"fr-FR","@id":"https:\/\/www.leaf.ca\/fr\/#\/schema\/logo\/image\/","url":"https:\/\/www.leaf.ca\/wp-content\/uploads\/2020\/09\/LEAF_FAEJ_hz_names_colour_rgb.svg","contentUrl":"https:\/\/www.leaf.ca\/wp-content\/uploads\/2020\/09\/LEAF_FAEJ_hz_names_colour_rgb.svg","width":612,"height":110,"caption":"LEAF"},"image":{"@id":"https:\/\/www.leaf.ca\/fr\/#\/schema\/logo\/image\/"}}]}},"_links":{"self":[{"href":"https:\/\/www.leaf.ca\/fr\/wp-json\/wp\/v2\/pages\/18987","targetHints":{"allow":["GET"]}}],"collection":[{"href":"https:\/\/www.leaf.ca\/fr\/wp-json\/wp\/v2\/pages"}],"about":[{"href":"https:\/\/www.leaf.ca\/fr\/wp-json\/wp\/v2\/types\/page"}],"author":[{"embeddable":true,"href":"https:\/\/www.leaf.ca\/fr\/wp-json\/wp\/v2\/users\/14"}],"replies":[{"embeddable":true,"href":"https:\/\/www.leaf.ca\/fr\/wp-json\/wp\/v2\/comments?post=18987"}],"version-history":[{"count":3,"href":"https:\/\/www.leaf.ca\/fr\/wp-json\/wp\/v2\/pages\/18987\/revisions"}],"predecessor-version":[{"id":19542,"href":"https:\/\/www.leaf.ca\/fr\/wp-json\/wp\/v2\/pages\/18987\/revisions\/19542"}],"wp:attachment":[{"href":"https:\/\/www.leaf.ca\/fr\/wp-json\/wp\/v2\/media?parent=18987"}],"curies":[{"name":"wp","href":"https:\/\/api.w.org\/{rel}","templated":true}]}}