{"id":19034,"date":"2014-06-17T09:44:04","date_gmt":"2014-06-17T13:44:04","guid":{"rendered":"https:\/\/www.leaf.ca\/privacy-policy\/"},"modified":"2021-07-26T14:38:55","modified_gmt":"2021-07-26T18:38:55","slug":"privacy-policy","status":"publish","type":"page","link":"https:\/\/www.leaf.ca\/fr\/privacy-policy\/","title":{"rendered":"Politique relative \u00e0 la vie priv\u00e9e"},"content":{"rendered":"<div class=\"entry\">\n<h3>Politique relative \u00e0 la vie priv\u00e9e<\/h3>\n<p>La Loi sur la protection des renseignements personnels et les documents \u00e9lectroniques (LPRPD\u00c9) ainsi que la l\u00e9gislation provinciale relative \u00e0 la vie priv\u00e9e r\u00e9glementent la fa\u00e7on dont les organisations du secteur priv\u00e9 recueillent, utilisent, conservent, s\u00e9curisent et divulguent des renseignements personnels. Le FAEJ reconna\u00eet l\u2019importance de la vie priv\u00e9e et s\u2019engage \u00e0 prot\u00e9ger la privaut\u00e9 de nos membres, des membres des succursales individuelles et des donateurs. Tous les renseignements recueillis, utilis\u00e9s et\/ou divulgu\u00e9s par le FAEJ le sont en conformit\u00e9 avec la pr\u00e9sente politique relative \u00e0 la vie priv\u00e9e. Vos informations personnelles ne seront jamais \u00e9chang\u00e9es ou vendues, pas plus qu\u2019elles ne seront partag\u00e9es ou utilis\u00e9es de quelque mani\u00e8re que ce soit sans votre consentement. Nous n\u2019\u00e9changeons pas de listes de diffusion. Nous ne partageons pas l\u2019information sur nos donateurs. Nous ne vendons pas de num\u00e9ros de t\u00e9l\u00e9phone ou d\u2019autres coordonn\u00e9es.<\/p>\n<h3>Collecte, utilisation et divulgation de renseignements personnels<\/h3>\n<p>En vertu de la LPRPD\u00c9 , les renseignements personnels sont d\u00e9finis comme \u00e9tant des informations sur\u00a0 \u00abquelqu\u2019un d\u2019identifiable\u00bb qui sont de nature priv\u00e9e et auxquels le public ne peut pas acc\u00e9der facilement. Cela ne comprend pas les informations commerciales telles que le nom d\u2019une personne, le titre et les coordonn\u00e9es d\u2019affaires. Le genre de renseignements personnels que le FAEJ recueille inclue les noms, les adresses, les num\u00e9ros de t\u00e9l\u00e9phone et\/ou de t\u00e9l\u00e9copieur, les adresses courriels et l\u2019information relative \u00e0 la carte de cr\u00e9dit (l\u00e0 o\u00f9 elle est utilis\u00e9e comme forme de paiement) des membres des succursales et des donateurs. Les informations sont collect\u00e9es sur les formulaires de demande d\u2019adh\u00e9sion de chaque succursale, lors de l\u2019inscription \u00e0 nos programmes d\u2019\u00e9ducation, des petits d\u00e9jeuners de la Journ\u00e9e de la personne et d\u2019autres efforts de collecte de fonds.<\/p>\n<p>Le FAEJ recueille ou conserve les renseignements personnels que s\u2019ils ont \u00e9t\u00e9 fournis volontairement, avec consentement. En devenant membre d\u2019une succursale, en faisant un don au FAEJ, en demandant des informations au FAEJ ou en vous inscrivant \u00e0 des \u00e9v\u00e9nements ou \u00e0 des cours offerts par le FAEJ, vous lui donnez la permission de recueillir, d\u2019utiliser et de divulguer les renseignements fournis aux fins \u00e9nonc\u00e9es dans la pr\u00e9sente politique et \u00e0 des fins qui sont \u00e9videntes pour une personne raisonnable. Dans de telles circonstances et \u00e0 ces fins limit\u00e9es, le FAEJ peut recueillir, utiliser ou divulguer des renseignements personnels sans obtenir le consentement expr\u00e8s.<\/p>\n<p>Le FAEJ peut recueillir et utiliser des renseignements personnels sur les membres de ses succursales pour:<\/p>\n<ul>\n<li>Correspondre avec les membres des succursales par courrier, par courriel, par t\u00e9l\u00e9phone ou par t\u00e9l\u00e9copieur.<\/li>\n<li>Collecter des fonds pour ses activit\u00e9s de bienfaisance.<\/li>\n<li>G\u00e9rer les donn\u00e9es sur l\u2019effectif des succursales.<\/li>\n<li>Faire un suivi statistique nous permettant d\u2019am\u00e9liorer nos services aux membres des succursales.<\/li>\n<li>Le FAEJ peut recueillir et utiliser des renseignements personnels sur les employ\u00e9s, les candidats \u00e0 un emploi, les membres de comit\u00e9s, les b\u00e9n\u00e9voles et les particuliers dans le cadre de ses activit\u00e9s judiciaires pour:<\/li>\n<\/ul>\n<p style=\"padding-left: 60px;\">&#8211; G\u00e9rer le recrutement et les relations b\u00e9n\u00e9voles\/employ\u00e9s.<\/p>\n<p style=\"padding-left: 60px;\">&#8211; V\u00e9rifier les qualifications et les aptitudes \u00e0 occuper un poste.<\/p>\n<p style=\"padding-left: 60px;\">&#8211; Administrer les avantages sociaux des employ\u00e9s.<\/p>\n<p style=\"padding-left: 60px;\">&#8211; R\u00e9pondre aux exigences l\u00e9gislatives.<\/p>\n<p>Dans certaines circonstances, le FAEJ peut \u00e9galement recueillir, utiliser ou divulguer des renseignements personnels sans le consentement de l\u2019individu lorsque cela est n\u00e9cessaire ou autoris\u00e9 par la loi.<\/p>\n<h3>Les donn\u00e9es de paiement collect\u00e9es<\/h3>\n<p>Le FAEJ utilise toute information relative \u00e0 la carte de cr\u00e9dit pour traiter directement le paiement ou encore, nous l\u2019envoyons \u00e0 nos partenaires de paiement aux fins d\u2019approbation et de traitement seulement. Ces derniers pr\u00e9serveront votre privaut\u00e9 conform\u00e9ment \u00e0 cette politique. Le FAEJ conserve l\u2019information relative \u00e0 votre carte de cr\u00e9dit aussi longtemps que la loi l\u2019impose \u00e0 des fins de v\u00e9rification, puis la d\u00e9truit d\u2019une mani\u00e8re s\u00fbre et opportune.<\/p>\n<h3>S\u00e9curit\u00e9 des renseignements personnels<\/h3>\n<p>Le FAEJ reconna\u00eet ses obligations de prot\u00e9ger les renseignements personnels des membres de ses succursales, des employ\u00e9s, des b\u00e9n\u00e9voles, des donateurs et autres. Le FAEJ a donc pris des dispositions pour se pr\u00e9munir contre et pr\u00e9venir l\u2019acc\u00e8s, la collecte, l\u2019utilisation, la divulgation, la reproduction, la modification, l\u2019\u00e9limination ou la destruction de l\u2019information personnelle, non autoris\u00e9s, y compris l\u2019adoption de proc\u00e9dures physiques, \u00e9lectroniques et de gestion convenables. Le FAEJ utilise le chiffrement, la protection par mot de passe et d\u2019autres technologies pour prot\u00e9ger les renseignements personnels contre tout acc\u00e8s ou modification non autoris\u00e9, vols ou d\u00e9tournements par des tiers.<\/p>\n<h3>Le site web du FAEJ<\/h3>\n<p>Nous ne recueillons pas d\u2019information personnellement identifiable sur les visiteurs de notre site web, sauf si elle est volontairement fournie, comme d\u00e9crit ci-dessous. Cependant, la nature de l\u2019Internet est telle qu\u2019il recueille passivement et automatiquement certaines informations sur les habitudes de navigation d\u2019un utilisateur, li\u00e9es \u00e0 son adresse de protocole Internet (IP). Il s\u2019agit \u00ab d\u2019adresses \u00bb Internet uniques assign\u00e9es \u00e0 tous les internautes par les fournisseurs de services internet (FSI). Les adresses IP sont automatiquement enregistr\u00e9es par les serveurs Web. Nos serveurs enregistrent automatiquement des informations sur les visites \u00e0 notre site web dans le cours normal de l\u2019\u00e9tablissement et du maintien des connexions web. Les journaux de nos serveurs recueillent et enregistrent des informations d\u2019ordre statistique sur les visiteurs, y compris leur adresse IP, le domaine utilis\u00e9 pour acc\u00e9der \u00e0 l\u2019Internet, le type de navigateur, la date, l\u2019heure et la dur\u00e9e des visites ainsi que les pages web ayant \u00e9t\u00e9 consult\u00e9es. Ces statistiques sont utilis\u00e9es de mani\u00e8re globale pour am\u00e9liorer notre site et pour offrir une exp\u00e9rience web optimale \u00e0 nos visiteurs.<\/p>\n<p>Si vous vous connectez \u00e0 l\u2019espace membre du site et si vous partagez vos informations d\u2019identification personnelle avec nous dans le cadre de votre profil ou en faisant un don, cette information peut \u00eatre utilis\u00e9e pour vous offrir un contenu plus cibl\u00e9, pour vous faire parvenir plus d\u2019informations sur notre organisation ou pour communiquer avec vous, le cas \u00e9ch\u00e9ant. Vous pouvez choisir de ne pas recevoir de futurs envois (consultez la section \u00abd\u00e9sengagement \u00bb ci-dessous).<\/p>\n<p>Le site du FAEJ peut utiliser des \u00ab t\u00e9moins \u00bb, c\u2019est-\u00e0-dire un fichier cr\u00e9\u00e9 par un site web pour emmagasiner des informations sur votre ordinateur, telles que vos pr\u00e9f\u00e9rences lorsque vous visitez ce site. Plus pr\u00e9cis\u00e9ment, le FAEJ utilise des t\u00e9moins pour emmagasiner les informations sur l\u2019utilisateur, comme les mots de passe, pour \u00ab se souvenir \u00bb des usagers. L\u2019objectif est de vous sauver du temps, de rendre votre visite plus int\u00e9ressante et de mesurer le niveau d\u2019activit\u00e9 du site.<\/p>\n<p>Notre site est h\u00e9berg\u00e9 et g\u00e9r\u00e9 sur des serveurs appartenant \u00e0 une tierce partie. Toute information personnelle recueillie en notre nom par ce tiers, telle que les donn\u00e9es des journaux du serveur (voir ci-dessous) est g\u00e9r\u00e9e conform\u00e9ment \u00e0 cette politique relative \u00e0 la vie priv\u00e9e et est prot\u00e9g\u00e9e par les lois applicables.<\/p>\n<h3>Liens<\/h3>\n<p>Le site du FAEJ contient des liens \u00e0 d\u2019autres sites sur l\u2019Internet, susceptibles d\u2019int\u00e9resser nos visiteurs. Nous n\u2019acceptons aucune responsabilit\u00e9, ni n\u2019exer\u00e7ons aucun contr\u00f4le sur les organisations, les points de vue ou l\u2019exactitude des informations contenues sur d\u2019autres serveurs. D\u2019autres sites sont r\u00e9gis par des politiques relatives \u00e0 la vie priv\u00e9e diff\u00e9rentes. Une fois que vous cliquez sur le lien vers un autre site, vous \u00eates sujet \u00e0 la politique relative \u00e0 la vie priv\u00e9e du nouveau site. Revoyez donc les politiques des sites li\u00e9s de fa\u00e7on externe.<\/p>\n<h3>Utilisation de l\u2019information et des images contenues \u00e0 notre site web<\/h3>\n<p>Si vous souhaitez publier des informations que vous trouverez sur notre site web, veuillez en faire la demande aupr\u00e8s de <a href=\"mailto:info@LEAF.ca\">info@LEAF.ca<\/a>.<\/p>\n<h3>Vous d\u00e9sengager ou modifier vos coordonn\u00e9es<\/h3>\n<p>Lorsque le FAEJ recueille, utilise ou divulgue des renseignements personnels, nous faisons tout ce qui est raisonnable pour veiller \u00e0 ce que l\u2019information soit exacte et compl\u00e8te. Vous pouvez changer ou modifier les informations personnelles que vous aurez pr\u00e9alablement fournies au FAEJ.<\/p>\n<p>Vous pouvez choisir de ne plus recevoir de communications de notre part en compl\u00e9tant un formulaire en ligne sur l\u2019espace membre de notre site web. Vous pouvez choisir de ne recevoir qu\u2019un certain genre de communications ou aucune. Vous pouvez \u00e9galement mettre \u00e0 jour les coordonn\u00e9es que vous nous avez pr\u00e9alablement fournies et apporter des modifications \u00e0 votre profil en compl\u00e9tant un formulaire en ligne ou en communiquant avec nous \u00e0 l\u2019adresse ci-dessous.<\/p>\n<p>Vous pouvez \u00e9galement acc\u00e9der \u00e0 votre information personnelle sous la garde ou le contr\u00f4le du FAEJ et obtenir des d\u00e9tails sur la fa\u00e7on dont vos renseignements personnels ont \u00e9t\u00e9 et sont utilis\u00e9s, et\/ou divulgu\u00e9s \u00e0 l\u2019adresse ci-dessous. Vous pouvez aussi r\u00e9voquer votre consentement \u00e0 la collecte, \u00e0 l\u2019utilisation et\/ou \u00e0 la divulgation des renseignements que vous aurez fournis au FAEJ au pr\u00e9alable, en communiquant avec nous \u00e0 l\u2019adresse ci-dessous.<\/p>\n<h3>Questions sur la politique relative \u00e0 la vie priv\u00e9e du FAEJ<\/h3>\n<p>Toute demande, question ou pr\u00e9occupation concernant la politique relative \u00e0 la vie priv\u00e9e, les pratiques, l\u2019utilisation de renseignements personnels ou le site du FAEJ peut \u00eatre adress\u00e9e \u00e0 la responsable de la protection de la vie priv\u00e9e du FAEJ, la directrice g\u00e9n\u00e9rale:<\/p>\n<p>Le FAEJ Bureau national<br \/>\n180, rue Dundas Ouest<br \/>\nBureau 1420<br \/>\nToronto (Ontario)<br \/>\nCanada M5G 1Z8<br \/>\nT\u00e9l\u00e9phone: 416.595.7170<br \/>\nT\u00e9l\u00e9copieur: 416.595.7191<br \/>\nSans frais: 1.888.824.5323<br \/>\nAdresse courriel: <a href=\"mailto:info@leaf.ca\">info@leaf.ca<\/a><\/p>\n<\/div>\n","protected":false},"excerpt":{"rendered":"<p>Politique relative \u00e0 la vie priv\u00e9e La Loi sur la protection des renseignements personnels et les documents \u00e9lectroniques (LPRPD\u00c9) ainsi que la l\u00e9gislation provinciale relative \u00e0 la vie priv\u00e9e r\u00e9glementent la fa\u00e7on dont les organisations du secteur priv\u00e9 recueillent, utilisent, conservent, s\u00e9curisent et divulguent des renseignements personnels. Le FAEJ reconna\u00eet l\u2019importance de la vie priv\u00e9e [&hellip;]<\/p>\n","protected":false},"author":1,"featured_media":0,"parent":0,"menu_order":9,"comment_status":"closed","ping_status":"open","template":"","meta":{"_acf_changed":false,"footnotes":""},"class_list":["post-19034","page","type-page","status-publish","hentry"],"acf":[],"yoast_head":"<!-- This site is optimized with the Yoast SEO plugin v27.1.1 - https:\/\/yoast.com\/product\/yoast-seo-wordpress\/ -->\n<title>Politique relative \u00e0 la vie priv\u00e9e - LEAF<\/title>\n<meta name=\"robots\" content=\"index, follow, max-snippet:-1, max-image-preview:large, max-video-preview:-1\" \/>\n<link rel=\"canonical\" href=\"https:\/\/www.leaf.ca\/fr\/privacy-policy\/\" \/>\n<meta property=\"og:locale\" content=\"fr_FR\" \/>\n<meta property=\"og:type\" content=\"article\" \/>\n<meta property=\"og:title\" content=\"Politique relative \u00e0 la vie priv\u00e9e - LEAF\" \/>\n<meta property=\"og:description\" content=\"Politique relative \u00e0 la vie priv\u00e9e La Loi sur la protection des renseignements personnels et les documents \u00e9lectroniques (LPRPD\u00c9) ainsi que la l\u00e9gislation provinciale relative \u00e0 la vie priv\u00e9e r\u00e9glementent la fa\u00e7on dont les organisations du secteur priv\u00e9 recueillent, utilisent, conservent, s\u00e9curisent et divulguent des renseignements personnels. Le FAEJ reconna\u00eet l\u2019importance de la vie priv\u00e9e [&hellip;]\" \/>\n<meta property=\"og:url\" content=\"https:\/\/www.leaf.ca\/fr\/privacy-policy\/\" \/>\n<meta property=\"og:site_name\" content=\"LEAF\" \/>\n<meta property=\"article:modified_time\" content=\"2021-07-26T18:38:55+00:00\" \/>\n<meta name=\"twitter:card\" content=\"summary_large_image\" \/>\n<meta name=\"twitter:label1\" content=\"Dur\u00e9e de lecture estim\u00e9e\" \/>\n\t<meta name=\"twitter:data1\" content=\"7 minutes\" \/>\n<script type=\"application\/ld+json\" class=\"yoast-schema-graph\">{\"@context\":\"https:\/\/schema.org\",\"@graph\":[{\"@type\":\"WebPage\",\"@id\":\"https:\/\/www.leaf.ca\/fr\/privacy-policy\/\",\"url\":\"https:\/\/www.leaf.ca\/fr\/privacy-policy\/\",\"name\":\"Politique relative \u00e0 la vie priv\u00e9e - LEAF\",\"isPartOf\":{\"@id\":\"https:\/\/www.leaf.ca\/fr\/#website\"},\"datePublished\":\"2014-06-17T13:44:04+00:00\",\"dateModified\":\"2021-07-26T18:38:55+00:00\",\"breadcrumb\":{\"@id\":\"https:\/\/www.leaf.ca\/fr\/privacy-policy\/#breadcrumb\"},\"inLanguage\":\"fr-FR\",\"potentialAction\":[{\"@type\":\"ReadAction\",\"target\":[\"https:\/\/www.leaf.ca\/fr\/privacy-policy\/\"]}]},{\"@type\":\"BreadcrumbList\",\"@id\":\"https:\/\/www.leaf.ca\/fr\/privacy-policy\/#breadcrumb\",\"itemListElement\":[{\"@type\":\"ListItem\",\"position\":1,\"name\":\"Home\",\"item\":\"https:\/\/www.leaf.ca\/fr\/\"},{\"@type\":\"ListItem\",\"position\":2,\"name\":\"Politique relative \u00e0 la vie priv\u00e9e\"}]},{\"@type\":\"WebSite\",\"@id\":\"https:\/\/www.leaf.ca\/fr\/#website\",\"url\":\"https:\/\/www.leaf.ca\/fr\/\",\"name\":\"LEAF\",\"description\":\"Women&#039;s Legal Education and Action Fund\",\"publisher\":{\"@id\":\"https:\/\/www.leaf.ca\/fr\/#organization\"},\"potentialAction\":[{\"@type\":\"SearchAction\",\"target\":{\"@type\":\"EntryPoint\",\"urlTemplate\":\"https:\/\/www.leaf.ca\/fr\/?s={search_term_string}\"},\"query-input\":{\"@type\":\"PropertyValueSpecification\",\"valueRequired\":true,\"valueName\":\"search_term_string\"}}],\"inLanguage\":\"fr-FR\"},{\"@type\":\"Organization\",\"@id\":\"https:\/\/www.leaf.ca\/fr\/#organization\",\"name\":\"LEAF\",\"url\":\"https:\/\/www.leaf.ca\/fr\/\",\"logo\":{\"@type\":\"ImageObject\",\"inLanguage\":\"fr-FR\",\"@id\":\"https:\/\/www.leaf.ca\/fr\/#\/schema\/logo\/image\/\",\"url\":\"https:\/\/www.leaf.ca\/wp-content\/uploads\/2020\/09\/LEAF_FAEJ_hz_names_colour_rgb.svg\",\"contentUrl\":\"https:\/\/www.leaf.ca\/wp-content\/uploads\/2020\/09\/LEAF_FAEJ_hz_names_colour_rgb.svg\",\"width\":612,\"height\":110,\"caption\":\"LEAF\"},\"image\":{\"@id\":\"https:\/\/www.leaf.ca\/fr\/#\/schema\/logo\/image\/\"}}]}<\/script>\n<!-- \/ Yoast SEO plugin. -->","yoast_head_json":{"title":"Politique relative \u00e0 la vie priv\u00e9e - LEAF","robots":{"index":"index","follow":"follow","max-snippet":"max-snippet:-1","max-image-preview":"max-image-preview:large","max-video-preview":"max-video-preview:-1"},"canonical":"https:\/\/www.leaf.ca\/fr\/privacy-policy\/","og_locale":"fr_FR","og_type":"article","og_title":"Politique relative \u00e0 la vie priv\u00e9e - LEAF","og_description":"Politique relative \u00e0 la vie priv\u00e9e La Loi sur la protection des renseignements personnels et les documents \u00e9lectroniques (LPRPD\u00c9) ainsi que la l\u00e9gislation provinciale relative \u00e0 la vie priv\u00e9e r\u00e9glementent la fa\u00e7on dont les organisations du secteur priv\u00e9 recueillent, utilisent, conservent, s\u00e9curisent et divulguent des renseignements personnels. Le FAEJ reconna\u00eet l\u2019importance de la vie priv\u00e9e [&hellip;]","og_url":"https:\/\/www.leaf.ca\/fr\/privacy-policy\/","og_site_name":"LEAF","article_modified_time":"2021-07-26T18:38:55+00:00","twitter_card":"summary_large_image","twitter_misc":{"Dur\u00e9e de lecture estim\u00e9e":"7 minutes"},"schema":{"@context":"https:\/\/schema.org","@graph":[{"@type":"WebPage","@id":"https:\/\/www.leaf.ca\/fr\/privacy-policy\/","url":"https:\/\/www.leaf.ca\/fr\/privacy-policy\/","name":"Politique relative \u00e0 la vie priv\u00e9e - LEAF","isPartOf":{"@id":"https:\/\/www.leaf.ca\/fr\/#website"},"datePublished":"2014-06-17T13:44:04+00:00","dateModified":"2021-07-26T18:38:55+00:00","breadcrumb":{"@id":"https:\/\/www.leaf.ca\/fr\/privacy-policy\/#breadcrumb"},"inLanguage":"fr-FR","potentialAction":[{"@type":"ReadAction","target":["https:\/\/www.leaf.ca\/fr\/privacy-policy\/"]}]},{"@type":"BreadcrumbList","@id":"https:\/\/www.leaf.ca\/fr\/privacy-policy\/#breadcrumb","itemListElement":[{"@type":"ListItem","position":1,"name":"Home","item":"https:\/\/www.leaf.ca\/fr\/"},{"@type":"ListItem","position":2,"name":"Politique relative \u00e0 la vie priv\u00e9e"}]},{"@type":"WebSite","@id":"https:\/\/www.leaf.ca\/fr\/#website","url":"https:\/\/www.leaf.ca\/fr\/","name":"LEAF","description":"Women&#039;s Legal Education and Action Fund","publisher":{"@id":"https:\/\/www.leaf.ca\/fr\/#organization"},"potentialAction":[{"@type":"SearchAction","target":{"@type":"EntryPoint","urlTemplate":"https:\/\/www.leaf.ca\/fr\/?s={search_term_string}"},"query-input":{"@type":"PropertyValueSpecification","valueRequired":true,"valueName":"search_term_string"}}],"inLanguage":"fr-FR"},{"@type":"Organization","@id":"https:\/\/www.leaf.ca\/fr\/#organization","name":"LEAF","url":"https:\/\/www.leaf.ca\/fr\/","logo":{"@type":"ImageObject","inLanguage":"fr-FR","@id":"https:\/\/www.leaf.ca\/fr\/#\/schema\/logo\/image\/","url":"https:\/\/www.leaf.ca\/wp-content\/uploads\/2020\/09\/LEAF_FAEJ_hz_names_colour_rgb.svg","contentUrl":"https:\/\/www.leaf.ca\/wp-content\/uploads\/2020\/09\/LEAF_FAEJ_hz_names_colour_rgb.svg","width":612,"height":110,"caption":"LEAF"},"image":{"@id":"https:\/\/www.leaf.ca\/fr\/#\/schema\/logo\/image\/"}}]}},"_links":{"self":[{"href":"https:\/\/www.leaf.ca\/fr\/wp-json\/wp\/v2\/pages\/19034","targetHints":{"allow":["GET"]}}],"collection":[{"href":"https:\/\/www.leaf.ca\/fr\/wp-json\/wp\/v2\/pages"}],"about":[{"href":"https:\/\/www.leaf.ca\/fr\/wp-json\/wp\/v2\/types\/page"}],"author":[{"embeddable":true,"href":"https:\/\/www.leaf.ca\/fr\/wp-json\/wp\/v2\/users\/1"}],"replies":[{"embeddable":true,"href":"https:\/\/www.leaf.ca\/fr\/wp-json\/wp\/v2\/comments?post=19034"}],"version-history":[{"count":3,"href":"https:\/\/www.leaf.ca\/fr\/wp-json\/wp\/v2\/pages\/19034\/revisions"}],"predecessor-version":[{"id":19531,"href":"https:\/\/www.leaf.ca\/fr\/wp-json\/wp\/v2\/pages\/19034\/revisions\/19531"}],"wp:attachment":[{"href":"https:\/\/www.leaf.ca\/fr\/wp-json\/wp\/v2\/media?parent=19034"}],"curies":[{"name":"wp","href":"https:\/\/api.w.org\/{rel}","templated":true}]}}