{"id":19148,"date":"2020-11-24T11:54:01","date_gmt":"2020-11-24T16:54:01","guid":{"rendered":"https:\/\/www.leaf.ca\/accessibility\/"},"modified":"2021-08-17T12:48:06","modified_gmt":"2021-08-17T16:48:06","slug":"accessibility","status":"publish","type":"page","link":"https:\/\/www.leaf.ca\/fr\/accessibility\/","title":{"rendered":"Accessibilit\u00e9"},"content":{"rendered":"\n<h2 class=\"wp-block-heading\"><strong>D\u00c9CLARATION D\u2019ENGAGEMENT<\/strong><\/h2>\n\n\n\n<p>Le Fonds d&rsquo;action et d&rsquo;\u00e9ducation juridique pour les femmes (FAEJ) s&rsquo;engage \u00e0 fournir un environnement respectueux, accessible et inclusif \u00e0 tous ceux qui utilisent les biens et services du FAEJ, y compris ses employ\u00e9s et ses b\u00e9n\u00e9voles. Notre objectif est de respecter ou de d\u00e9passer les normes d\u00e9crites dans la Loi sur l&rsquo;accessibilit\u00e9 pour les personnes handicap\u00e9es de l&rsquo;Ontario (LAPHO). Le FAEJ s&rsquo;efforce \u00e0 tout moment de respecter la dignit\u00e9 et l&rsquo;ind\u00e9pendance des personnes avec des incapacit\u00e9s et d&rsquo;identifier, de supprimer et de pr\u00e9venir les obstacles aux biens, services et opportunit\u00e9s d&#8217;emploi fournis par le FAEJ.<\/p>\n\n\n\n<h2 class=\"wp-block-heading\"><strong>R\u00c9TROACTION ET DEMANDES D\u2019ARRANGEMENTS<\/strong><\/h2>\n\n\n\n<p>Le FAEJ encourage et accueille les commentaires concernant l&rsquo;accessibilit\u00e9 aux services et la mani\u00e8re dont les employ\u00e9s et les b\u00e9n\u00e9voles du FAEJ interagissent avec les personnes handicap\u00e9es. Nous encourageons et accueillons \u00e9galement les demandes d\u2019arrangements ou de contenu accessible. Pour nous faire part de vos commentaires ou demander des accommodements, veuillez nous envoyer un courriel \u00e0&nbsp;<a href=\"mailto:accessibility@LEAF.ca\">accessibility@LEAF.ca<\/a>&nbsp;ou appelez notre bureau au&nbsp;<a href=\"about:blank\">1.888.824.5323<\/a>&nbsp;et l&rsquo;un de des membres de notre personnel se fera un plaisir de vous aider.<\/p>\n\n\n\n<h2 class=\"wp-block-heading\"><strong>T\u00c9L\u00c9CHARGER LA POLITIQUE D&rsquo;ACCESSIBILIT\u00c9 DU FAEJ<\/strong><\/h2>\n\n\n\n<p>VOUS POUVEZ T\u00c9L\u00c9CHARGER UNE COPIE PDF DE LA POLITIQUE D&rsquo;ACCESSIBILIT\u00c9 DU FAEJ <a href=\"https:\/\/www.leaf.ca\/wp-content\/uploads\/2020\/11\/LEAF-Accessibility-Policy-2020.pdf\">ici<\/a>.<\/p>\n","protected":false},"excerpt":{"rendered":"<p>D\u00c9CLARATION D\u2019ENGAGEMENT Le Fonds d&rsquo;action et d&rsquo;\u00e9ducation juridique pour les femmes (FAEJ) s&rsquo;engage \u00e0 fournir un environnement respectueux, accessible et inclusif \u00e0 tous ceux qui utilisent les biens et services du FAEJ, y compris ses employ\u00e9s et ses b\u00e9n\u00e9voles. Notre objectif est de respecter ou de d\u00e9passer les normes d\u00e9crites dans la Loi sur l&rsquo;accessibilit\u00e9 [&hellip;]<\/p>\n","protected":false},"author":101021,"featured_media":0,"parent":0,"menu_order":0,"comment_status":"closed","ping_status":"closed","template":"","meta":{"_acf_changed":false,"footnotes":""},"class_list":["post-19148","page","type-page","status-publish","hentry"],"acf":[],"yoast_head":"<!-- This site is optimized with the Yoast SEO plugin v27.1.1 - https:\/\/yoast.com\/product\/yoast-seo-wordpress\/ -->\n<title>Accessibilit\u00e9 - LEAF<\/title>\n<meta name=\"robots\" content=\"index, follow, max-snippet:-1, max-image-preview:large, max-video-preview:-1\" \/>\n<link rel=\"canonical\" href=\"https:\/\/www.leaf.ca\/fr\/accessibility\/\" \/>\n<meta property=\"og:locale\" content=\"fr_FR\" \/>\n<meta property=\"og:type\" content=\"article\" \/>\n<meta property=\"og:title\" content=\"Accessibilit\u00e9 - LEAF\" \/>\n<meta property=\"og:description\" content=\"D\u00c9CLARATION D\u2019ENGAGEMENT Le Fonds d&rsquo;action et d&rsquo;\u00e9ducation juridique pour les femmes (FAEJ) s&rsquo;engage \u00e0 fournir un environnement respectueux, accessible et inclusif \u00e0 tous ceux qui utilisent les biens et services du FAEJ, y compris ses employ\u00e9s et ses b\u00e9n\u00e9voles. Notre objectif est de respecter ou de d\u00e9passer les normes d\u00e9crites dans la Loi sur l&rsquo;accessibilit\u00e9 [&hellip;]\" \/>\n<meta property=\"og:url\" content=\"https:\/\/www.leaf.ca\/fr\/accessibility\/\" \/>\n<meta property=\"og:site_name\" content=\"LEAF\" \/>\n<meta property=\"article:modified_time\" content=\"2021-08-17T16:48:06+00:00\" \/>\n<meta name=\"twitter:card\" content=\"summary_large_image\" \/>\n<meta name=\"twitter:label1\" content=\"Dur\u00e9e de lecture estim\u00e9e\" \/>\n\t<meta name=\"twitter:data1\" content=\"1 minute\" \/>\n<script type=\"application\/ld+json\" class=\"yoast-schema-graph\">{\"@context\":\"https:\/\/schema.org\",\"@graph\":[{\"@type\":\"WebPage\",\"@id\":\"https:\/\/www.leaf.ca\/fr\/accessibility\/\",\"url\":\"https:\/\/www.leaf.ca\/fr\/accessibility\/\",\"name\":\"Accessibilit\u00e9 - LEAF\",\"isPartOf\":{\"@id\":\"https:\/\/www.leaf.ca\/fr\/#website\"},\"datePublished\":\"2020-11-24T16:54:01+00:00\",\"dateModified\":\"2021-08-17T16:48:06+00:00\",\"breadcrumb\":{\"@id\":\"https:\/\/www.leaf.ca\/fr\/accessibility\/#breadcrumb\"},\"inLanguage\":\"fr-FR\",\"potentialAction\":[{\"@type\":\"ReadAction\",\"target\":[\"https:\/\/www.leaf.ca\/fr\/accessibility\/\"]}]},{\"@type\":\"BreadcrumbList\",\"@id\":\"https:\/\/www.leaf.ca\/fr\/accessibility\/#breadcrumb\",\"itemListElement\":[{\"@type\":\"ListItem\",\"position\":1,\"name\":\"Home\",\"item\":\"https:\/\/www.leaf.ca\/fr\/\"},{\"@type\":\"ListItem\",\"position\":2,\"name\":\"Accessibilit\u00e9\"}]},{\"@type\":\"WebSite\",\"@id\":\"https:\/\/www.leaf.ca\/fr\/#website\",\"url\":\"https:\/\/www.leaf.ca\/fr\/\",\"name\":\"LEAF\",\"description\":\"Women&#039;s Legal Education and Action Fund\",\"publisher\":{\"@id\":\"https:\/\/www.leaf.ca\/fr\/#organization\"},\"potentialAction\":[{\"@type\":\"SearchAction\",\"target\":{\"@type\":\"EntryPoint\",\"urlTemplate\":\"https:\/\/www.leaf.ca\/fr\/?s={search_term_string}\"},\"query-input\":{\"@type\":\"PropertyValueSpecification\",\"valueRequired\":true,\"valueName\":\"search_term_string\"}}],\"inLanguage\":\"fr-FR\"},{\"@type\":\"Organization\",\"@id\":\"https:\/\/www.leaf.ca\/fr\/#organization\",\"name\":\"LEAF\",\"url\":\"https:\/\/www.leaf.ca\/fr\/\",\"logo\":{\"@type\":\"ImageObject\",\"inLanguage\":\"fr-FR\",\"@id\":\"https:\/\/www.leaf.ca\/fr\/#\/schema\/logo\/image\/\",\"url\":\"https:\/\/www.leaf.ca\/wp-content\/uploads\/2020\/09\/LEAF_FAEJ_hz_names_colour_rgb.svg\",\"contentUrl\":\"https:\/\/www.leaf.ca\/wp-content\/uploads\/2020\/09\/LEAF_FAEJ_hz_names_colour_rgb.svg\",\"width\":612,\"height\":110,\"caption\":\"LEAF\"},\"image\":{\"@id\":\"https:\/\/www.leaf.ca\/fr\/#\/schema\/logo\/image\/\"}}]}<\/script>\n<!-- \/ Yoast SEO plugin. -->","yoast_head_json":{"title":"Accessibilit\u00e9 - LEAF","robots":{"index":"index","follow":"follow","max-snippet":"max-snippet:-1","max-image-preview":"max-image-preview:large","max-video-preview":"max-video-preview:-1"},"canonical":"https:\/\/www.leaf.ca\/fr\/accessibility\/","og_locale":"fr_FR","og_type":"article","og_title":"Accessibilit\u00e9 - LEAF","og_description":"D\u00c9CLARATION D\u2019ENGAGEMENT Le Fonds d&rsquo;action et d&rsquo;\u00e9ducation juridique pour les femmes (FAEJ) s&rsquo;engage \u00e0 fournir un environnement respectueux, accessible et inclusif \u00e0 tous ceux qui utilisent les biens et services du FAEJ, y compris ses employ\u00e9s et ses b\u00e9n\u00e9voles. Notre objectif est de respecter ou de d\u00e9passer les normes d\u00e9crites dans la Loi sur l&rsquo;accessibilit\u00e9 [&hellip;]","og_url":"https:\/\/www.leaf.ca\/fr\/accessibility\/","og_site_name":"LEAF","article_modified_time":"2021-08-17T16:48:06+00:00","twitter_card":"summary_large_image","twitter_misc":{"Dur\u00e9e de lecture estim\u00e9e":"1 minute"},"schema":{"@context":"https:\/\/schema.org","@graph":[{"@type":"WebPage","@id":"https:\/\/www.leaf.ca\/fr\/accessibility\/","url":"https:\/\/www.leaf.ca\/fr\/accessibility\/","name":"Accessibilit\u00e9 - LEAF","isPartOf":{"@id":"https:\/\/www.leaf.ca\/fr\/#website"},"datePublished":"2020-11-24T16:54:01+00:00","dateModified":"2021-08-17T16:48:06+00:00","breadcrumb":{"@id":"https:\/\/www.leaf.ca\/fr\/accessibility\/#breadcrumb"},"inLanguage":"fr-FR","potentialAction":[{"@type":"ReadAction","target":["https:\/\/www.leaf.ca\/fr\/accessibility\/"]}]},{"@type":"BreadcrumbList","@id":"https:\/\/www.leaf.ca\/fr\/accessibility\/#breadcrumb","itemListElement":[{"@type":"ListItem","position":1,"name":"Home","item":"https:\/\/www.leaf.ca\/fr\/"},{"@type":"ListItem","position":2,"name":"Accessibilit\u00e9"}]},{"@type":"WebSite","@id":"https:\/\/www.leaf.ca\/fr\/#website","url":"https:\/\/www.leaf.ca\/fr\/","name":"LEAF","description":"Women&#039;s Legal Education and Action Fund","publisher":{"@id":"https:\/\/www.leaf.ca\/fr\/#organization"},"potentialAction":[{"@type":"SearchAction","target":{"@type":"EntryPoint","urlTemplate":"https:\/\/www.leaf.ca\/fr\/?s={search_term_string}"},"query-input":{"@type":"PropertyValueSpecification","valueRequired":true,"valueName":"search_term_string"}}],"inLanguage":"fr-FR"},{"@type":"Organization","@id":"https:\/\/www.leaf.ca\/fr\/#organization","name":"LEAF","url":"https:\/\/www.leaf.ca\/fr\/","logo":{"@type":"ImageObject","inLanguage":"fr-FR","@id":"https:\/\/www.leaf.ca\/fr\/#\/schema\/logo\/image\/","url":"https:\/\/www.leaf.ca\/wp-content\/uploads\/2020\/09\/LEAF_FAEJ_hz_names_colour_rgb.svg","contentUrl":"https:\/\/www.leaf.ca\/wp-content\/uploads\/2020\/09\/LEAF_FAEJ_hz_names_colour_rgb.svg","width":612,"height":110,"caption":"LEAF"},"image":{"@id":"https:\/\/www.leaf.ca\/fr\/#\/schema\/logo\/image\/"}}]}},"_links":{"self":[{"href":"https:\/\/www.leaf.ca\/fr\/wp-json\/wp\/v2\/pages\/19148","targetHints":{"allow":["GET"]}}],"collection":[{"href":"https:\/\/www.leaf.ca\/fr\/wp-json\/wp\/v2\/pages"}],"about":[{"href":"https:\/\/www.leaf.ca\/fr\/wp-json\/wp\/v2\/types\/page"}],"author":[{"embeddable":true,"href":"https:\/\/www.leaf.ca\/fr\/wp-json\/wp\/v2\/users\/101021"}],"replies":[{"embeddable":true,"href":"https:\/\/www.leaf.ca\/fr\/wp-json\/wp\/v2\/comments?post=19148"}],"version-history":[{"count":3,"href":"https:\/\/www.leaf.ca\/fr\/wp-json\/wp\/v2\/pages\/19148\/revisions"}],"predecessor-version":[{"id":19652,"href":"https:\/\/www.leaf.ca\/fr\/wp-json\/wp\/v2\/pages\/19148\/revisions\/19652"}],"wp:attachment":[{"href":"https:\/\/www.leaf.ca\/fr\/wp-json\/wp\/v2\/media?parent=19148"}],"curies":[{"name":"wp","href":"https:\/\/api.w.org\/{rel}","templated":true}]}}