{"id":19165,"date":"2020-10-07T14:35:26","date_gmt":"2020-10-07T18:35:26","guid":{"rendered":"https:\/\/www.leaf.ca\/join-a-branch\/"},"modified":"2024-12-11T10:26:00","modified_gmt":"2024-12-11T15:26:00","slug":"join-a-branch","status":"publish","type":"page","link":"https:\/\/www.leaf.ca\/fr\/join-a-branch\/","title":{"rendered":"Joignez vous \u00e0 une Section"},"content":{"rendered":"\n<h2 class=\"wp-block-heading\">LES SECTIONS DU FAEJ<\/h2>\n\n\n\n<p>Les sections du FAEJ g\u00e8rent des programmes d&rsquo;\u00e9ducation publique pour les jeunes, organisent des \u00e9v\u00e9nements sur l&rsquo;\u00e9galit\u00e9 des genres dans leurs communaut\u00e9s et s&rsquo;engagent dans des initiatives de r\u00e9forme du droit au niveau local. Les sections sont, en grande partie, g\u00e9r\u00e9es par des b\u00e9n\u00e9voles et sont toujours heureuses d&rsquo;accueillir de nouveaux b\u00e9n\u00e9voles!<\/p>\n\n\n\n<p>L\u2019adh\u00e9sion \u00e0 une section est un excellent moyen de garantir que les droits des femmes \u00e0 l\u2019\u00e9galit\u00e9 sont prot\u00e9g\u00e9s par la loi. Par le biais de leur section, les membres donnent une voix dans leur communaut\u00e9 et \u00e0 l\u2019\u00e9chelle nationale pour l\u2019\u00e9galit\u00e9 des femmes. L&rsquo;adh\u00e9sion vous donne un droit de vote dans votre section locale, et votre section nomme ensuite un repr\u00e9sentant pour participer \u00e0 l&rsquo;assembl\u00e9e g\u00e9n\u00e9rale annuelle du FAEJ.<\/p>\n\n\n\n<p>Les organisations \u00e0 but non lucratif sont \u00e9galement invit\u00e9es \u00e0 se joindre aux sections. Les organisations se joignent pour montrer leur soutien mutuel dans notre lutte commune pour l&rsquo;\u00e9galit\u00e9 des droits des femmes et des filles au Canada.<\/p>\n\n\n\n<h2 class=\"wp-block-heading\"><strong>COMMENT SE JOINDRE \u00c0 UNE SECTION DU FAEJ<\/strong><\/h2>\n\n\n\n<p>Pour se joindre \u00e0 une section, commencez par devenir membre du FAEJ. Votre adh\u00e9sion au FAEJ comporte de nombreux avantages, vous permettant de&nbsp;:<\/p>\n\n\n\n<ul class=\"wp-block-list\"><li>Acc\u00e9der \u00e0 l&rsquo;adh\u00e9sion \u00e0 une section du FAEJ<\/li><li>Recevoir des notifications r\u00e9guli\u00e8res des actualit\u00e9s et \u00e9v\u00e9nements du FAEJ<\/li><li>Aider \u00e0 soutenir financi\u00e8rement les litiges, la r\u00e9forme du droit et le travail d&rsquo;\u00e9ducation du public du FAEJ<\/li><\/ul>\n\n\n\n<p>Pour devenir membre du FAEJ, veuillez remplir le formulaire ci-dessous. Vous pourrez s\u00e9lectionner votre type d&rsquo;adh\u00e9sion, puis choisir la section que vous souhaitez joindre.<\/p>\n","protected":false},"excerpt":{"rendered":"<p>LES SECTIONS DU FAEJ Les sections du FAEJ g\u00e8rent des programmes d&rsquo;\u00e9ducation publique pour les jeunes, organisent des \u00e9v\u00e9nements sur l&rsquo;\u00e9galit\u00e9 des genres dans leurs communaut\u00e9s et s&rsquo;engagent dans des initiatives de r\u00e9forme du droit au niveau local. Les sections sont, en grande partie, g\u00e9r\u00e9es par des b\u00e9n\u00e9voles et sont toujours heureuses d&rsquo;accueillir de nouveaux [&hellip;]<\/p>\n","protected":false},"author":101025,"featured_media":25462,"parent":0,"menu_order":0,"comment_status":"closed","ping_status":"closed","template":"","meta":{"_acf_changed":false,"footnotes":""},"class_list":["post-19165","page","type-page","status-publish","has-post-thumbnail","hentry"],"acf":[],"yoast_head":"<!-- This site is optimized with the Yoast SEO plugin v27.1.1 - https:\/\/yoast.com\/product\/yoast-seo-wordpress\/ -->\n<title>Joignez vous \u00e0 une Section - LEAF<\/title>\n<meta name=\"robots\" content=\"index, follow, max-snippet:-1, max-image-preview:large, max-video-preview:-1\" \/>\n<link rel=\"canonical\" href=\"https:\/\/www.leaf.ca\/fr\/join-a-branch\/\" \/>\n<meta property=\"og:locale\" content=\"fr_FR\" \/>\n<meta property=\"og:type\" content=\"article\" \/>\n<meta property=\"og:title\" content=\"Joignez vous \u00e0 une Section - LEAF\" \/>\n<meta property=\"og:description\" content=\"LES SECTIONS DU FAEJ Les sections du FAEJ g\u00e8rent des programmes d&rsquo;\u00e9ducation publique pour les jeunes, organisent des \u00e9v\u00e9nements sur l&rsquo;\u00e9galit\u00e9 des genres dans leurs communaut\u00e9s et s&rsquo;engagent dans des initiatives de r\u00e9forme du droit au niveau local. Les sections sont, en grande partie, g\u00e9r\u00e9es par des b\u00e9n\u00e9voles et sont toujours heureuses d&rsquo;accueillir de nouveaux [&hellip;]\" \/>\n<meta property=\"og:url\" content=\"https:\/\/www.leaf.ca\/fr\/join-a-branch\/\" \/>\n<meta property=\"og:site_name\" content=\"LEAF\" \/>\n<meta property=\"article:modified_time\" content=\"2024-12-11T15:26:00+00:00\" \/>\n<meta property=\"og:image\" content=\"https:\/\/www.leaf.ca\/wp-content\/uploads\/2020\/09\/iStock-1241693573.png\" \/>\n\t<meta property=\"og:image:width\" content=\"2500\" \/>\n\t<meta property=\"og:image:height\" content=\"1458\" \/>\n\t<meta property=\"og:image:type\" content=\"image\/png\" \/>\n<meta name=\"twitter:card\" content=\"summary_large_image\" \/>\n<meta name=\"twitter:label1\" content=\"Dur\u00e9e de lecture estim\u00e9e\" \/>\n\t<meta name=\"twitter:data1\" content=\"2 minutes\" \/>\n<script type=\"application\/ld+json\" class=\"yoast-schema-graph\">{\"@context\":\"https:\/\/schema.org\",\"@graph\":[{\"@type\":\"WebPage\",\"@id\":\"https:\/\/www.leaf.ca\/fr\/join-a-branch\/\",\"url\":\"https:\/\/www.leaf.ca\/fr\/join-a-branch\/\",\"name\":\"Joignez vous \u00e0 une Section - LEAF\",\"isPartOf\":{\"@id\":\"https:\/\/www.leaf.ca\/fr\/#website\"},\"primaryImageOfPage\":{\"@id\":\"https:\/\/www.leaf.ca\/fr\/join-a-branch\/#primaryimage\"},\"image\":{\"@id\":\"https:\/\/www.leaf.ca\/fr\/join-a-branch\/#primaryimage\"},\"thumbnailUrl\":\"https:\/\/www.leaf.ca\/wp-content\/uploads\/2025\/05\/Join-a-Branch_LEAF-1.png\",\"datePublished\":\"2020-10-07T18:35:26+00:00\",\"dateModified\":\"2024-12-11T15:26:00+00:00\",\"breadcrumb\":{\"@id\":\"https:\/\/www.leaf.ca\/fr\/join-a-branch\/#breadcrumb\"},\"inLanguage\":\"fr-FR\",\"potentialAction\":[{\"@type\":\"ReadAction\",\"target\":[\"https:\/\/www.leaf.ca\/fr\/join-a-branch\/\"]}]},{\"@type\":\"ImageObject\",\"inLanguage\":\"fr-FR\",\"@id\":\"https:\/\/www.leaf.ca\/fr\/join-a-branch\/#primaryimage\",\"url\":\"https:\/\/www.leaf.ca\/wp-content\/uploads\/2025\/05\/Join-a-Branch_LEAF-1.png\",\"contentUrl\":\"https:\/\/www.leaf.ca\/wp-content\/uploads\/2025\/05\/Join-a-Branch_LEAF-1.png\",\"width\":2560,\"height\":1600},{\"@type\":\"BreadcrumbList\",\"@id\":\"https:\/\/www.leaf.ca\/fr\/join-a-branch\/#breadcrumb\",\"itemListElement\":[{\"@type\":\"ListItem\",\"position\":1,\"name\":\"Home\",\"item\":\"https:\/\/www.leaf.ca\/fr\/\"},{\"@type\":\"ListItem\",\"position\":2,\"name\":\"Joignez vous \u00e0 une Section\"}]},{\"@type\":\"WebSite\",\"@id\":\"https:\/\/www.leaf.ca\/fr\/#website\",\"url\":\"https:\/\/www.leaf.ca\/fr\/\",\"name\":\"LEAF\",\"description\":\"Women&#039;s Legal Education and Action Fund\",\"publisher\":{\"@id\":\"https:\/\/www.leaf.ca\/fr\/#organization\"},\"potentialAction\":[{\"@type\":\"SearchAction\",\"target\":{\"@type\":\"EntryPoint\",\"urlTemplate\":\"https:\/\/www.leaf.ca\/fr\/?s={search_term_string}\"},\"query-input\":{\"@type\":\"PropertyValueSpecification\",\"valueRequired\":true,\"valueName\":\"search_term_string\"}}],\"inLanguage\":\"fr-FR\"},{\"@type\":\"Organization\",\"@id\":\"https:\/\/www.leaf.ca\/fr\/#organization\",\"name\":\"LEAF\",\"url\":\"https:\/\/www.leaf.ca\/fr\/\",\"logo\":{\"@type\":\"ImageObject\",\"inLanguage\":\"fr-FR\",\"@id\":\"https:\/\/www.leaf.ca\/fr\/#\/schema\/logo\/image\/\",\"url\":\"https:\/\/www.leaf.ca\/wp-content\/uploads\/2020\/09\/LEAF_FAEJ_hz_names_colour_rgb.svg\",\"contentUrl\":\"https:\/\/www.leaf.ca\/wp-content\/uploads\/2020\/09\/LEAF_FAEJ_hz_names_colour_rgb.svg\",\"width\":612,\"height\":110,\"caption\":\"LEAF\"},\"image\":{\"@id\":\"https:\/\/www.leaf.ca\/fr\/#\/schema\/logo\/image\/\"}}]}<\/script>\n<!-- \/ Yoast SEO plugin. -->","yoast_head_json":{"title":"Joignez vous \u00e0 une Section - LEAF","robots":{"index":"index","follow":"follow","max-snippet":"max-snippet:-1","max-image-preview":"max-image-preview:large","max-video-preview":"max-video-preview:-1"},"canonical":"https:\/\/www.leaf.ca\/fr\/join-a-branch\/","og_locale":"fr_FR","og_type":"article","og_title":"Joignez vous \u00e0 une Section - LEAF","og_description":"LES SECTIONS DU FAEJ Les sections du FAEJ g\u00e8rent des programmes d&rsquo;\u00e9ducation publique pour les jeunes, organisent des \u00e9v\u00e9nements sur l&rsquo;\u00e9galit\u00e9 des genres dans leurs communaut\u00e9s et s&rsquo;engagent dans des initiatives de r\u00e9forme du droit au niveau local. Les sections sont, en grande partie, g\u00e9r\u00e9es par des b\u00e9n\u00e9voles et sont toujours heureuses d&rsquo;accueillir de nouveaux [&hellip;]","og_url":"https:\/\/www.leaf.ca\/fr\/join-a-branch\/","og_site_name":"LEAF","article_modified_time":"2024-12-11T15:26:00+00:00","og_image":[{"width":2500,"height":1458,"url":"https:\/\/www.leaf.ca\/wp-content\/uploads\/2020\/09\/iStock-1241693573.png","type":"image\/png"}],"twitter_card":"summary_large_image","twitter_misc":{"Dur\u00e9e de lecture estim\u00e9e":"2 minutes"},"schema":{"@context":"https:\/\/schema.org","@graph":[{"@type":"WebPage","@id":"https:\/\/www.leaf.ca\/fr\/join-a-branch\/","url":"https:\/\/www.leaf.ca\/fr\/join-a-branch\/","name":"Joignez vous \u00e0 une Section - LEAF","isPartOf":{"@id":"https:\/\/www.leaf.ca\/fr\/#website"},"primaryImageOfPage":{"@id":"https:\/\/www.leaf.ca\/fr\/join-a-branch\/#primaryimage"},"image":{"@id":"https:\/\/www.leaf.ca\/fr\/join-a-branch\/#primaryimage"},"thumbnailUrl":"https:\/\/www.leaf.ca\/wp-content\/uploads\/2025\/05\/Join-a-Branch_LEAF-1.png","datePublished":"2020-10-07T18:35:26+00:00","dateModified":"2024-12-11T15:26:00+00:00","breadcrumb":{"@id":"https:\/\/www.leaf.ca\/fr\/join-a-branch\/#breadcrumb"},"inLanguage":"fr-FR","potentialAction":[{"@type":"ReadAction","target":["https:\/\/www.leaf.ca\/fr\/join-a-branch\/"]}]},{"@type":"ImageObject","inLanguage":"fr-FR","@id":"https:\/\/www.leaf.ca\/fr\/join-a-branch\/#primaryimage","url":"https:\/\/www.leaf.ca\/wp-content\/uploads\/2025\/05\/Join-a-Branch_LEAF-1.png","contentUrl":"https:\/\/www.leaf.ca\/wp-content\/uploads\/2025\/05\/Join-a-Branch_LEAF-1.png","width":2560,"height":1600},{"@type":"BreadcrumbList","@id":"https:\/\/www.leaf.ca\/fr\/join-a-branch\/#breadcrumb","itemListElement":[{"@type":"ListItem","position":1,"name":"Home","item":"https:\/\/www.leaf.ca\/fr\/"},{"@type":"ListItem","position":2,"name":"Joignez vous \u00e0 une Section"}]},{"@type":"WebSite","@id":"https:\/\/www.leaf.ca\/fr\/#website","url":"https:\/\/www.leaf.ca\/fr\/","name":"LEAF","description":"Women&#039;s Legal Education and Action Fund","publisher":{"@id":"https:\/\/www.leaf.ca\/fr\/#organization"},"potentialAction":[{"@type":"SearchAction","target":{"@type":"EntryPoint","urlTemplate":"https:\/\/www.leaf.ca\/fr\/?s={search_term_string}"},"query-input":{"@type":"PropertyValueSpecification","valueRequired":true,"valueName":"search_term_string"}}],"inLanguage":"fr-FR"},{"@type":"Organization","@id":"https:\/\/www.leaf.ca\/fr\/#organization","name":"LEAF","url":"https:\/\/www.leaf.ca\/fr\/","logo":{"@type":"ImageObject","inLanguage":"fr-FR","@id":"https:\/\/www.leaf.ca\/fr\/#\/schema\/logo\/image\/","url":"https:\/\/www.leaf.ca\/wp-content\/uploads\/2020\/09\/LEAF_FAEJ_hz_names_colour_rgb.svg","contentUrl":"https:\/\/www.leaf.ca\/wp-content\/uploads\/2020\/09\/LEAF_FAEJ_hz_names_colour_rgb.svg","width":612,"height":110,"caption":"LEAF"},"image":{"@id":"https:\/\/www.leaf.ca\/fr\/#\/schema\/logo\/image\/"}}]}},"_links":{"self":[{"href":"https:\/\/www.leaf.ca\/fr\/wp-json\/wp\/v2\/pages\/19165","targetHints":{"allow":["GET"]}}],"collection":[{"href":"https:\/\/www.leaf.ca\/fr\/wp-json\/wp\/v2\/pages"}],"about":[{"href":"https:\/\/www.leaf.ca\/fr\/wp-json\/wp\/v2\/types\/page"}],"author":[{"embeddable":true,"href":"https:\/\/www.leaf.ca\/fr\/wp-json\/wp\/v2\/users\/101025"}],"replies":[{"embeddable":true,"href":"https:\/\/www.leaf.ca\/fr\/wp-json\/wp\/v2\/comments?post=19165"}],"version-history":[{"count":3,"href":"https:\/\/www.leaf.ca\/fr\/wp-json\/wp\/v2\/pages\/19165\/revisions"}],"predecessor-version":[{"id":19534,"href":"https:\/\/www.leaf.ca\/fr\/wp-json\/wp\/v2\/pages\/19165\/revisions\/19534"}],"wp:featuredmedia":[{"embeddable":true,"href":"https:\/\/www.leaf.ca\/fr\/wp-json\/wp\/v2\/media\/25462"}],"wp:attachment":[{"href":"https:\/\/www.leaf.ca\/fr\/wp-json\/wp\/v2\/media?parent=19165"}],"curies":[{"name":"wp","href":"https:\/\/api.w.org\/{rel}","templated":true}]}}