{"id":19170,"date":"2020-10-01T17:45:28","date_gmt":"2020-10-01T21:45:28","guid":{"rendered":"https:\/\/www.leaf.ca\/law-program-committee\/"},"modified":"2021-08-17T14:49:51","modified_gmt":"2021-08-17T18:49:51","slug":"law-program-committee","status":"publish","type":"page","link":"https:\/\/www.leaf.ca\/fr\/law-program-committee\/","title":{"rendered":"Comit\u00e9 du programme de droit"},"content":{"rendered":"\n<p>Tout le travail du FAEJ est inform\u00e9 par des processus consultatifs. Le comit\u00e9 du programme juridique du FAEJ conseille et fait des recommandations concernant les litiges engag\u00e9s par le FAEJ. Il conseille et fait \u00e9galement des recommandations concernant les projets de r\u00e9forme du droit et de politique du FAEJ.<\/p>\n\n\n\n<p>Rencontrez les membres actuels du Comit\u00e9 du programme de droit du FAEJ&nbsp;:<\/p>\n","protected":false},"excerpt":{"rendered":"<p>Tout le travail du FAEJ est inform\u00e9 par des processus consultatifs. Le comit\u00e9 du programme juridique du FAEJ conseille et fait des recommandations concernant les litiges engag\u00e9s par le FAEJ. Il conseille et fait \u00e9galement des recommandations concernant les projets de r\u00e9forme du droit et de politique du FAEJ. Rencontrez les membres actuels du Comit\u00e9 [&hellip;]<\/p>\n","protected":false},"author":101024,"featured_media":0,"parent":0,"menu_order":0,"comment_status":"closed","ping_status":"closed","template":"","meta":{"_acf_changed":false,"footnotes":""},"class_list":["post-19170","page","type-page","status-publish","hentry"],"acf":[],"yoast_head":"<!-- This site is optimized with the Yoast SEO plugin v27.1.1 - https:\/\/yoast.com\/product\/yoast-seo-wordpress\/ -->\n<title>Comit\u00e9 du programme de droit - LEAF<\/title>\n<meta name=\"robots\" content=\"index, follow, max-snippet:-1, max-image-preview:large, max-video-preview:-1\" \/>\n<link rel=\"canonical\" href=\"https:\/\/www.leaf.ca\/fr\/law-program-committee\/\" \/>\n<meta property=\"og:locale\" content=\"fr_FR\" \/>\n<meta property=\"og:type\" content=\"article\" \/>\n<meta property=\"og:title\" content=\"Comit\u00e9 du programme de droit - LEAF\" \/>\n<meta property=\"og:description\" content=\"Tout le travail du FAEJ est inform\u00e9 par des processus consultatifs. Le comit\u00e9 du programme juridique du FAEJ conseille et fait des recommandations concernant les litiges engag\u00e9s par le FAEJ. Il conseille et fait \u00e9galement des recommandations concernant les projets de r\u00e9forme du droit et de politique du FAEJ. Rencontrez les membres actuels du Comit\u00e9 [&hellip;]\" \/>\n<meta property=\"og:url\" content=\"https:\/\/www.leaf.ca\/fr\/law-program-committee\/\" \/>\n<meta property=\"og:site_name\" content=\"LEAF\" \/>\n<meta property=\"article:modified_time\" content=\"2021-08-17T18:49:51+00:00\" \/>\n<meta name=\"twitter:card\" content=\"summary_large_image\" \/>\n<meta name=\"twitter:label1\" content=\"Dur\u00e9e de lecture estim\u00e9e\" \/>\n\t<meta name=\"twitter:data1\" content=\"1 minute\" \/>\n<script type=\"application\/ld+json\" class=\"yoast-schema-graph\">{\"@context\":\"https:\/\/schema.org\",\"@graph\":[{\"@type\":\"WebPage\",\"@id\":\"https:\/\/www.leaf.ca\/fr\/law-program-committee\/\",\"url\":\"https:\/\/www.leaf.ca\/fr\/law-program-committee\/\",\"name\":\"Comit\u00e9 du programme de droit - LEAF\",\"isPartOf\":{\"@id\":\"https:\/\/www.leaf.ca\/fr\/#website\"},\"datePublished\":\"2020-10-01T21:45:28+00:00\",\"dateModified\":\"2021-08-17T18:49:51+00:00\",\"breadcrumb\":{\"@id\":\"https:\/\/www.leaf.ca\/fr\/law-program-committee\/#breadcrumb\"},\"inLanguage\":\"fr-FR\",\"potentialAction\":[{\"@type\":\"ReadAction\",\"target\":[\"https:\/\/www.leaf.ca\/fr\/law-program-committee\/\"]}]},{\"@type\":\"BreadcrumbList\",\"@id\":\"https:\/\/www.leaf.ca\/fr\/law-program-committee\/#breadcrumb\",\"itemListElement\":[{\"@type\":\"ListItem\",\"position\":1,\"name\":\"Home\",\"item\":\"https:\/\/www.leaf.ca\/fr\/\"},{\"@type\":\"ListItem\",\"position\":2,\"name\":\"Comit\u00e9 du programme de droit\"}]},{\"@type\":\"WebSite\",\"@id\":\"https:\/\/www.leaf.ca\/fr\/#website\",\"url\":\"https:\/\/www.leaf.ca\/fr\/\",\"name\":\"LEAF\",\"description\":\"Women&#039;s Legal Education and Action Fund\",\"publisher\":{\"@id\":\"https:\/\/www.leaf.ca\/fr\/#organization\"},\"potentialAction\":[{\"@type\":\"SearchAction\",\"target\":{\"@type\":\"EntryPoint\",\"urlTemplate\":\"https:\/\/www.leaf.ca\/fr\/?s={search_term_string}\"},\"query-input\":{\"@type\":\"PropertyValueSpecification\",\"valueRequired\":true,\"valueName\":\"search_term_string\"}}],\"inLanguage\":\"fr-FR\"},{\"@type\":\"Organization\",\"@id\":\"https:\/\/www.leaf.ca\/fr\/#organization\",\"name\":\"LEAF\",\"url\":\"https:\/\/www.leaf.ca\/fr\/\",\"logo\":{\"@type\":\"ImageObject\",\"inLanguage\":\"fr-FR\",\"@id\":\"https:\/\/www.leaf.ca\/fr\/#\/schema\/logo\/image\/\",\"url\":\"https:\/\/www.leaf.ca\/wp-content\/uploads\/2020\/09\/LEAF_FAEJ_hz_names_colour_rgb.svg\",\"contentUrl\":\"https:\/\/www.leaf.ca\/wp-content\/uploads\/2020\/09\/LEAF_FAEJ_hz_names_colour_rgb.svg\",\"width\":612,\"height\":110,\"caption\":\"LEAF\"},\"image\":{\"@id\":\"https:\/\/www.leaf.ca\/fr\/#\/schema\/logo\/image\/\"}}]}<\/script>\n<!-- \/ Yoast SEO plugin. -->","yoast_head_json":{"title":"Comit\u00e9 du programme de droit - LEAF","robots":{"index":"index","follow":"follow","max-snippet":"max-snippet:-1","max-image-preview":"max-image-preview:large","max-video-preview":"max-video-preview:-1"},"canonical":"https:\/\/www.leaf.ca\/fr\/law-program-committee\/","og_locale":"fr_FR","og_type":"article","og_title":"Comit\u00e9 du programme de droit - LEAF","og_description":"Tout le travail du FAEJ est inform\u00e9 par des processus consultatifs. Le comit\u00e9 du programme juridique du FAEJ conseille et fait des recommandations concernant les litiges engag\u00e9s par le FAEJ. Il conseille et fait \u00e9galement des recommandations concernant les projets de r\u00e9forme du droit et de politique du FAEJ. Rencontrez les membres actuels du Comit\u00e9 [&hellip;]","og_url":"https:\/\/www.leaf.ca\/fr\/law-program-committee\/","og_site_name":"LEAF","article_modified_time":"2021-08-17T18:49:51+00:00","twitter_card":"summary_large_image","twitter_misc":{"Dur\u00e9e de lecture estim\u00e9e":"1 minute"},"schema":{"@context":"https:\/\/schema.org","@graph":[{"@type":"WebPage","@id":"https:\/\/www.leaf.ca\/fr\/law-program-committee\/","url":"https:\/\/www.leaf.ca\/fr\/law-program-committee\/","name":"Comit\u00e9 du programme de droit - LEAF","isPartOf":{"@id":"https:\/\/www.leaf.ca\/fr\/#website"},"datePublished":"2020-10-01T21:45:28+00:00","dateModified":"2021-08-17T18:49:51+00:00","breadcrumb":{"@id":"https:\/\/www.leaf.ca\/fr\/law-program-committee\/#breadcrumb"},"inLanguage":"fr-FR","potentialAction":[{"@type":"ReadAction","target":["https:\/\/www.leaf.ca\/fr\/law-program-committee\/"]}]},{"@type":"BreadcrumbList","@id":"https:\/\/www.leaf.ca\/fr\/law-program-committee\/#breadcrumb","itemListElement":[{"@type":"ListItem","position":1,"name":"Home","item":"https:\/\/www.leaf.ca\/fr\/"},{"@type":"ListItem","position":2,"name":"Comit\u00e9 du programme de droit"}]},{"@type":"WebSite","@id":"https:\/\/www.leaf.ca\/fr\/#website","url":"https:\/\/www.leaf.ca\/fr\/","name":"LEAF","description":"Women&#039;s Legal Education and Action Fund","publisher":{"@id":"https:\/\/www.leaf.ca\/fr\/#organization"},"potentialAction":[{"@type":"SearchAction","target":{"@type":"EntryPoint","urlTemplate":"https:\/\/www.leaf.ca\/fr\/?s={search_term_string}"},"query-input":{"@type":"PropertyValueSpecification","valueRequired":true,"valueName":"search_term_string"}}],"inLanguage":"fr-FR"},{"@type":"Organization","@id":"https:\/\/www.leaf.ca\/fr\/#organization","name":"LEAF","url":"https:\/\/www.leaf.ca\/fr\/","logo":{"@type":"ImageObject","inLanguage":"fr-FR","@id":"https:\/\/www.leaf.ca\/fr\/#\/schema\/logo\/image\/","url":"https:\/\/www.leaf.ca\/wp-content\/uploads\/2020\/09\/LEAF_FAEJ_hz_names_colour_rgb.svg","contentUrl":"https:\/\/www.leaf.ca\/wp-content\/uploads\/2020\/09\/LEAF_FAEJ_hz_names_colour_rgb.svg","width":612,"height":110,"caption":"LEAF"},"image":{"@id":"https:\/\/www.leaf.ca\/fr\/#\/schema\/logo\/image\/"}}]}},"_links":{"self":[{"href":"https:\/\/www.leaf.ca\/fr\/wp-json\/wp\/v2\/pages\/19170","targetHints":{"allow":["GET"]}}],"collection":[{"href":"https:\/\/www.leaf.ca\/fr\/wp-json\/wp\/v2\/pages"}],"about":[{"href":"https:\/\/www.leaf.ca\/fr\/wp-json\/wp\/v2\/types\/page"}],"author":[{"embeddable":true,"href":"https:\/\/www.leaf.ca\/fr\/wp-json\/wp\/v2\/users\/101024"}],"replies":[{"embeddable":true,"href":"https:\/\/www.leaf.ca\/fr\/wp-json\/wp\/v2\/comments?post=19170"}],"version-history":[{"count":4,"href":"https:\/\/www.leaf.ca\/fr\/wp-json\/wp\/v2\/pages\/19170\/revisions"}],"predecessor-version":[{"id":19657,"href":"https:\/\/www.leaf.ca\/fr\/wp-json\/wp\/v2\/pages\/19170\/revisions\/19657"}],"wp:attachment":[{"href":"https:\/\/www.leaf.ca\/fr\/wp-json\/wp\/v2\/media?parent=19170"}],"curies":[{"name":"wp","href":"https:\/\/api.w.org\/{rel}","templated":true}]}}