{"id":25830,"date":"2026-01-28T09:00:10","date_gmt":"2026-01-28T14:00:10","guid":{"rendered":"https:\/\/www.leaf.ca\/?page_id=25830"},"modified":"2026-01-28T09:58:30","modified_gmt":"2026-01-28T14:58:30","slug":"fin-du-cours","status":"publish","type":"page","link":"https:\/\/www.leaf.ca\/fr\/fin-du-cours\/","title":{"rendered":"Fin du cours\u00a0"},"content":{"rendered":"\t\t<div data-elementor-type=\"wp-page\" data-elementor-id=\"25830\" class=\"elementor elementor-25830 elementor-25626\" data-elementor-post-type=\"page\">\n\t\t\t\t<div class=\"has_ae_slider elementor-element elementor-element-7eb1ff7 e-flex e-con-boxed ae-bg-gallery-type-default e-con e-parent\" data-id=\"7eb1ff7\" data-element_type=\"container\" data-e-type=\"container\">\n\t\t\t\t\t<div class=\"e-con-inner\">\n\t\t\t\t<div class=\"elementor-element elementor-element-5740b2c elementor-widget elementor-widget-text-editor\" data-id=\"5740b2c\" data-element_type=\"widget\" data-e-type=\"widget\" data-widget_type=\"text-editor.default\">\n\t\t\t\t<div class=\"elementor-widget-container\">\n\t\t\t\t\t\t\t\t\t<p><span class=\"TextRun SCXW146185952 BCX0\" lang=\"FR-CA\" xml:lang=\"FR-CA\" data-contrast=\"auto\"><span class=\"NormalTextRun SCXW146185952 BCX0\">F\u00e9licitations! Vous avez termin\u00e9 <\/span><\/span><a href=\"https:\/\/www.leaf.ca\/fr\/education\/en-cour-pour-le-changement\/\"><span class=\"TextRun SCXW146185952 BCX0\" lang=\"FR-CA\" xml:lang=\"FR-CA\" data-contrast=\"auto\"><span class=\"NormalTextRun SCXW146185952 BCX0\">En <\/span><span class=\"NormalTextRun ContextualSpellingAndGrammarErrorV2Themed SCXW146185952 BCX0\">cour<\/span><span class=\"NormalTextRun SCXW146185952 BCX0\"> pour le changement<\/span><\/span><\/a><span class=\"TextRun SCXW146185952 BCX0\" lang=\"FR-CA\" xml:lang=\"FR-CA\" data-contrast=\"auto\"><span class=\"NormalTextRun SCXW146185952 BCX0\">, le cours du FAEJ sur le contentieux strat\u00e9gique f\u00e9ministe (CSF). Nous esp\u00e9rons que vous avez maintenant une meilleure compr\u00e9hension des mani\u00e8res de susciter des changements syst\u00e9miques par le biais des tribunaux. Si vous avez des questions ou des commentaires, <a href=\"mailto:info@leaf.ca\">communiquez avec nous<\/a>.<\/span><\/span><span class=\"EOP SCXW146185952 BCX0\" data-ccp-props=\"{&quot;201341983&quot;:0,&quot;335559739&quot;:0,&quot;335559740&quot;:278}\">\u00a0<\/span><\/p>\n<p><span data-contrast=\"auto\">Pour rester inform\u00e9\u00b7e du travail du FAEJ, y compris ses occasions \u00e9ducatives \u00e0 venir, abonnez-vous \u00e0 notre <\/span><a href=\"https:\/\/www.leaf.ca\/fr\/newsletter\/\"><span data-contrast=\"none\">bulletin d\u2019information<\/span><\/a><span data-contrast=\"auto\">.<\/span>\u00a0<\/p>\t\t\t\t\t\t\t\t<\/div>\n\t\t\t\t<\/div>\n\t\t\t\t\t<\/div>\n\t\t\t\t<\/div>\n\t\t<div class=\"has_ae_slider elementor-element elementor-element-eb76d51 e-flex e-con-boxed ae-bg-gallery-type-default e-con e-parent\" data-id=\"eb76d51\" data-element_type=\"container\" data-e-type=\"container\">\n\t\t\t\t\t<div class=\"e-con-inner\">\n\t\t\t\t<div class=\"elementor-element elementor-element-7e402b9 elementor-widget elementor-widget-text-editor\" data-id=\"7e402b9\" data-element_type=\"widget\" data-e-type=\"widget\" data-widget_type=\"text-editor.default\">\n\t\t\t\t<div class=\"elementor-widget-container\">\n\t\t\t\t\t\t\t\t\t<p><span data-contrast=\"auto\">Le Fonds d\u2019action et d\u2019\u00e9ducation juridique pour les femmes (FAEJ) a d\u00e9velopp\u00e9 ce cours dans le cadre de son <\/span><a href=\"https:\/\/www.leaf.ca\/fr\/project\/strengthening-community-capacity-project\/\"><span data-contrast=\"none\">Projet de renforcement de la capacit\u00e9 communautaire<\/span><\/a><span data-contrast=\"auto\">. Le FAEJ remercie Femmes et \u00c9galit\u00e9 des genres Canada pour son soutien.<\/span><\/p>\t\t\t\t\t\t\t\t<\/div>\n\t\t\t\t<\/div>\n\t\t\t\t\t<\/div>\n\t\t\t\t<\/div>\n\t\t\t\t<\/div>\n\t\t","protected":false},"excerpt":{"rendered":"<p>F\u00e9licitations! Vous avez termin\u00e9 En cour pour le changement, le cours du FAEJ sur le contentieux strat\u00e9gique f\u00e9ministe (CSF). Nous esp\u00e9rons que vous avez maintenant une meilleure compr\u00e9hension des mani\u00e8res de susciter des changements syst\u00e9miques par le biais des tribunaux. Si vous avez des questions ou des commentaires, communiquez avec nous.\u00a0 Pour rester inform\u00e9\u00b7e du [&hellip;]<\/p>\n","protected":false},"author":101031,"featured_media":0,"parent":0,"menu_order":0,"comment_status":"closed","ping_status":"closed","template":"","meta":{"_acf_changed":false,"footnotes":""},"class_list":["post-25830","page","type-page","status-publish","hentry"],"acf":[],"yoast_head":"<!-- This site is optimized with the Yoast SEO plugin v27.4 - https:\/\/yoast.com\/product\/yoast-seo-wordpress\/ -->\n<title>Fin du cours\u00a0 - LEAF<\/title>\n<meta name=\"robots\" content=\"index, follow, max-snippet:-1, max-image-preview:large, max-video-preview:-1\" \/>\n<link rel=\"canonical\" href=\"https:\/\/www.leaf.ca\/fr\/fin-du-cours\/\" \/>\n<meta property=\"og:locale\" content=\"fr_FR\" \/>\n<meta property=\"og:type\" content=\"article\" \/>\n<meta property=\"og:title\" content=\"Fin du cours\u00a0 - LEAF\" \/>\n<meta property=\"og:description\" content=\"F\u00e9licitations! Vous avez termin\u00e9 En cour pour le changement, le cours du FAEJ sur le contentieux strat\u00e9gique f\u00e9ministe (CSF). Nous esp\u00e9rons que vous avez maintenant une meilleure compr\u00e9hension des mani\u00e8res de susciter des changements syst\u00e9miques par le biais des tribunaux. Si vous avez des questions ou des commentaires, communiquez avec nous.\u00a0 Pour rester inform\u00e9\u00b7e du [&hellip;]\" \/>\n<meta property=\"og:url\" content=\"https:\/\/www.leaf.ca\/fr\/fin-du-cours\/\" \/>\n<meta property=\"og:site_name\" content=\"LEAF\" \/>\n<meta property=\"article:modified_time\" content=\"2026-01-28T14:58:30+00:00\" \/>\n<meta name=\"twitter:card\" content=\"summary_large_image\" \/>\n<meta name=\"twitter:label1\" content=\"Dur\u00e9e de lecture estim\u00e9e\" \/>\n\t<meta name=\"twitter:data1\" content=\"1 minute\" \/>\n<script type=\"application\/ld+json\" class=\"yoast-schema-graph\">{\"@context\":\"https:\\\/\\\/schema.org\",\"@graph\":[{\"@type\":\"WebPage\",\"@id\":\"https:\\\/\\\/www.leaf.ca\\\/fr\\\/fin-du-cours\\\/\",\"url\":\"https:\\\/\\\/www.leaf.ca\\\/fr\\\/fin-du-cours\\\/\",\"name\":\"Fin du cours\u00a0 - LEAF\",\"isPartOf\":{\"@id\":\"https:\\\/\\\/www.leaf.ca\\\/fr\\\/#website\"},\"datePublished\":\"2026-01-28T14:00:10+00:00\",\"dateModified\":\"2026-01-28T14:58:30+00:00\",\"breadcrumb\":{\"@id\":\"https:\\\/\\\/www.leaf.ca\\\/fr\\\/fin-du-cours\\\/#breadcrumb\"},\"inLanguage\":\"fr-FR\",\"potentialAction\":[{\"@type\":\"ReadAction\",\"target\":[\"https:\\\/\\\/www.leaf.ca\\\/fr\\\/fin-du-cours\\\/\"]}]},{\"@type\":\"BreadcrumbList\",\"@id\":\"https:\\\/\\\/www.leaf.ca\\\/fr\\\/fin-du-cours\\\/#breadcrumb\",\"itemListElement\":[{\"@type\":\"ListItem\",\"position\":1,\"name\":\"Home\",\"item\":\"https:\\\/\\\/www.leaf.ca\\\/fr\\\/\"},{\"@type\":\"ListItem\",\"position\":2,\"name\":\"Fin du cours\u00a0\"}]},{\"@type\":\"WebSite\",\"@id\":\"https:\\\/\\\/www.leaf.ca\\\/fr\\\/#website\",\"url\":\"https:\\\/\\\/www.leaf.ca\\\/fr\\\/\",\"name\":\"LEAF\",\"description\":\"Women&#039;s Legal Education and Action Fund\",\"publisher\":{\"@id\":\"https:\\\/\\\/www.leaf.ca\\\/fr\\\/#organization\"},\"potentialAction\":[{\"@type\":\"SearchAction\",\"target\":{\"@type\":\"EntryPoint\",\"urlTemplate\":\"https:\\\/\\\/www.leaf.ca\\\/fr\\\/?s={search_term_string}\"},\"query-input\":{\"@type\":\"PropertyValueSpecification\",\"valueRequired\":true,\"valueName\":\"search_term_string\"}}],\"inLanguage\":\"fr-FR\"},{\"@type\":\"Organization\",\"@id\":\"https:\\\/\\\/www.leaf.ca\\\/fr\\\/#organization\",\"name\":\"LEAF\",\"url\":\"https:\\\/\\\/www.leaf.ca\\\/fr\\\/\",\"logo\":{\"@type\":\"ImageObject\",\"inLanguage\":\"fr-FR\",\"@id\":\"https:\\\/\\\/www.leaf.ca\\\/fr\\\/#\\\/schema\\\/logo\\\/image\\\/\",\"url\":\"https:\\\/\\\/www.leaf.ca\\\/wp-content\\\/uploads\\\/2020\\\/09\\\/LEAF_FAEJ_hz_names_colour_rgb.svg\",\"contentUrl\":\"https:\\\/\\\/www.leaf.ca\\\/wp-content\\\/uploads\\\/2020\\\/09\\\/LEAF_FAEJ_hz_names_colour_rgb.svg\",\"width\":612,\"height\":110,\"caption\":\"LEAF\"},\"image\":{\"@id\":\"https:\\\/\\\/www.leaf.ca\\\/fr\\\/#\\\/schema\\\/logo\\\/image\\\/\"}}]}<\/script>\n<!-- \/ Yoast SEO plugin. -->","yoast_head_json":{"title":"Fin du cours\u00a0 - LEAF","robots":{"index":"index","follow":"follow","max-snippet":"max-snippet:-1","max-image-preview":"max-image-preview:large","max-video-preview":"max-video-preview:-1"},"canonical":"https:\/\/www.leaf.ca\/fr\/fin-du-cours\/","og_locale":"fr_FR","og_type":"article","og_title":"Fin du cours\u00a0 - LEAF","og_description":"F\u00e9licitations! Vous avez termin\u00e9 En cour pour le changement, le cours du FAEJ sur le contentieux strat\u00e9gique f\u00e9ministe (CSF). Nous esp\u00e9rons que vous avez maintenant une meilleure compr\u00e9hension des mani\u00e8res de susciter des changements syst\u00e9miques par le biais des tribunaux. Si vous avez des questions ou des commentaires, communiquez avec nous.\u00a0 Pour rester inform\u00e9\u00b7e du [&hellip;]","og_url":"https:\/\/www.leaf.ca\/fr\/fin-du-cours\/","og_site_name":"LEAF","article_modified_time":"2026-01-28T14:58:30+00:00","twitter_card":"summary_large_image","twitter_misc":{"Dur\u00e9e de lecture estim\u00e9e":"1 minute"},"schema":{"@context":"https:\/\/schema.org","@graph":[{"@type":"WebPage","@id":"https:\/\/www.leaf.ca\/fr\/fin-du-cours\/","url":"https:\/\/www.leaf.ca\/fr\/fin-du-cours\/","name":"Fin du cours\u00a0 - LEAF","isPartOf":{"@id":"https:\/\/www.leaf.ca\/fr\/#website"},"datePublished":"2026-01-28T14:00:10+00:00","dateModified":"2026-01-28T14:58:30+00:00","breadcrumb":{"@id":"https:\/\/www.leaf.ca\/fr\/fin-du-cours\/#breadcrumb"},"inLanguage":"fr-FR","potentialAction":[{"@type":"ReadAction","target":["https:\/\/www.leaf.ca\/fr\/fin-du-cours\/"]}]},{"@type":"BreadcrumbList","@id":"https:\/\/www.leaf.ca\/fr\/fin-du-cours\/#breadcrumb","itemListElement":[{"@type":"ListItem","position":1,"name":"Home","item":"https:\/\/www.leaf.ca\/fr\/"},{"@type":"ListItem","position":2,"name":"Fin du cours\u00a0"}]},{"@type":"WebSite","@id":"https:\/\/www.leaf.ca\/fr\/#website","url":"https:\/\/www.leaf.ca\/fr\/","name":"LEAF","description":"Women&#039;s Legal Education and Action Fund","publisher":{"@id":"https:\/\/www.leaf.ca\/fr\/#organization"},"potentialAction":[{"@type":"SearchAction","target":{"@type":"EntryPoint","urlTemplate":"https:\/\/www.leaf.ca\/fr\/?s={search_term_string}"},"query-input":{"@type":"PropertyValueSpecification","valueRequired":true,"valueName":"search_term_string"}}],"inLanguage":"fr-FR"},{"@type":"Organization","@id":"https:\/\/www.leaf.ca\/fr\/#organization","name":"LEAF","url":"https:\/\/www.leaf.ca\/fr\/","logo":{"@type":"ImageObject","inLanguage":"fr-FR","@id":"https:\/\/www.leaf.ca\/fr\/#\/schema\/logo\/image\/","url":"https:\/\/www.leaf.ca\/wp-content\/uploads\/2020\/09\/LEAF_FAEJ_hz_names_colour_rgb.svg","contentUrl":"https:\/\/www.leaf.ca\/wp-content\/uploads\/2020\/09\/LEAF_FAEJ_hz_names_colour_rgb.svg","width":612,"height":110,"caption":"LEAF"},"image":{"@id":"https:\/\/www.leaf.ca\/fr\/#\/schema\/logo\/image\/"}}]}},"_links":{"self":[{"href":"https:\/\/www.leaf.ca\/fr\/wp-json\/wp\/v2\/pages\/25830","targetHints":{"allow":["GET"]}}],"collection":[{"href":"https:\/\/www.leaf.ca\/fr\/wp-json\/wp\/v2\/pages"}],"about":[{"href":"https:\/\/www.leaf.ca\/fr\/wp-json\/wp\/v2\/types\/page"}],"author":[{"embeddable":true,"href":"https:\/\/www.leaf.ca\/fr\/wp-json\/wp\/v2\/users\/101031"}],"replies":[{"embeddable":true,"href":"https:\/\/www.leaf.ca\/fr\/wp-json\/wp\/v2\/comments?post=25830"}],"version-history":[{"count":22,"href":"https:\/\/www.leaf.ca\/fr\/wp-json\/wp\/v2\/pages\/25830\/revisions"}],"predecessor-version":[{"id":26585,"href":"https:\/\/www.leaf.ca\/fr\/wp-json\/wp\/v2\/pages\/25830\/revisions\/26585"}],"wp:attachment":[{"href":"https:\/\/www.leaf.ca\/fr\/wp-json\/wp\/v2\/media?parent=25830"}],"curies":[{"name":"wp","href":"https:\/\/api.w.org\/{rel}","templated":true}]}}